{"id":1619,"date":"2024-06-29T01:06:11","date_gmt":"2024-06-29T01:06:11","guid":{"rendered":"https:\/\/touchscreenmfg.com\/manufacturer\/aio-pc-cover-glass\/"},"modified":"2024-06-29T02:32:50","modified_gmt":"2024-06-29T02:32:50","slug":"aio-pc-cover-glass","status":"publish","type":"product","link":"https:\/\/touchscreenmfg.com\/sl\/aio-pc-cover-glass\/","title":{"rendered":"Pokrovno steklo ra\u010dunalnika AIO"},"content":{"rendered":"<h2 class=\"\" data-sourcepos=\"3:1-3:89\">Pokrovno steklo za ra\u010dunalnik AIO: Izbolj\u0161ajte estetiko ra\u010dunalnika AIO z elegantno in stilsko za\u0161\u010dito<\/h2>\n<p data-sourcepos=\"5:1-5:54\">Pokrivno steklo za ra\u010dunalnik AIO, znano tudi kot 3D pokrivno steklo, je vrhunska steklena plo\u0161\u010da, zasnovana za izbolj\u0161anje videza in za\u0161\u010dito ra\u010dunalnika All-in-One (AIO). Ti elegantni stekleni pokrovi ponujajo edinstveno kombinacijo estetske privla\u010dnosti in funkcionalnih prednosti, s \u010dimer va\u0161 ra\u010dunalnik AIO spremenijo v osrednji del va\u0161ega delovnega prostora ali doma\u010de zabavne postavitve.<\/p>\n<p data-sourcepos=\"7:1-7:39\"><strong>Klju\u010dne lastnosti :<\/strong><\/p>\n<ul data-sourcepos=\"9:1-9:9\">\n<li data-sourcepos=\"9:1-9:9\">\n<p data-sourcepos=\"9:3-9:199\"><strong>Elegantna in sodobna zasnova:<\/strong> Steklo za pokrov ra\u010dunalnika AIO ima elegantno in sodobno obliko, ki dopolnjuje minimalisti\u010dno estetiko ra\u010dunalnikov AIO ter va\u0161i konfiguraciji doda pridih elegance in prefinjenosti.<\/p>\n<\/li>\n<li data-sourcepos=\"11:1-12:0\">\n<p data-sourcepos=\"11:3-11:189\"><strong>Izbolj\u0161ana vizualna privla\u010dnost:<\/strong> Prozorno steklo omogo\u010da, da se notranje komponente ra\u010dunalnika AIO prikazujejo skozi, kar ustvarja vizualno osupljiv u\u010dinek, ki prikazuje tehnologijo v njem.<\/p>\n<\/li>\n<li data-sourcepos=\"13:1-13:125\">\n<p data-sourcepos=\"13:3-13:125\"><strong>Oblikovanje robov 3D:<\/strong> \u0160tevilne steklene plo\u0161\u010de za pokrove ra\u010dunalnikov AIO imajo 3D-obliko robov, ki se elegantno zaoblikujejo ob robovih ra\u010dunalnika AIO in zagotavljajo gladek in prefinjen videz.<\/p>\n<\/li>\n<li data-sourcepos=\"15:1-16:0\">\n<p data-sourcepos=\"15:3-15:211\"><strong>Odpornost na praske in udarce:<\/strong> Obi\u010dajno je izdelan iz kaljenega stekla, ki je zelo odporno proti praskam, udarcem in prstnim odtisom, kar zagotavlja dolgotrajno za\u0161\u010dito ra\u010dunalnika AIO.<\/p>\n<\/li>\n<\/ul>\n<p data-sourcepos=\"17:1-17:39\"><strong>Uporaba:<\/strong><\/p>\n<ul data-sourcepos=\"19:1-24:0\">\n<li data-sourcepos=\"19:1-20:0\">\n<p data-sourcepos=\"19:3-19:171\"><strong>Ra\u010dunalniki AIO:<\/strong> Pokrovno steklo za osebne ra\u010dunalnike AIO je posebej zasnovano za osebne ra\u010dunalnike AIO, saj se popolnoma prilega in izbolj\u0161a splo\u0161ni videz teh kompaktnih namiznih ra\u010dunalnikov.<\/p>\n<\/li>\n<li data-sourcepos=\"21:1-22:0\">\n<p data-sourcepos=\"21:3-21:207\"><strong>Doma\u010di zabavi\u0161\u010dni centri:<\/strong> Ra\u010dunalniki AIO se pogosto uporabljajo kot del centrov za doma\u010do zabavo, zato lahko pove\u010dajo estetsko privla\u010dnost teh naprav in postanejo osrednja to\u010dka prostora.<\/p>\n<\/li>\n<li data-sourcepos=\"23:1-24:0\">\n<p data-sourcepos=\"23:3-23:174\"><strong>Delovni prostori:<\/strong> Ra\u010dunalniki AIO postajajo vse bolj priljubljeni tudi v delovnih prostorih, pokrovno steklo za ra\u010dunalnik AIO pa lahko vsakemu pisarni\u0161kemu okolju doda pridih profesionalnosti in sloga.<\/p>\n<\/li>\n<\/ul>","protected":false},"excerpt":{"rendered":"<p>Pokrivno steklo za ra\u010dunalnik AIO je dragocen dodatek za vsak ra\u010dunalnik AIO, saj ponuja kombinacijo estetske izbolj\u0161ave in funkcionalne za\u0161\u010dite. S svojo elegantno obliko, 3D-robovi in lastnostmi, odpornimi na praske, AIO PC Cover Glass spremeni va\u0161 AIO PC v eleganten in za\u0161\u010diten kos.<\/p>","protected":false},"featured_media":1580,"template":"","meta":[],"product_cat":[15],"product_tag":[],"_links":{"self":[{"href":"https:\/\/touchscreenmfg.com\/sl\/wp-json\/wp\/v2\/product\/1619"}],"collection":[{"href":"https:\/\/touchscreenmfg.com\/sl\/wp-json\/wp\/v2\/product"}],"about":[{"href":"https:\/\/touchscreenmfg.com\/sl\/wp-json\/wp\/v2\/types\/product"}],"wp:featuredmedia":[{"embeddable":true,"href":"https:\/\/touchscreenmfg.com\/sl\/wp-json\/wp\/v2\/media\/1580"}],"wp:attachment":[{"href":"https:\/\/touchscreenmfg.com\/sl\/wp-json\/wp\/v2\/media?parent=1619"}],"wp:term":[{"taxonomy":"product_cat","embeddable":true,"href":"https:\/\/touchscreenmfg.com\/sl\/wp-json\/wp\/v2\/product_cat?post=1619"},{"taxonomy":"product_tag","embeddable":true,"href":"https:\/\/touchscreenmfg.com\/sl\/wp-json\/wp\/v2\/product_tag?post=1619"}],"curies":[{"name":"wp","href":"https:\/\/api.w.org\/{rel}","templated":true}]}}