{"id":1618,"date":"2024-06-29T01:06:11","date_gmt":"2024-06-29T01:06:11","guid":{"rendered":"https:\/\/touchscreenmfg.com\/manufacturer\/cover-lens\/"},"modified":"2024-06-29T02:42:53","modified_gmt":"2024-06-29T02:42:53","slug":"cover-lens","status":"publish","type":"product","link":"https:\/\/touchscreenmfg.com\/sl\/cover-lens\/","title":{"rendered":"Pokrov objektiva"},"content":{"rendered":"<h2 class=\"\" data-sourcepos=\"1:1-1:69\">Pokrivni objektiv: Za\u0161\u010dita in izbolj\u0161anje opti\u010dnih le\u010d z natan\u010dnostjo<\/h2>\n<p data-sourcepos=\"3:1-3:129\">Za\u0161\u010ditne le\u010de so opti\u010dne komponente, ki se namestijo na primarne le\u010de, da jih za\u0161\u010ditijo pred praskami, prahom in drugimi \u0161kodljivimi elementi. Imajo klju\u010dno vlogo v razli\u010dnih aplikacijah, saj zagotavljajo dolgo \u017eivljenjsko dobo in optimalno delovanje opti\u010dnih sistemov.<\/p>\n<p data-sourcepos=\"5:1-5:30\"><strong>Klju\u010dne lastnosti:<\/strong><\/p>\n<ul data-sourcepos=\"7:1-9:14\">\n<li data-sourcepos=\"7:1-8:0\">\n<p data-sourcepos=\"7:3-7:154\"><strong>Za\u0161\u010dita:<\/strong> Pokrivne le\u010de delujejo kot pregrada in \u0161\u010ditijo primarne le\u010de pred praskami, odrgninami in drugimi fizi\u010dnimi po\u0161kodbami, ki jih povzro\u010dijo zunanji dejavniki.<\/p>\n<\/li>\n<li data-sourcepos=\"9:1-9:14\">\n<p data-sourcepos=\"9:3-9:14\"><strong>Trajnost:<\/strong> Obi\u010dajno so izdelani iz trpe\u017enih materialov, kot sta steklo ali plastika, kar zagotavlja, da so odporni na redno uporabo in zahtevna okolja.<\/p>\n<\/li>\n<li data-sourcepos=\"11:1-11:41\">\n<p data-sourcepos=\"11:3-11:41\"><strong>Opti\u010dna jasnost:<\/strong> Visokokakovostne pokrivne le\u010de ohranjajo odli\u010dno opti\u010dno \u010distost, saj omogo\u010dajo prehod svetlobe brez popa\u010denja in ohranjajo kakovost slike primarne le\u010de.<\/p>\n<\/li>\n<li data-sourcepos=\"13:1-14:0\">\n<p data-sourcepos=\"13:3-13:133\"><strong>Vsestranskost:<\/strong> Na voljo so v razli\u010dnih oblikah, velikostih in debelinah, ki ustrezajo \u0161irokemu spektru opti\u010dnih aplikacij.<\/p>\n<\/li>\n<\/ul>\n<p data-sourcepos=\"15:1-15:33\"><strong>Uporaba:<\/strong><\/p>\n<ul data-sourcepos=\"17:1-21:47\">\n<li data-sourcepos=\"17:1-18:0\">\n<p data-sourcepos=\"17:3-17:177\"><strong>Objektivi za fotoaparate in videokamere:<\/strong> Za\u0161\u010ditni objektivi so nujni za za\u0161\u010dito objektivov fotoaparatov in videokamer pred praskami, prahom in prstnimi odtisi, kar zagotavlja ostre in jasne slike.<\/p>\n<\/li>\n<li data-sourcepos=\"19:1-20:0\">\n<p data-sourcepos=\"19:3-19:169\"><strong>Daljnogledi in teleskopi:<\/strong> Za\u0161\u010ditne le\u010de \u0161\u010ditijo objektivne in okularne le\u010de daljnogledov in teleskopov ter prepre\u010dujejo po\u0161kodbe zaradi prahu, vlage in udarcev.<\/p>\n<\/li>\n<li data-sourcepos=\"21:1-21:47\">\n<p data-sourcepos=\"21:3-21:47\"><strong>Medicinski pripomo\u010dki:<\/strong> Uporabljajo se v medicinskih napravah, kot so mikroskopi in endoskopi, za za\u0161\u010dito ob\u010dutljivih opti\u010dnih komponent pred onesna\u017eenjem in po\u0161kodbami.<\/p>\n<\/li>\n<li data-sourcepos=\"23:1-24:0\">\n<p data-sourcepos=\"23:3-23:161\"><strong>Industrijske aplikacije:<\/strong> Uporabljajo se v industrijskih okoljih za za\u0161\u010dito senzorjev, laserjev in drugih opti\u010dnih komponent pred te\u017ekimi vplivi okolja.<\/p>\n<\/li>\n<\/ul>\n<p data-sourcepos=\"25:1-25:269\">Poliranje opti\u010dnih le\u010d je klju\u010dni postopek, ki zagotavlja, da pokrivne le\u010de ohranijo svojo opti\u010dno jasnost in prena\u0161ajo svetlobo brez popa\u010denja. S poliranjem se s povr\u0161ine le\u010d odstranijo mikroskopske nepopolnosti in nepravilnosti, zato je povr\u0161ina gladka in \u010dista.<\/p>","protected":false},"excerpt":{"rendered":"<p>Za\u0161\u010ditna le\u010da je dragocena nalo\u017eba za vsako napravo z zaslonom na dotik ali ob\u010dutljivim zaslonom. Zagotavlja nujno za\u0161\u010dito in hkrati izbolj\u0161a uporabni\u0161ko izku\u0161njo.<\/p>","protected":false},"featured_media":1579,"template":"","meta":[],"product_cat":[15],"product_tag":[],"_links":{"self":[{"href":"https:\/\/touchscreenmfg.com\/sl\/wp-json\/wp\/v2\/product\/1618"}],"collection":[{"href":"https:\/\/touchscreenmfg.com\/sl\/wp-json\/wp\/v2\/product"}],"about":[{"href":"https:\/\/touchscreenmfg.com\/sl\/wp-json\/wp\/v2\/types\/product"}],"wp:featuredmedia":[{"embeddable":true,"href":"https:\/\/touchscreenmfg.com\/sl\/wp-json\/wp\/v2\/media\/1579"}],"wp:attachment":[{"href":"https:\/\/touchscreenmfg.com\/sl\/wp-json\/wp\/v2\/media?parent=1618"}],"wp:term":[{"taxonomy":"product_cat","embeddable":true,"href":"https:\/\/touchscreenmfg.com\/sl\/wp-json\/wp\/v2\/product_cat?post=1618"},{"taxonomy":"product_tag","embeddable":true,"href":"https:\/\/touchscreenmfg.com\/sl\/wp-json\/wp\/v2\/product_tag?post=1618"}],"curies":[{"name":"wp","href":"https:\/\/api.w.org\/{rel}","templated":true}]}}