{"id":1617,"date":"2024-06-29T01:06:11","date_gmt":"2024-06-29T01:06:11","guid":{"rendered":"https:\/\/touchscreenmfg.com\/manufacturer\/gaming-glass\/"},"modified":"2024-06-29T02:51:17","modified_gmt":"2024-06-29T02:51:17","slug":"gaming-glass","status":"publish","type":"product","link":"https:\/\/touchscreenmfg.com\/sl\/gaming-glass\/","title":{"rendered":"Igralno steklo"},"content":{"rendered":"<h2 class=\"\" data-sourcepos=\"1:1-1:81\">Igralno steklo: Izbolj\u0161ajte svojo igralno izku\u0161njo z za\u0161\u010dito o\u010di in udobjem.<\/h2>\n<p data-sourcepos=\"3:1-3:118\">Igralna stekla, znana tudi kot gamerska stekla, so specializirana o\u010dala, zasnovana za izbolj\u0161anje udobja in zmanj\u0161anje obremenitve o\u010di med dolgotrajnim igranjem iger. Ta o\u010dala imajo obi\u010dajno ve\u010d klju\u010dnih lastnosti, ki ustrezajo posebnim potrebam igralcev.<\/p>\n<p data-sourcepos=\"5:1-5:35\"><strong>Klju\u010dne lastnosti:<\/strong><\/p>\n<ul data-sourcepos=\"7:1-9:66\">\n<li data-sourcepos=\"7:1-8:0\">\n<p data-sourcepos=\"7:3-7:300\"><strong>Le\u010de za blokiranje modre svetlobe:<\/strong> Pogosto imajo le\u010de za blokiranje modre svetlobe, ki filtrirajo del modre svetlobe, ki jo oddajajo digitalni zasloni. Modra svetloba lahko moti vzorce spanja in prispeva k utrujenosti o\u010di, zato lahko zmanj\u0161anje izpostavljenosti pove\u010da udobje in splo\u0161no dobro po\u010dutje.<\/p>\n<\/li>\n<li data-sourcepos=\"9:1-9:66\">\n<p data-sourcepos=\"9:3-9:66\"><strong>Premaz proti ble\u0161\u010danju:<\/strong> Obi\u010dajno imajo premaz proti ble\u0161\u010danju, ki zmanj\u0161uje odseve iz okoli\u0161kih virov svetlobe, zmanj\u0161uje utrujenost o\u010di in izbolj\u0161uje vidljivost zaslona, zlasti v slabo osvetljenih okoljih.<\/p>\n<\/li>\n<li data-sourcepos=\"11:1-12:0\">\n<p data-sourcepos=\"11:3-11:176\"><strong>Udobni okvirji:<\/strong> Obi\u010dajno so zasnovani z lahkimi in udobnimi okvirji, da bi zmanj\u0161ali te\u017eo in pritisk na obraz med dolgotrajnim igranjem iger.<\/p>\n<\/li>\n<li data-sourcepos=\"13:1-14:0\">\n<p data-sourcepos=\"13:3-13:159\"><strong>Razli\u010dni slogi:<\/strong> Na voljo so v razli\u010dnih slogih, ki ustrezajo razli\u010dnim \u017eeljam, od elegantnih in sodobnih modelov do bolj tradicionalnih okvirjev.<\/p>\n<\/li>\n<\/ul>\n<p data-sourcepos=\"15:1-15:35\"><strong>Uporaba:<\/strong><\/p>\n<ul data-sourcepos=\"17:1-19:78\">\n<li data-sourcepos=\"17:1-18:0\">\n<p data-sourcepos=\"17:3-17:119\"><strong>Ra\u010dunalni\u0161ke igre:<\/strong> Uporabljajo jih predvsem igralci ra\u010dunalni\u0161kih iger, ki dlje \u010dasa strmijo v ra\u010dunalni\u0161ke zaslone.<\/p>\n<\/li>\n<li data-sourcepos=\"19:1-19:78\">\n<p data-sourcepos=\"19:3-19:78\"><strong>Igranje na konzolah:<\/strong> Igralcem, ki igrajo na igralnih konzolah, prav tako koristijo igralna o\u010dala, zlasti \u010de igrajo v temnih prostorih ali dlje \u010dasa.<\/p>\n<\/li>\n<li data-sourcepos=\"21:1-22:0\">\n<p data-sourcepos=\"21:3-21:166\"><strong>Tekmovalno igranje:<\/strong> Profesionalni in tekmovalni igralci pogosto uporabljajo igralna o\u010dala, da ohranijo optimalno osredoto\u010denost in zmanj\u0161ajo napetost o\u010di med intenzivnim igranjem iger.<\/p>\n<\/li>\n<\/ul>","protected":false},"excerpt":{"rendered":"<p>Gaming Glass so \u0161\u010ditniki iz kaljenega stekla, zasnovani posebej za igralne naprave.Tako kot obi\u010dajni \u0161\u010ditniki iz kaljenega stekla so namenjeni za\u0161\u010diti ob\u010dutljivega zaslona igralne naprave pred praskami in udarci.<\/p>","protected":false},"featured_media":1578,"template":"","meta":[],"product_cat":[15],"product_tag":[],"_links":{"self":[{"href":"https:\/\/touchscreenmfg.com\/sl\/wp-json\/wp\/v2\/product\/1617"}],"collection":[{"href":"https:\/\/touchscreenmfg.com\/sl\/wp-json\/wp\/v2\/product"}],"about":[{"href":"https:\/\/touchscreenmfg.com\/sl\/wp-json\/wp\/v2\/types\/product"}],"wp:featuredmedia":[{"embeddable":true,"href":"https:\/\/touchscreenmfg.com\/sl\/wp-json\/wp\/v2\/media\/1578"}],"wp:attachment":[{"href":"https:\/\/touchscreenmfg.com\/sl\/wp-json\/wp\/v2\/media?parent=1617"}],"wp:term":[{"taxonomy":"product_cat","embeddable":true,"href":"https:\/\/touchscreenmfg.com\/sl\/wp-json\/wp\/v2\/product_cat?post=1617"},{"taxonomy":"product_tag","embeddable":true,"href":"https:\/\/touchscreenmfg.com\/sl\/wp-json\/wp\/v2\/product_tag?post=1617"}],"curies":[{"name":"wp","href":"https:\/\/api.w.org\/{rel}","templated":true}]}}