{"id":1616,"date":"2024-06-29T01:06:11","date_gmt":"2024-06-29T01:06:11","guid":{"rendered":"https:\/\/touchscreenmfg.com\/manufacturer\/3d-cover-glass\/"},"modified":"2024-06-29T03:02:20","modified_gmt":"2024-06-29T03:02:20","slug":"3d-cover-glass","status":"publish","type":"product","link":"https:\/\/touchscreenmfg.com\/sl\/3d-cover-glass\/","title":{"rendered":"3D pokrovno steklo"},"content":{"rendered":"<h2 class=\"\" data-sourcepos=\"1:1-1:67\">3D pokrivno steklo: Oblikovanje prihodnosti elegantnih in vzdr\u017eljivih zaslonov<\/h2>\n<p data-sourcepos=\"3:1-3:68\">3D pokrivno steklo, znano tudi kot ukrivljeno pokrivno steklo, je revolucionarna vrsta stekla, ki spreminja obliko in funkcionalnost elektronskih naprav. Za razliko od tradicionalnega ravnega pokrivnega stekla ima ukrivljeno obliko, ki se brezhibno ujema s konturami sodobnih ukrivljenih zaslonov. Ta inovativna zasnova ponuja vrsto prednosti v primerjavi z ravnim pokrivnim steklom, zaradi \u010desar je priljubljena izbira tako za proizvajalce kot za potro\u0161nike.<\/p>\n<p data-sourcepos=\"5:1-5:2\"><strong>Klju\u010dne lastnosti:<\/strong><\/p>\n<ul data-sourcepos=\"7:1-7:103\">\n<li data-sourcepos=\"7:1-7:103\">\n<p class=\"\" data-sourcepos=\"7:3-7:170\"><strong class=\"\">Elegantna in elegantna zasnova:<\/strong> Izbolj\u0161a estetiko naprav, saj ustvari gladko, neprekinjeno povr\u0161ino, ki se gladko zlije z ukrivljenim zaslonom.<\/p>\n<\/li>\n<li data-sourcepos=\"9:1-10:0\">\n<p data-sourcepos=\"9:3-9:177\"><strong>Pove\u010dana vzdr\u017eljivost:<\/strong> Zakrivljena oblika 3D pokrivnega stekla zagotavlja bolj\u0161o strukturno podporo, zato je v primerjavi z ravnim pokrivnim steklom bolj odporno proti udarcem in praskam.<\/p>\n<\/li>\n<li data-sourcepos=\"11:1-12:0\">\n<p data-sourcepos=\"11:3-11:160\"><strong>Izbolj\u0161ani zaslon od roba do roba:<\/strong> Omogo\u010da zaslone od roba do roba, kar pove\u010duje vidno obmo\u010dje in ustvarja bolj poglobljeno uporabni\u0161ko izku\u0161njo.<\/p>\n<\/li>\n<li data-sourcepos=\"13:1-13:105\">\n<p data-sourcepos=\"13:3-13:105\"><strong>Zdru\u017eljivost z zaslonom na dotik:<\/strong> V celoti je zdru\u017eljiv s tehnologijo zaslona na dotik, kar zagotavlja nemoteno interakcijo z dotikom.<\/p>\n<\/li>\n<\/ul>\n<p data-sourcepos=\"15:1-15:35\"><strong>Uporaba:<\/strong><\/p>\n<ul data-sourcepos=\"17:1-24:0\">\n<li data-sourcepos=\"17:1-18:0\">\n<p data-sourcepos=\"17:3-17:135\"><strong>Pametni telefoni:<\/strong> Pogosto se uporablja v pametnih telefonih vi\u0161jega razreda, saj prispeva k njihovi elegantni zasnovi in trpe\u017eni konstrukciji.<\/p>\n<\/li>\n<li data-sourcepos=\"19:1-20:0\">\n<p data-sourcepos=\"19:3-19:118\"><strong>Tablete:<\/strong> Tabli\u010dni ra\u010dunalniki zaradi ve\u010djih zaslonov in bolj\u0161e uporabni\u0161ke izku\u0161nje vse pogosteje uporabljajo pokrivno steklo 3D.<\/p>\n<\/li>\n<li data-sourcepos=\"21:1-22:0\">\n<p data-sourcepos=\"21:3-21:113\"><strong>Prenosni ra\u010dunalniki:<\/strong> Nekateri vrhunski prenosni ra\u010dunalniki so opremljeni s 3D pokrivnim steklom za zaslone z mo\u017enostjo dotikanja in elegantno estetiko.<\/p>\n<\/li>\n<li data-sourcepos=\"23:1-24:0\">\n<p data-sourcepos=\"23:3-23:146\"><strong>Pametne ure:<\/strong>Ta se pojavlja tudi v pametnih urah, saj zagotavlja trpe\u017enej\u0161i in vizualno privla\u010dnej\u0161i pokrov za njihove zaslone.<\/p>\n<\/li>\n<\/ul>","protected":false},"excerpt":{"rendered":"<p>Pokrivno steklo 3D spreminja pravila igre v svetu elektronskih naprav, saj ponuja kombinacijo elegantnega dizajna, ve\u010dje vzdr\u017eljivosti in izbolj\u0161anih mo\u017enosti prikaza. Z razvojem tehnologije bo postalo \u0161e bolj raz\u0161irjeno in bo oblikovalo prihodnost pametnih telefonov, tabli\u010dnih ra\u010dunalnikov, prenosnih ra\u010dunalnikov in drugih naprav.<\/p>","protected":false},"featured_media":1577,"template":"","meta":[],"product_cat":[15],"product_tag":[],"_links":{"self":[{"href":"https:\/\/touchscreenmfg.com\/sl\/wp-json\/wp\/v2\/product\/1616"}],"collection":[{"href":"https:\/\/touchscreenmfg.com\/sl\/wp-json\/wp\/v2\/product"}],"about":[{"href":"https:\/\/touchscreenmfg.com\/sl\/wp-json\/wp\/v2\/types\/product"}],"wp:featuredmedia":[{"embeddable":true,"href":"https:\/\/touchscreenmfg.com\/sl\/wp-json\/wp\/v2\/media\/1577"}],"wp:attachment":[{"href":"https:\/\/touchscreenmfg.com\/sl\/wp-json\/wp\/v2\/media?parent=1616"}],"wp:term":[{"taxonomy":"product_cat","embeddable":true,"href":"https:\/\/touchscreenmfg.com\/sl\/wp-json\/wp\/v2\/product_cat?post=1616"},{"taxonomy":"product_tag","embeddable":true,"href":"https:\/\/touchscreenmfg.com\/sl\/wp-json\/wp\/v2\/product_tag?post=1616"}],"curies":[{"name":"wp","href":"https:\/\/api.w.org\/{rel}","templated":true}]}}