{"id":1615,"date":"2024-06-29T01:06:11","date_gmt":"2024-06-29T01:06:11","guid":{"rendered":"https:\/\/touchscreenmfg.com\/manufacturer\/chemically-tempered-cover-glass\/"},"modified":"2024-06-29T03:26:40","modified_gmt":"2024-06-29T03:26:40","slug":"chemically-tempered-cover-glass","status":"publish","type":"product","link":"https:\/\/touchscreenmfg.com\/sl\/chemically-tempered-cover-glass\/","title":{"rendered":"Kemi\u010dno kaljeno pokrivno steklo"},"content":{"rendered":"<h2 class=\"\" data-sourcepos=\"1:1-1:91\">Kemi\u010dno kaljeno pokrivno steklo: Pove\u010danje trajnosti in jasnosti elektronskih naprav<\/h2>\n<p data-sourcepos=\"3:1-3:72\">Kemi\u010dno kaljeno pokrivno steklo, znano tudi kot steklo z ionsko izmenjavo, je vrsta stekla, ki je bilo kemi\u010dno obdelano, da se pove\u010data njegova trdnost in vzdr\u017eljivost. Ta postopek, ki obi\u010dajno vklju\u010duje izmenjavo natrijevih ionov v steklu s kalijevimi, ustvari na povr\u0161ini plast tla\u010dne napetosti, zaradi \u010desar je steklo odpornej\u0161e proti praskam, udarcem in toplotnim \u0161okom.<\/p>\n<p data-sourcepos=\"5:1-5:49\"><strong>Klju\u010dne lastnosti:<\/strong><\/p>\n<ul data-sourcepos=\"7:1-9:1\">\n<li data-sourcepos=\"7:1-8:0\">\n<p data-sourcepos=\"7:3-7:166\"><strong>Pove\u010dana mo\u010d:<\/strong> Obi\u010dajno je \u0161est- do osemkrat mo\u010dnej\u0161e od navadnega stekla, zato je manj nagnjeno k razbitju in praskam.<\/p>\n<\/li>\n<li data-sourcepos=\"9:1-9:1\">\n<p data-sourcepos=\"9:3-9:140\"><strong>Opti\u010dna jasnost:<\/strong> Postopek ionske izmenjave ne spremeni opti\u010dnih lastnosti stekla, zato se ohranita njegova preglednost in jasnost.<\/p>\n<\/li>\n<li data-sourcepos=\"11:1-12:0\">\n<p data-sourcepos=\"11:3-11:145\"><strong>Vsestranskost:<\/strong> Lahko ga razre\u017eemo in oblikujemo v razli\u010dne oblike, zato je primeren za \u0161iroko paleto aplikacij.<\/p>\n<\/li>\n<li data-sourcepos=\"13:1-14:0\">\n<p data-sourcepos=\"13:3-13:163\"><strong>Tankost:<\/strong> V primerjavi s toplotno kaljenim steklom ga je mogo\u010de izdelati v tanj\u0161ih delih, kar omogo\u010da izdelavo la\u017ejih in elegantnej\u0161ih naprav.<\/p>\n<\/li>\n<\/ul>\n<p data-sourcepos=\"15:1-15:52\"><strong>Uporaba:<\/strong><\/p>\n<ul data-sourcepos=\"17:1-19:1\">\n<li data-sourcepos=\"17:1-18:0\">\n<p data-sourcepos=\"17:3-17:184\"><strong>Pametni telefoni in tablice:<\/strong>Uporablja se v pametnih telefonih in tabli\u010dnih ra\u010dunalnikih za za\u0161\u010dito ob\u010dutljivih zaslonov pred praskami, udarci in nenamernimi padci.<\/p>\n<\/li>\n<li data-sourcepos=\"19:1-19:1\">\n<p data-sourcepos=\"19:3-19:159\"><strong>Prenosni ra\u010dunalniki in prenosne naprave:<\/strong> Prenosni ra\u010dunalniki, tabli\u010dni ra\u010dunalniki in druge prenosne naprave za svoje zaslone in zaslone na dotik pogosto uporabljajo kemi\u010dno kaljeno za\u0161\u010ditno steklo.<\/p>\n<\/li>\n<li data-sourcepos=\"21:1-22:0\">\n<p data-sourcepos=\"21:3-21:151\"><strong>Avtomobilski zasloni:<\/strong> Zaradi svoje vzdr\u017eljivosti in opti\u010dne \u010distosti se vse pogosteje uporablja v avtomobilskih zaslonih.<\/p>\n<\/li>\n<li data-sourcepos=\"23:1-24:0\">\n<p data-sourcepos=\"23:3-23:160\"><strong>Pametne ure in obla\u010dila za no\u0161enje:<\/strong> Pametne ure in druge nosljive naprave imajo koristi od odpornosti na praske in trdnosti kemi\u010dno kaljenega pokrivnega stekla.<\/p>\n<\/li>\n<\/ul>\n<p data-sourcepos=\"25:1-25:27\"><strong>Rezanje kaljenega stekla:<\/strong><\/p>\n<p data-sourcepos=\"27:1-27:276\">Rezanje kemi\u010dno kaljenega pokrivnega stekla zahteva posebne tehnike in opremo zaradi njegove ve\u010dje trdnosti in mo\u017enosti, da se ob napa\u010dnem ravnanju razbije. Za natan\u010dno in varno rezanje kemi\u010dno kaljenega pokrivnega stekla se priporo\u010dajo strokovne storitve rezanja stekla.<\/p>","protected":false},"excerpt":{"rendered":"<p>Kemi\u010dno kaljeno pokrivno steklo je postalo priljubljena izbira za za\u0161\u010dito in izbolj\u0161anje zaslonov razli\u010dnih elektronskih naprav. Zaradi kombinacije trdnosti, opti\u010dne \u010distosti in vsestranskosti je bistvena sestavina sodobne tehnologije.<\/p>","protected":false},"featured_media":1576,"template":"","meta":[],"product_cat":[15],"product_tag":[],"_links":{"self":[{"href":"https:\/\/touchscreenmfg.com\/sl\/wp-json\/wp\/v2\/product\/1615"}],"collection":[{"href":"https:\/\/touchscreenmfg.com\/sl\/wp-json\/wp\/v2\/product"}],"about":[{"href":"https:\/\/touchscreenmfg.com\/sl\/wp-json\/wp\/v2\/types\/product"}],"wp:featuredmedia":[{"embeddable":true,"href":"https:\/\/touchscreenmfg.com\/sl\/wp-json\/wp\/v2\/media\/1576"}],"wp:attachment":[{"href":"https:\/\/touchscreenmfg.com\/sl\/wp-json\/wp\/v2\/media?parent=1615"}],"wp:term":[{"taxonomy":"product_cat","embeddable":true,"href":"https:\/\/touchscreenmfg.com\/sl\/wp-json\/wp\/v2\/product_cat?post=1615"},{"taxonomy":"product_tag","embeddable":true,"href":"https:\/\/touchscreenmfg.com\/sl\/wp-json\/wp\/v2\/product_tag?post=1615"}],"curies":[{"name":"wp","href":"https:\/\/api.w.org\/{rel}","templated":true}]}}