{"id":1614,"date":"2024-06-29T01:06:11","date_gmt":"2024-06-29T01:06:11","guid":{"rendered":"https:\/\/touchscreenmfg.com\/manufacturer\/physically-tempered-cover-glass\/"},"modified":"2024-06-29T03:30:56","modified_gmt":"2024-06-29T03:30:56","slug":"physically-tempered-cover-glass","status":"publish","type":"product","link":"https:\/\/touchscreenmfg.com\/sl\/physically-tempered-cover-glass\/","title":{"rendered":"Fizi\u010dno kaljeno pokrivno steklo"},"content":{"rendered":"<h2 class=\"\" data-sourcepos=\"1:1-1:100\">Fizi\u010dno kaljeno pokrivno steklo: Za\u0161\u010ditno steklo: robustna za\u0161\u010dita in pove\u010dana vzdr\u017eljivost elektronskih naprav<\/h2>\n<p data-sourcepos=\"3:1-3:96\">Fizi\u010dno kaljeno pokrivno steklo, znano tudi kot toplotno kaljeno steklo, je vrsta stekla, ki je bilo toplotno obdelano, da se pove\u010data njegova trdnost in vzdr\u017eljivost. S tem postopkom, ki obi\u010dajno vklju\u010duje hitro segrevanje in ohlajanje stekla, se na povr\u0161ini ustvari tla\u010dna napetostna plast, zaradi \u010desar je steklo odpornej\u0161e proti praskam, udarcem in toplotnim \u0161okom.<\/p>\n<p data-sourcepos=\"5:1-5:52\"><strong>Klju\u010dne lastnosti fizi\u010dno kaljenega pokrivnega stekla:<\/strong><\/p>\n<ul data-sourcepos=\"7:1-7:27\">\n<li data-sourcepos=\"7:1-7:27\">\n<p data-sourcepos=\"7:3-7:183\"><strong>Izjemna mo\u010d:<\/strong> Fizi\u010dno kaljeno pokrivno steklo je obi\u010dajno \u0161tiri- do petkrat mo\u010dnej\u0161e od navadnega stekla in zagotavlja odli\u010dno za\u0161\u010dito pred razbitjem in praskami.<\/p>\n<\/li>\n<li data-sourcepos=\"9:1-9:54\">\n<p data-sourcepos=\"9:3-9:54\"><strong>Opti\u010dna jasnost:<\/strong> Postopek toplotne obdelave ne spremeni opti\u010dnih lastnosti stekla, saj ohrani njegovo preglednost in jasnost.<\/p>\n<\/li>\n<li data-sourcepos=\"11:1-12:0\">\n<p data-sourcepos=\"11:3-11:145\"><strong>Vsestranskost:<\/strong> Fizi\u010dno kaljeno pokrivno steklo je mogo\u010de rezati in oblikovati v razli\u010dne oblike, zato je primerno za \u0161tevilne aplikacije.<\/p>\n<\/li>\n<li data-sourcepos=\"13:1-14:0\">\n<p data-sourcepos=\"13:3-13:171\"><strong>Tanj\u0161e mo\u017enosti:<\/strong> Fizi\u010dno kaljeno pokrivno steklo je mogo\u010de v primerjavi s kemi\u010dno kaljenim steklom izdelati v tanj\u0161ih delih, kar omogo\u010da izdelavo elegantnej\u0161ih in la\u017ejih naprav.<\/p>\n<\/li>\n<\/ul>\n<p data-sourcepos=\"15:1-15:52\"><strong>Uporaba fizi\u010dno kaljenega pokrivnega stekla:<\/strong><\/p>\n<ul data-sourcepos=\"17:1-19:98\">\n<li data-sourcepos=\"17:1-18:0\">\n<p data-sourcepos=\"17:3-17:184\"><strong>Pametni telefoni in tablice:<\/strong> Fizi\u010dno kaljeno za\u0161\u010ditno steklo se pogosto uporablja v pametnih telefonih in tabli\u010dnih ra\u010dunalnikih za za\u0161\u010dito ob\u010dutljivih zaslonov pred praskami, udarci in nenamernimi padci.<\/p>\n<\/li>\n<li data-sourcepos=\"19:1-19:98\">\n<p data-sourcepos=\"19:3-19:98\"><strong>Arhitekturne aplikacije:<\/strong> Fizi\u010dno kaljeno pokrivno steklo se zaradi svoje trdnosti in varnostnih lastnosti uporablja v razli\u010dnih arhitekturnih aplikacijah, kot so okna, vrata in predelne stene.<\/p>\n<\/li>\n<li data-sourcepos=\"21:1-22:0\">\n<p data-sourcepos=\"21:3-21:151\"><strong>Avtomobilski zasloni:<\/strong> Fizi\u010dno kaljeno za\u0161\u010ditno steklo se zaradi svoje vzdr\u017eljivosti in opti\u010dne \u010distosti vse pogosteje uporablja v avtomobilskih zaslonih.<\/p>\n<\/li>\n<li data-sourcepos=\"23:1-24:0\">\n<p data-sourcepos=\"23:3-23:154\"><strong>Plo\u0161\u010de za aparate:<\/strong> Pri gospodinjskih aparatih, kot so hladilniki in pe\u010dice, se za nadzorne plo\u0161\u010de in zaslone pogosto uporablja fizi\u010dno kaljeno za\u0161\u010ditno steklo.<\/p>\n<\/li>\n<\/ul>\n<p data-sourcepos=\"25:1-25:28\"><strong>Postopek kaljenja stekla:<\/strong><\/p>\n<p data-sourcepos=\"27:1-27:309\">Postopek kaljenja fizi\u010dno kaljenega pokrivnega stekla vklju\u010duje segrevanje stekla na temperaturo pribli\u017eno 600-700 \u00b0C in nato hitro ohlajanje s curki hladnega zraka. Ta hitra temperaturna sprememba ustvari na povr\u0161ini stisnjeno napetostno plast, zaradi \u010desar je steklo bolj odporno na obremenitve in razbitje.<\/p>","protected":false},"excerpt":{"rendered":"<p>Fizi\u010dno kaljeno pokrivno steklo je postalo osnovni element za\u0161\u010dite elektronskih naprav in arhitekturnih aplikacij. Zaradi izjemne trdnosti, opti\u010dne \u010distosti in vsestranskosti je bistvena sestavina sodobne tehnologije in gradbeni\u0161tva.<\/p>","protected":false},"featured_media":1575,"template":"","meta":[],"product_cat":[15],"product_tag":[],"_links":{"self":[{"href":"https:\/\/touchscreenmfg.com\/sl\/wp-json\/wp\/v2\/product\/1614"}],"collection":[{"href":"https:\/\/touchscreenmfg.com\/sl\/wp-json\/wp\/v2\/product"}],"about":[{"href":"https:\/\/touchscreenmfg.com\/sl\/wp-json\/wp\/v2\/types\/product"}],"wp:featuredmedia":[{"embeddable":true,"href":"https:\/\/touchscreenmfg.com\/sl\/wp-json\/wp\/v2\/media\/1575"}],"wp:attachment":[{"href":"https:\/\/touchscreenmfg.com\/sl\/wp-json\/wp\/v2\/media?parent=1614"}],"wp:term":[{"taxonomy":"product_cat","embeddable":true,"href":"https:\/\/touchscreenmfg.com\/sl\/wp-json\/wp\/v2\/product_cat?post=1614"},{"taxonomy":"product_tag","embeddable":true,"href":"https:\/\/touchscreenmfg.com\/sl\/wp-json\/wp\/v2\/product_tag?post=1614"}],"curies":[{"name":"wp","href":"https:\/\/api.w.org\/{rel}","templated":true}]}}