{"id":1613,"date":"2024-06-29T01:06:11","date_gmt":"2024-06-29T01:06:11","guid":{"rendered":"https:\/\/touchscreenmfg.com\/manufacturer\/3d-bent-glass\/"},"modified":"2024-06-29T03:36:43","modified_gmt":"2024-06-29T03:36:43","slug":"3d-bent-glass","status":"publish","type":"product","link":"https:\/\/touchscreenmfg.com\/sl\/3d-bent-glass\/","title":{"rendered":"3D upognjeno steklo"},"content":{"rendered":"<h2 class=\"\" data-sourcepos=\"1:1-1:66\">3D upognjeno steklo: Oblikovanje prihodnosti elegantnih in vzdr\u017eljivih zaslonov<\/h2>\n<p data-sourcepos=\"3:1-3:67\">3D upognjeno steklo, znano tudi kot ukrivljeno pokrivno steklo, je revolucionarna vrsta stekla, ki spreminja obliko in funkcionalnost elektronskih naprav. Za razliko od tradicionalnega ravnega pokrivnega stekla ima 3D Bent Glass ukrivljeno obliko, ki se brezhibno ujema s konturami sodobnih ukrivljenih zaslonov. Ta inovativna zasnova ponuja vrsto prednosti v primerjavi z ravnim pokrivnim steklom, zaradi \u010desar je prednostna izbira tako za proizvajalce kot za potro\u0161nike.<\/p>\n<p data-sourcepos=\"5:1-5:19\"><strong>Klju\u010dne lastnosti:<\/strong><\/p>\n<ul data-sourcepos=\"7:1-7:153\">\n<li data-sourcepos=\"7:1-7:153\">\n<p class=\"\" data-sourcepos=\"7:3-7:169\"><strong class=\"\">Elegantna in elegantna zasnova:<\/strong> 3D upognjeno steklo izbolj\u0161a estetiko naprav, saj ustvari gladko, neprekinjeno povr\u0161ino, ki se gladko zlije z ukrivljenim zaslonom.<\/p>\n<\/li>\n<li data-sourcepos=\"9:1-10:0\">\n<p data-sourcepos=\"9:3-9:176\"><strong>Pove\u010dana vzdr\u017eljivost:<\/strong> Zakrivljena oblika 3D Bent Glass zagotavlja bolj\u0161o strukturno podporo, zato je v primerjavi z ravnim pokrivnim steklom bolj odporen proti udarcem in praskam.<\/p>\n<\/li>\n<li data-sourcepos=\"11:1-12:0\">\n<p data-sourcepos=\"11:3-11:159\"><strong>Izbolj\u0161ani zaslon od roba do roba:<\/strong> 3D Bent Glass omogo\u010da zaslone od roba do roba, kar pove\u010duje vidno obmo\u010dje in ustvarja bolj poglobljeno uporabni\u0161ko izku\u0161njo.<\/p>\n<\/li>\n<li data-sourcepos=\"13:1-13:131\">\n<p data-sourcepos=\"13:3-13:131\"><strong>Zdru\u017eljivost z zaslonom na dotik:<\/strong> 3D Bent Glass je v celoti zdru\u017eljiv s tehnologijo zaslona na dotik, kar zagotavlja nemoteno interakcijo na dotik.<\/p>\n<\/li>\n<\/ul>\n<p data-sourcepos=\"15:1-15:27\"><strong>Upogibanje kaljenega stekla:<\/strong><\/p>\n<p data-sourcepos=\"17:1-17:284\">Postopek izdelave 3D upognjenega stekla vklju\u010duje segrevanje kaljenega stekla na visoko temperaturo, nato pa ga s pomo\u010djo specializiranih kalupov in opreme oblikujemo v \u017eeleno obliko. Ta postopek zagotavlja, da steklo ohrani svojo trdnost in vzdr\u017eljivost, hkrati pa dose\u017ee \u017eeleno ukrivljenost.<\/p>\n<p data-sourcepos=\"19:1-19:34\"><strong>Uporaba:<\/strong><\/p>\n<ul data-sourcepos=\"21:1-28:0\">\n<li data-sourcepos=\"21:1-22:0\">\n<p data-sourcepos=\"21:3-21:134\"><strong>Pametni telefoni:<\/strong> Pogosto se uporablja v pametnih telefonih vi\u0161jega razreda, saj prispeva k njihovi elegantni zasnovi in trpe\u017eni konstrukciji.<\/p>\n<\/li>\n<li data-sourcepos=\"23:1-24:0\">\n<p data-sourcepos=\"23:3-23:117\"><strong>Tablete:<\/strong> Tabli\u010dni ra\u010dunalniki zaradi ve\u010djih zaslonov in bolj\u0161e uporabni\u0161ke izku\u0161nje vse pogosteje uporabljajo 3D upognjeno steklo.<\/p>\n<\/li>\n<li data-sourcepos=\"25:1-26:0\">\n<p data-sourcepos=\"25:3-25:112\"><strong>Prenosni ra\u010dunalniki:<\/strong> Nekateri vrhunski prenosni ra\u010dunalniki imajo zaslone z mo\u017enostjo dotikanja in elegantno estetiko iz 3D upognjenega stekla.<\/p>\n<\/li>\n<li data-sourcepos=\"27:1-28:0\">\n<p data-sourcepos=\"27:3-27:145\"><strong>Pametne ure:<\/strong> Ta se pojavlja tudi v pametnih urah, saj zagotavlja trpe\u017enej\u0161i in vizualno privla\u010dnej\u0161i pokrov za njihove zaslone.<\/p>\n<\/li>\n<\/ul>","protected":false},"excerpt":{"rendered":"<p>3D upognjeno steklo spreminja pravila igre v svetu elektronskih naprav, saj ponuja kombinacijo elegantnega oblikovanja, ve\u010dje vzdr\u017eljivosti in izbolj\u0161anih mo\u017enosti prikaza. Z razvojem tehnologije bo 3D Bent Glass \u0161e bolj raz\u0161irjen in bo zaznamoval prihodnost pametnih telefonov, tabli\u010dnih ra\u010dunalnikov, prenosnih ra\u010dunalnikov in drugih naprav.<\/p>","protected":false},"featured_media":1574,"template":"","meta":[],"product_cat":[15],"product_tag":[],"_links":{"self":[{"href":"https:\/\/touchscreenmfg.com\/sl\/wp-json\/wp\/v2\/product\/1613"}],"collection":[{"href":"https:\/\/touchscreenmfg.com\/sl\/wp-json\/wp\/v2\/product"}],"about":[{"href":"https:\/\/touchscreenmfg.com\/sl\/wp-json\/wp\/v2\/types\/product"}],"wp:featuredmedia":[{"embeddable":true,"href":"https:\/\/touchscreenmfg.com\/sl\/wp-json\/wp\/v2\/media\/1574"}],"wp:attachment":[{"href":"https:\/\/touchscreenmfg.com\/sl\/wp-json\/wp\/v2\/media?parent=1613"}],"wp:term":[{"taxonomy":"product_cat","embeddable":true,"href":"https:\/\/touchscreenmfg.com\/sl\/wp-json\/wp\/v2\/product_cat?post=1613"},{"taxonomy":"product_tag","embeddable":true,"href":"https:\/\/touchscreenmfg.com\/sl\/wp-json\/wp\/v2\/product_tag?post=1613"}],"curies":[{"name":"wp","href":"https:\/\/api.w.org\/{rel}","templated":true}]}}