{"id":1612,"date":"2024-06-29T01:06:10","date_gmt":"2024-06-29T01:06:10","guid":{"rendered":"https:\/\/touchscreenmfg.com\/manufacturer\/capacitive-touch-screen\/"},"modified":"2024-06-29T03:40:01","modified_gmt":"2024-06-29T03:40:01","slug":"capacitive-touch-screen","status":"publish","type":"product","link":"https:\/\/touchscreenmfg.com\/sl\/capacitive-touch-screen\/","title":{"rendered":"Kapacitivni zaslon na dotik"},"content":{"rendered":"<h2 class=\"\" data-sourcepos=\"1:1-1:102\">Kapacitivni zasloni na dotik: Intuitivna tehnologija na dotik: revolucija v interakciji med \u010dlovekom in strojem<\/h2>\n<p data-sourcepos=\"3:1-3:88\">Kapacitivni zasloni na dotik, znani tudi kot kapacitivne plo\u0161\u010de na dotik ali interaktivni zasloni, so korenito spremenili na\u010din interakcije s tehnologijo. Ti inovativni zasloni na dotik uporabljajo mre\u017eo elektrod, vgrajenih pod povr\u0161ino zaslona, ki zaznavajo spremembe elektri\u010dnega polja, ki jih povzro\u010di \u010dlove\u0161ki prst ali drug prevoden predmet. Ta tehnologija uporabnikom omogo\u010da nadzor in interakcijo z digitalno vsebino z intuitivnimi gestami na dotik, kot so dotiki, potegi, prijemi in pove\u010dave.<\/p>\n<p data-sourcepos=\"5:1-5:45\"><strong>Klju\u010dne lastnosti:<\/strong><\/p>\n<ul data-sourcepos=\"7:1-7:125\">\n<li data-sourcepos=\"7:1-7:125\">\n<p class=\"\" data-sourcepos=\"7:3-7:241\"><strong class=\"\">Natan\u010dno in odzivno prepoznavanje dotika:<\/strong> Kapacitivni zasloni na dotik uporabljajo izpopolnjeno tehnologijo zaznavanja dotika, ki natan\u010dno zajame in se odzove na \u0161irok razpon gest dotika ter zagotavlja naravno in intuitivno uporabni\u0161ko izku\u0161njo.<\/p>\n<\/li>\n<li data-sourcepos=\"9:1-10:0\">\n<p data-sourcepos=\"9:3-9:210\"><strong>Mo\u017enost ve\u010d dotikov:<\/strong> \u0160tevilni kapacitivni zasloni na dotik podpirajo funkcijo ve\u010d dotikov, ki uporabnikom omogo\u010da hkratno interakcijo z ve\u010d to\u010dkami na zaslonu, kar izbolj\u0161a interaktivno izku\u0161njo.<\/p>\n<\/li>\n<li data-sourcepos=\"11:1-12:0\">\n<p data-sourcepos=\"11:3-11:206\"><strong>Trpe\u017ene in na praske odporne povr\u0161ine:<\/strong> Kapacitivni zasloni na dotik so obi\u010dajno izdelani iz trpe\u017enih materialov, kot sta kaljeno steklo ali plastika, zato so odporni na redno uporabo in praske.<\/p>\n<\/li>\n<li data-sourcepos=\"13:1-13:35\">\n<p data-sourcepos=\"13:3-13:35\"><strong>Vsestranska uporaba:<\/strong> Kapacitivni zasloni na dotik se uporabljajo v \u0161tevilnih aplikacijah, vklju\u010dno s pametnimi telefoni, tabli\u010dnimi ra\u010dunalniki, prenosnimi ra\u010dunalniki, kioski in industrijskimi nadzornimi sistemi.<\/p>\n<\/li>\n<\/ul>\n<p data-sourcepos=\"15:1-15:32\"><strong>Kapacitivna tehnologija dotika:<\/strong><\/p>\n<p data-sourcepos=\"17:1-17:327\">Bistvo kapacitivnih zaslonov na dotik je na\u010delo kapacitivnega zaznavanja. Ko se prevodni predmet, na primer prst, dotakne zaslona, prekine elektri\u010dno polje, ki ga ustvarjajo elektrode. To motnjo izmeri vezje senzorja dotika, kar sistemu omogo\u010da, da dolo\u010di mesto dotika.<\/p>\n<p data-sourcepos=\"19:1-19:45\"><strong>Uporaba:<\/strong><\/p>\n<ul data-sourcepos=\"21:1-28:0\">\n<li data-sourcepos=\"21:1-22:0\">\n<p data-sourcepos=\"21:3-21:168\"><strong>Potro\u0161ni\u0161ka elektronika:<\/strong> Kapacitivni zasloni na dotik so povsod prisotni v napravah zabavne elektronike in omogo\u010dajo intuitivno upravljanje pametnih telefonov, tabli\u010dnih in prenosnih ra\u010dunalnikov.<\/p>\n<\/li>\n<li data-sourcepos=\"23:1-24:0\">\n<p data-sourcepos=\"23:3-23:152\"><strong>Komercialni prikazovalniki:<\/strong> Zasloni na dotik se vse pogosteje uporabljajo v komercialnih okoljih, kot so maloprodajni kioski, interaktivne oznake in izobra\u017eevalni zasloni.<\/p>\n<\/li>\n<li data-sourcepos=\"25:1-26:0\">\n<p data-sourcepos=\"25:3-25:158\"><strong>Industrijska avtomatizacija:<\/strong> Plo\u0161\u010de na dotik se uporabljajo v sistemih industrijske avtomatizacije za krmiljenje strojev, spremljanje procesov in vizualizacijo podatkov.<\/p>\n<\/li>\n<li data-sourcepos=\"27:1-28:0\">\n<p data-sourcepos=\"27:3-27:178\"><strong>Avtomatizacija doma:<\/strong> Kapacitivni zasloni na dotik so vgrajeni v sisteme pametnega doma, tako da lahko uporabniki s preprostim dotikom upravljajo razsvetljavo, naprave in varnostne funkcije.<\/p>\n<\/li>\n<\/ul>","protected":false},"excerpt":{"rendered":"<p>Kapacitivni zasloni na dotik so spremenili interakcijo med \u010dlovekom in strojem ter omogo\u010dili bolj naraven in intuitiven na\u010din nadzora in interakcije z digitalnimi napravami. Zaradi svoje vsestranskosti, natan\u010dnosti in vzdr\u017eljivosti so nepogre\u0161ljivi sestavni deli \u0161tevilnih aplikacij, od potro\u0161ni\u0161ke elektronike do industrijske avtomatizacije.<\/p>","protected":false},"featured_media":1573,"template":"","meta":[],"product_cat":[41],"product_tag":[],"_links":{"self":[{"href":"https:\/\/touchscreenmfg.com\/sl\/wp-json\/wp\/v2\/product\/1612"}],"collection":[{"href":"https:\/\/touchscreenmfg.com\/sl\/wp-json\/wp\/v2\/product"}],"about":[{"href":"https:\/\/touchscreenmfg.com\/sl\/wp-json\/wp\/v2\/types\/product"}],"wp:featuredmedia":[{"embeddable":true,"href":"https:\/\/touchscreenmfg.com\/sl\/wp-json\/wp\/v2\/media\/1573"}],"wp:attachment":[{"href":"https:\/\/touchscreenmfg.com\/sl\/wp-json\/wp\/v2\/media?parent=1612"}],"wp:term":[{"taxonomy":"product_cat","embeddable":true,"href":"https:\/\/touchscreenmfg.com\/sl\/wp-json\/wp\/v2\/product_cat?post=1612"},{"taxonomy":"product_tag","embeddable":true,"href":"https:\/\/touchscreenmfg.com\/sl\/wp-json\/wp\/v2\/product_tag?post=1612"}],"curies":[{"name":"wp","href":"https:\/\/api.w.org\/{rel}","templated":true}]}}