{"id":1611,"date":"2024-06-29T01:06:10","date_gmt":"2024-06-29T01:06:10","guid":{"rendered":"https:\/\/touchscreenmfg.com\/manufacturer\/oled-touch-screen\/"},"modified":"2024-06-29T03:46:04","modified_gmt":"2024-06-29T03:46:04","slug":"oled-touch-screen","status":"publish","type":"product","link":"https:\/\/touchscreenmfg.com\/sl\/oled-touch-screen\/","title":{"rendered":"Zaslon na dotik OLED"},"content":{"rendered":"<h2 class=\"\" data-sourcepos=\"3:1-3:103\">Zasloni na dotik OLED: Izbolj\u0161anje uporabni\u0161ke izku\u0161nje z \u017eivahnimi zasloni in odzivno interakcijo na dotik<\/h2>\n<p data-sourcepos=\"5:1-5:118\">Zasloni na dotik OLED, znani tudi kot zasloni na dotik OLED, zdru\u017eujejo vrhunsko kakovost slike tehnologije organskih svetle\u010dih diod (OLED) z interaktivnimi zmogljivostmi plo\u0161\u010de zaslona na dotik. Ta inovativna tehnologija ponuja o\u010darljivo uporabni\u0161ko izku\u0161njo, saj zdru\u017euje osupljive slike z intuitivnim upravljanjem na dotik.<\/p>\n<p data-sourcepos=\"7:1-7:39\"><strong>Klju\u010dne lastnosti:<\/strong><\/p>\n<ul data-sourcepos=\"9:1-9:134\">\n<li data-sourcepos=\"9:1-9:134\">\n<p class=\"\" data-sourcepos=\"9:3-9:190\"><strong class=\"\">Izjemna kakovost prikaza:<\/strong> Zasloni na dotik OLED zagotavljajo izjemno kakovost slike z \u017eivahnimi barvami, visokim kontrastnim razmerjem in pristno \u010drno barvo, kar zagotavlja vizualno poglobljeno izku\u0161njo.<\/p>\n<\/li>\n<li data-sourcepos=\"11:1-12:0\">\n<p data-sourcepos=\"11:3-11:178\"><strong>Odzivna interakcija na dotik:<\/strong> Prekrivna plo\u0161\u010da zaslona na dotik uporabnikom omogo\u010da interakcijo z zaslonom z intuitivnimi gestami na dotik, kot so dotiki, potegi in prijemi.<\/p>\n<\/li>\n<li data-sourcepos=\"13:1-14:0\">\n<p data-sourcepos=\"13:3-13:165\"><strong>Energetska u\u010dinkovitost:<\/strong> Zasloni OLED so v primerjavi z zasloni na dotik LCD obi\u010dajno energetsko u\u010dinkovitej\u0161i, saj porabijo manj energije, ne da bi pri tem ogrozili zmogljivost.<\/p>\n<\/li>\n<li data-sourcepos=\"15:1-16:0\">\n<p data-sourcepos=\"15:3-15:130\"><strong>Prilagodljiva zasnova:<\/strong> Zasloni OLED zagotavljajo ve\u010djo prilagodljivost pri oblikovanju, saj omogo\u010dajo izdelavo tanj\u0161ih, la\u017ejih in ukrivljenih zaslonov na dotik.<\/p>\n<\/li>\n<\/ul>\n<p data-sourcepos=\"17:1-17:39\"><strong>Uporaba:<\/strong><\/p>\n<ul data-sourcepos=\"19:1-19:151\">\n<li data-sourcepos=\"19:1-19:151\">\n<p data-sourcepos=\"19:3-19:178\"><strong>Pametni telefoni in tablice:<\/strong> Zasloni OLED se vse pogosteje uporabljajo v vrhunskih pametnih telefonih in tabli\u010dnih ra\u010dunalnikih, saj zagotavljajo vrhunsko izku\u0161njo gledanja in bolj\u0161o interakcijo z uporabnikom.<\/p>\n<\/li>\n<li data-sourcepos=\"21:1-22:0\">\n<p data-sourcepos=\"21:3-21:181\"><strong>Pametne ure in naprave za no\u0161enje:<\/strong> Zasloni OLED se zaradi svoje kompaktne velikosti, nizke porabe energije in visoke kakovosti slike vedno bolj uveljavljajo v pametnih urah in nosljivih napravah.<\/p>\n<\/li>\n<li data-sourcepos=\"23:1-24:0\">\n<p data-sourcepos=\"23:3-23:147\"><strong>Televizorji in monitorji:<\/strong> Televizorji in monitorji OLED so vse bolj priljubljeni, saj ponujajo izjemno kakovost slike in poglobljeno izku\u0161njo gledanja.<\/p>\n<\/li>\n<li data-sourcepos=\"25:1-26:0\">\n<p data-sourcepos=\"25:3-25:153\"><strong>Avtomobilski zasloni:<\/strong> Zasloni na dotik OLED se vgrajujejo v avtomobilske armaturne plo\u0161\u010de in informacijsko-zabavne sisteme ter tako izbolj\u0161ujejo vozni\u0161ko izku\u0161njo.<\/p>\n<\/li>\n<\/ul>","protected":false},"excerpt":{"rendered":"<p>Zasloni na dotik OLED so korenito spremenili na\u010din interakcije z digitalnimi napravami, saj ponujajo kombinacijo osupljivih vizualnih podob, odzivnega upravljanja na dotik in energetske u\u010dinkovitosti. Zaradi svoje vsestranskosti in vrhunske kakovosti prikaza so prednostna izbira za \u0161tevilne aplikacije, od pametnih telefonov in tabli\u010dnih ra\u010dunalnikov do televizorjev in avtomobilskih zaslonov.<\/p>","protected":false},"featured_media":1572,"template":"","meta":[],"product_cat":[41],"product_tag":[],"_links":{"self":[{"href":"https:\/\/touchscreenmfg.com\/sl\/wp-json\/wp\/v2\/product\/1611"}],"collection":[{"href":"https:\/\/touchscreenmfg.com\/sl\/wp-json\/wp\/v2\/product"}],"about":[{"href":"https:\/\/touchscreenmfg.com\/sl\/wp-json\/wp\/v2\/types\/product"}],"wp:featuredmedia":[{"embeddable":true,"href":"https:\/\/touchscreenmfg.com\/sl\/wp-json\/wp\/v2\/media\/1572"}],"wp:attachment":[{"href":"https:\/\/touchscreenmfg.com\/sl\/wp-json\/wp\/v2\/media?parent=1611"}],"wp:term":[{"taxonomy":"product_cat","embeddable":true,"href":"https:\/\/touchscreenmfg.com\/sl\/wp-json\/wp\/v2\/product_cat?post=1611"},{"taxonomy":"product_tag","embeddable":true,"href":"https:\/\/touchscreenmfg.com\/sl\/wp-json\/wp\/v2\/product_tag?post=1611"}],"curies":[{"name":"wp","href":"https:\/\/api.w.org\/{rel}","templated":true}]}}