{"id":1610,"date":"2024-06-29T01:06:10","date_gmt":"2024-06-29T01:06:10","guid":{"rendered":"https:\/\/touchscreenmfg.com\/manufacturer\/tft-touch-screen\/"},"modified":"2024-06-29T03:49:15","modified_gmt":"2024-06-29T03:49:15","slug":"tft-touch-screen","status":"publish","type":"product","link":"https:\/\/touchscreenmfg.com\/sl\/tft-touch-screen\/","title":{"rendered":"Zaslon na dotik TFT"},"content":{"rendered":"<h2 class=\"\" data-sourcepos=\"3:1-3:77\">Zasloni na dotik TFT: Kombinacija jasnosti barv in intuitivne interakcije na dotik<\/h2>\n<p data-sourcepos=\"5:1-5:122\">Zasloni na dotik TFT, znani tudi kot zasloni na dotik TFT, so vrsta zaslonov na dotik, ki uporabljajo tehnologijo tankoplastnih tranzistorjev (TFT) za zagotavljanje visokokakovostnih slik in omogo\u010danje interaktivnega upravljanja z dotikom. Ti vsestranski zasloni se pogosto uporabljajo v razli\u010dnih elektronskih napravah, saj zagotavljajo ravnovesje med vizualno jasnostjo in uporabniku prijazno interakcijo.<\/p>\n<p data-sourcepos=\"7:1-7:38\"><strong>Klju\u010dne lastnosti:<\/strong><\/p>\n<ul data-sourcepos=\"9:1-9:87\">\n<li data-sourcepos=\"9:1-9:87\">\n<p class=\"\" data-sourcepos=\"9:3-9:159\"><strong class=\"\">Prikaz \u017eivahnih barv:<\/strong> Zasloni na dotik TFT zagotavljajo \u0161irok razpon barv z visoko lo\u010dljivostjo ter vizualno privla\u010dno in zanimivo uporabni\u0161ko izku\u0161njo.<\/p>\n<\/li>\n<li data-sourcepos=\"11:1-12:0\">\n<p data-sourcepos=\"11:3-11:177\"><strong>Odzivna interakcija na dotik:<\/strong> Prekrivna plo\u0161\u010da zaslona na dotik uporabnikom omogo\u010da interakcijo z zaslonom z intuitivnimi gestami na dotik, kot so dotiki, potegi in prijemi.<\/p>\n<\/li>\n<li data-sourcepos=\"13:1-14:0\">\n<p data-sourcepos=\"13:3-13:158\"><strong>Trajno in vsestransko uporabno:<\/strong> Zasloni TFT so obi\u010dajno izdelani iz trajnih materialov, kot sta steklo ali plastika, zato so primerni za razli\u010dne aplikacije.<\/p>\n<\/li>\n<li data-sourcepos=\"15:1-16:0\">\n<p data-sourcepos=\"15:3-15:130\"><strong>Stro\u0161kovna u\u010dinkovitost:<\/strong> Tehnologija TFT v primerjavi z drugimi tehnologijami zaslonov na dotik zagotavlja ravnovesje med zmogljivostjo in cenovno dostopnostjo.<\/p>\n<\/li>\n<\/ul>\n<p data-sourcepos=\"17:1-17:2\"><strong>Uporaba:<\/strong><\/p>\n<ul data-sourcepos=\"19:1-26:0\">\n<li data-sourcepos=\"19:1-20:0\">\n<p data-sourcepos=\"19:3-19:171\"><strong>Pametni telefoni in tablice:<\/strong> Zasloni TFT se pogosto uporabljajo v pametnih telefonih in tabli\u010dnih ra\u010dunalnikih ter zagotavljajo stro\u0161kovno u\u010dinkovito in vsestransko re\u0161itev za naprave z mo\u017enostjo dotika.<\/p>\n<\/li>\n<li data-sourcepos=\"21:1-22:0\">\n<p data-sourcepos=\"21:3-21:140\"><strong>Prenosni in namizni ra\u010dunalniki:<\/strong> Prenosni ra\u010dunalniki z zaslonom na dotik in namizni ra\u010dunalniki \"vse v enem\" (AIO) pogosto uporabljajo zaslone TFT na dotik za bolj\u0161o interakcijo z uporabnikom.<\/p>\n<\/li>\n<li data-sourcepos=\"23:1-24:0\">\n<p data-sourcepos=\"23:3-23:171\"><strong>Kioski in interaktivni zasloni:<\/strong> Zasloni TFT se pogosto uporabljajo v kioskih, informacijskih terminalih in interaktivnih napisih za samopostre\u017ebo in dostop do informacij.<\/p>\n<\/li>\n<li data-sourcepos=\"25:1-26:0\">\n<p data-sourcepos=\"25:3-25:166\"><strong>Sistemi za prodajo na prodajnih mestih (POS):<\/strong> Zasloni TFT so bistveni sestavni deli sistemov POS, ki omogo\u010dajo u\u010dinkovito blagajni\u0161ko poslovanje in upravljanje naro\u010dil v maloprodajnih okoljih.<\/p>\n<\/li>\n<\/ul>","protected":false},"excerpt":{"rendered":"<p>Zasloni na dotik TFT so v svetu elektronskih naprav postali stalnica, saj ponujajo kombinacijo jasnosti barv, odzivne interakcije na dotik in cenovne dostopnosti. Zaradi svoje vsestranskosti so primerni za \u0161irok spekter aplikacij, od osebnih naprav do komercialnih prostorov, kar izbolj\u0161uje uporabni\u0161ko izku\u0161njo in spodbuja inovacije.<\/p>","protected":false},"featured_media":1571,"template":"","meta":[],"product_cat":[41],"product_tag":[],"_links":{"self":[{"href":"https:\/\/touchscreenmfg.com\/sl\/wp-json\/wp\/v2\/product\/1610"}],"collection":[{"href":"https:\/\/touchscreenmfg.com\/sl\/wp-json\/wp\/v2\/product"}],"about":[{"href":"https:\/\/touchscreenmfg.com\/sl\/wp-json\/wp\/v2\/types\/product"}],"wp:featuredmedia":[{"embeddable":true,"href":"https:\/\/touchscreenmfg.com\/sl\/wp-json\/wp\/v2\/media\/1571"}],"wp:attachment":[{"href":"https:\/\/touchscreenmfg.com\/sl\/wp-json\/wp\/v2\/media?parent=1610"}],"wp:term":[{"taxonomy":"product_cat","embeddable":true,"href":"https:\/\/touchscreenmfg.com\/sl\/wp-json\/wp\/v2\/product_cat?post=1610"},{"taxonomy":"product_tag","embeddable":true,"href":"https:\/\/touchscreenmfg.com\/sl\/wp-json\/wp\/v2\/product_tag?post=1610"}],"curies":[{"name":"wp","href":"https:\/\/api.w.org\/{rel}","templated":true}]}}