{"id":1609,"date":"2024-06-29T01:06:10","date_gmt":"2024-06-29T01:06:10","guid":{"rendered":"https:\/\/touchscreenmfg.com\/manufacturer\/lcd-touch-screen\/"},"modified":"2024-06-29T03:20:02","modified_gmt":"2024-06-29T03:20:02","slug":"lcd-touch-screen","status":"publish","type":"product","link":"https:\/\/touchscreenmfg.com\/sl\/lcd-touch-screen\/","title":{"rendered":"LCD zaslon na dotik"},"content":{"rendered":"<h2 class=\"\" data-sourcepos=\"3:1-3:89\">Zaslon LCD na dotik: Izbolj\u0161anje interakcije z uporabnikom z vizualno jasnostjo in taktilnim odzivom<\/h2>\n<p data-sourcepos=\"5:1-5:121\">Zasloni na dotik LCD, znani tudi kot zasloni s plo\u0161\u010dami na dotik ali zasloni s plo\u0161\u010dami na dotik, so vrsta zaslona na dotik, ki zdru\u017euje vizualno jasnost zaslona iz teko\u010dih kristalov (LCD) z interaktivnimi zmogljivostmi plo\u0161\u010de na dotik. Ti vsestranski zasloni se pogosto uporabljajo v razli\u010dnih elektronskih napravah, saj ponujajo uporabniku prijazen in privla\u010den vmesnik.<\/p>\n<p data-sourcepos=\"7:1-7:38\"><strong>Klju\u010dne lastnosti:<\/strong><\/p>\n<ul data-sourcepos=\"9:1-9:76\">\n<li data-sourcepos=\"9:1-9:76\">\n<p class=\"\" data-sourcepos=\"9:3-9:190\"><strong class=\"\">Jasen in \u017eivahen zaslon:<\/strong> Zasloni na dotik LCD uporabljajo tehnologijo LCD, ki zagotavlja slike visoke lo\u010dljivosti z bogatimi barvami in ostrimi podrobnostmi, kar zagotavlja vizualno privla\u010dno uporabni\u0161ko izku\u0161njo.<\/p>\n<\/li>\n<li data-sourcepos=\"11:1-12:0\">\n<p data-sourcepos=\"11:3-11:177\"><strong>Odzivna interakcija na dotik:<\/strong> Prekrivanje plo\u0161\u010de z zaslonom na dotik uporabnikom omogo\u010da interakcijo z zaslonom z intuitivnimi gestami na dotik, kot so dotiki, potegi in \u0161\u010dipanje.<\/p>\n<\/li>\n<li data-sourcepos=\"13:1-14:0\">\n<p data-sourcepos=\"13:3-13:185\"><strong>Trajno in vsestransko uporabno:<\/strong> Obi\u010dajno so izdelani iz trpe\u017enih materialov, kot sta steklo ali plastika, zato so odporni proti praskam in primerni za razli\u010dne aplikacije.<\/p>\n<\/li>\n<li data-sourcepos=\"15:1-15:72\">\n<p data-sourcepos=\"15:3-15:72\"><strong>Energetska u\u010dinkovitost:<\/strong> V primerjavi z drugimi zaslonskimi tehnologijami so na splo\u0161no energetsko u\u010dinkoviti, saj porabijo manj energije, ne da bi pri tem ogrozili zmogljivost.<\/p>\n<\/li>\n<\/ul>\n<p data-sourcepos=\"17:1-17:38\"><strong>Uporaba:<\/strong><\/p>\n<ul data-sourcepos=\"19:1-26:0\">\n<li data-sourcepos=\"19:1-20:0\">\n<p data-sourcepos=\"19:3-19:159\"><strong>Pametni telefoni in tablice:<\/strong> So glavna tehnologija prikazovanja za pametne telefone in tabli\u010dne ra\u010dunalnike, saj zagotavljajo kompakten in interaktiven vmesnik.<\/p>\n<\/li>\n<li data-sourcepos=\"21:1-22:0\">\n<p data-sourcepos=\"21:3-21:171\"><strong>Prenosni in namizni ra\u010dunalniki:<\/strong> Prenosni ra\u010dunalniki z zaslonom na dotik in namizni ra\u010dunalniki AIO \"vse v enem\" postajajo vse bolj priljubljeni, saj uporabljajo zaslone LCD na dotik za bolj\u0161o interakcijo z uporabnikom.<\/p>\n<\/li>\n<li data-sourcepos=\"23:1-24:0\">\n<p data-sourcepos=\"23:3-23:171\"><strong>Kioski in interaktivni zasloni:<\/strong> Zasloni LCD na dotik se pogosto uporabljajo v kioskih, informacijskih terminalih in interaktivnih napisih za samopostre\u017ebo in dostop do informacij.<\/p>\n<\/li>\n<li data-sourcepos=\"25:1-26:0\">\n<p data-sourcepos=\"25:3-25:166\"><strong>Sistemi za prodajo na prodajnih mestih (POS):<\/strong> LCD zasloni na dotik so bistveni sestavni deli sistemov POS, ki omogo\u010dajo u\u010dinkovito blagajni\u0161ko poslovanje in upravljanje naro\u010dil v maloprodajnih okoljih.<\/p>\n<\/li>\n<\/ul>","protected":false},"excerpt":{"rendered":"<p>LCD zasloni na dotik so postali nepogre\u0161ljivi sestavni deli sodobnega digitalnega okolja, saj ponujajo brezhibno kombinacijo vizualne jasnosti, odzivne interakcije na dotik in vzdr\u017eljivosti. Zaradi svoje vsestranskosti so primerni za \u0161tevilne aplikacije, od osebnih naprav do komercialnih prostorov, kar izbolj\u0161uje uporabni\u0161ko izku\u0161njo in spodbuja inovacije.<\/p>","protected":false},"featured_media":1570,"template":"","meta":[],"product_cat":[41],"product_tag":[],"_links":{"self":[{"href":"https:\/\/touchscreenmfg.com\/sl\/wp-json\/wp\/v2\/product\/1609"}],"collection":[{"href":"https:\/\/touchscreenmfg.com\/sl\/wp-json\/wp\/v2\/product"}],"about":[{"href":"https:\/\/touchscreenmfg.com\/sl\/wp-json\/wp\/v2\/types\/product"}],"wp:featuredmedia":[{"embeddable":true,"href":"https:\/\/touchscreenmfg.com\/sl\/wp-json\/wp\/v2\/media\/1570"}],"wp:attachment":[{"href":"https:\/\/touchscreenmfg.com\/sl\/wp-json\/wp\/v2\/media?parent=1609"}],"wp:term":[{"taxonomy":"product_cat","embeddable":true,"href":"https:\/\/touchscreenmfg.com\/sl\/wp-json\/wp\/v2\/product_cat?post=1609"},{"taxonomy":"product_tag","embeddable":true,"href":"https:\/\/touchscreenmfg.com\/sl\/wp-json\/wp\/v2\/product_tag?post=1609"}],"curies":[{"name":"wp","href":"https:\/\/api.w.org\/{rel}","templated":true}]}}