{"id":1608,"date":"2024-06-29T01:06:10","date_gmt":"2024-06-29T01:06:10","guid":{"rendered":"https:\/\/touchscreenmfg.com\/manufacturer\/touch-screen-lens\/"},"modified":"2024-06-29T03:53:36","modified_gmt":"2024-06-29T03:53:36","slug":"touch-screen-lens","status":"publish","type":"product","link":"https:\/\/touchscreenmfg.com\/sl\/touch-screen-lens\/","title":{"rendered":"Objektiv zaslona na dotik"},"content":{"rendered":"<h2 class=\"\" data-sourcepos=\"3:1-3:76\">Objektiv z zaslonom na dotik: Za\u0161\u010dita in izbolj\u0161anje izku\u0161enj na zaslonu na dotik<\/h2>\n<p data-sourcepos=\"5:1-5:166\">Objektiv za zaslone na dotik, znan tudi kot pokrov za zaslone na dotik ali za\u0161\u010ditna folija, je prozorna plast, ki se nanese na zaslon na dotik, da ga za\u0161\u010diti pred praskami, udarci in drugimi po\u0161kodbami. Ti za\u0161\u010ditni \u0161\u010diti imajo klju\u010dno vlogo pri ohranjanju celovitosti in funkcionalnosti zaslonov na dotik ter zagotavljajo nemoteno in odzivno uporabni\u0161ko izku\u0161njo.<\/p>\n<p data-sourcepos=\"7:1-7:40\"><strong>Klju\u010dne lastnosti:<\/strong><\/p>\n<ul data-sourcepos=\"9:1-9:121\">\n<li data-sourcepos=\"9:1-9:121\">\n<p class=\"\" data-sourcepos=\"9:3-9:191\"><strong class=\"\">Odpornost na praske:<\/strong> Objektiv zaslona na dotik je zasnovan tako, da je odporen na praske, ki nastanejo pri vsakdanji uporabi, kot so klju\u010di, kovanci in drugi predmeti, kar prepre\u010duje po\u0161kodbe ob\u010dutljive povr\u0161ine zaslona.<\/p>\n<\/li>\n<li data-sourcepos=\"11:1-12:0\">\n<p data-sourcepos=\"11:3-11:156\"><strong>Za\u0161\u010dita pred udarci:<\/strong> Te za\u0161\u010ditne folije lahko absorbirajo in razpr\u0161ijo silo udarcev ter tako zmanj\u0161ajo tveganje za nastanek razpok in zlomov na zaslonu na dotik.<\/p>\n<\/li>\n<li data-sourcepos=\"13:1-14:0\">\n<p data-sourcepos=\"13:3-13:242\"><strong>Za\u0161\u010dita pred ble\u0161\u010danjem in zmanj\u0161evanje razmazanosti:<\/strong> Nekatere le\u010de za zaslone na dotik imajo premaze proti ble\u0161\u010danju, ki zmanj\u0161ujejo odseve in izbolj\u0161ujejo vidljivost v svetlih okoljih. Lahko imajo tudi lastnosti proti razmazovanju, ki zmanj\u0161ujejo koli\u010dino prstnih odtisov in made\u017eev.<\/p>\n<\/li>\n<li data-sourcepos=\"15:1-15:56\">\n<p data-sourcepos=\"15:3-15:56\"><strong>Zdru\u017eljivost z ob\u010dutljivostjo na dotik:<\/strong> Le\u010de za zaslone na dotik so obi\u010dajno zasnovane tako, da ohranjajo ob\u010dutljivost zaslona na dotik ter zagotavljajo nemoteno interakcijo in odzivnost.<\/p>\n<\/li>\n<\/ul>\n<p data-sourcepos=\"17:1-17:40\"><strong>Uporaba:<\/strong><\/p>\n<ul data-sourcepos=\"19:1-26:0\">\n<li data-sourcepos=\"19:1-20:0\">\n<p data-sourcepos=\"19:3-19:154\"><strong>Pametni telefoni in tablice:<\/strong> Le\u010de za zaslone na dotik se pogosto uporabljajo v pametnih telefonih in tabli\u010dnih ra\u010dunalnikih za za\u0161\u010dito dragocenih zaslonov pred vsakodnevno obrabo.<\/p>\n<\/li>\n<li data-sourcepos=\"21:1-22:0\">\n<p data-sourcepos=\"21:3-21:135\"><strong>Prenosni in namizni ra\u010dunalniki:<\/strong> Za prenosne ra\u010dunalnike z zaslonom na dotik in namizne ra\u010dunalnike \"vse-v-enem\" (AIO) je pogosto koristna za\u0161\u010dita z le\u010dami za zaslone na dotik.<\/p>\n<\/li>\n<li data-sourcepos=\"23:1-24:0\">\n<p data-sourcepos=\"23:3-23:203\"><strong>Kioski in interaktivni zasloni:<\/strong> Javno dostopni kioski in interaktivni zasloni so \u0161e posebej izpostavljeni praskam in udarcem, zato so le\u010de za zaslone na dotik bistvenega pomena za njihovo za\u0161\u010dito.<\/p>\n<\/li>\n<li data-sourcepos=\"25:1-26:0\">\n<p data-sourcepos=\"25:3-25:185\"><strong>Sistemi za prodajo na prodajnih mestih (POS):<\/strong> Sistemi POS z zaslonom na dotik se zana\u0161ajo na le\u010de zaslona na dotik, ki \u0161\u010ditijo zaslone pred po\u0161kodbami in zagotavljajo neprekinjeno delovanje v maloprodajnih okoljih.<\/p>\n<\/li>\n<\/ul>","protected":false},"excerpt":{"rendered":"<p>Le\u010de za zaslone na dotik so pomembna za\u0161\u010ditna pregrada za zaslone na dotik, ki podalj\u0161ujejo njihovo \u017eivljenjsko dobo in ohranjajo njihovo funkcionalnost. Njihova sposobnost prepre\u010devanja prask, udarcev in made\u017eev zagotavlja dosledno in prijetno uporabni\u0161ko izku\u0161njo v razli\u010dnih aplikacijah.<\/p>","protected":false},"featured_media":1568,"template":"","meta":[],"product_cat":[41],"product_tag":[],"_links":{"self":[{"href":"https:\/\/touchscreenmfg.com\/sl\/wp-json\/wp\/v2\/product\/1608"}],"collection":[{"href":"https:\/\/touchscreenmfg.com\/sl\/wp-json\/wp\/v2\/product"}],"about":[{"href":"https:\/\/touchscreenmfg.com\/sl\/wp-json\/wp\/v2\/types\/product"}],"wp:featuredmedia":[{"embeddable":true,"href":"https:\/\/touchscreenmfg.com\/sl\/wp-json\/wp\/v2\/media\/1568"}],"wp:attachment":[{"href":"https:\/\/touchscreenmfg.com\/sl\/wp-json\/wp\/v2\/media?parent=1608"}],"wp:term":[{"taxonomy":"product_cat","embeddable":true,"href":"https:\/\/touchscreenmfg.com\/sl\/wp-json\/wp\/v2\/product_cat?post=1608"},{"taxonomy":"product_tag","embeddable":true,"href":"https:\/\/touchscreenmfg.com\/sl\/wp-json\/wp\/v2\/product_tag?post=1608"}],"curies":[{"name":"wp","href":"https:\/\/api.w.org\/{rel}","templated":true}]}}