{"id":2179,"date":"2024-09-20T08:13:40","date_gmt":"2024-09-20T08:13:40","guid":{"rendered":"https:\/\/touchscreenmfg.com\/?post_type=product&#038;p=2179"},"modified":"2024-09-20T08:13:56","modified_gmt":"2024-09-20T08:13:56","slug":"pc-touch-screen","status":"publish","type":"product","link":"https:\/\/touchscreenmfg.com\/sk\/pc-touch-screen\/","title":{"rendered":"Dotykov\u00e1 obrazovka po\u010d\u00edta\u010da"},"content":{"rendered":"<h2>Dotykov\u00e9 obrazovky PC: Odoln\u00e1 a v\u0161estrann\u00e1 vo\u013eba<\/h2>\n<h3 data-sourcepos=\"5:1-5:39\">K\u013e\u00fa\u010dov\u00e9 v\u00fdhody:<\/h3>\n<ul>\n<li><span class=\"citation-0 recitation\">Vysok\u00e1 odolnos\u0165 vo\u010di n\u00e1razom:<\/span><span class=\"citation-0 recitation citation-end-0\"> Po\u010d\u00edta\u010d je vysoko odoln\u00fd vo\u010di n\u00e1razom, tak\u017ee je vhodn\u00fd pre zariadenia, ktor\u00e9 m\u00f4\u017eu za\u017ei\u0165 fyzick\u00e9 n\u00e1razy alebo p\u00e1dy.<\/span><\/li>\n<li>Teplotn\u00e1 odolnos\u0165: PC odol\u00e1va \u0161irok\u00e9mu rozsahu tepl\u00f4t, tak\u017ee je vhodn\u00fd na vonkaj\u0161ie alebo priemyseln\u00e9 aplik\u00e1cie.<\/li>\n<li><span class=\"citation-1 recitation\">Chemick\u00e1 odolnos\u0165:<\/span><span class=\"citation-1 recitation citation-end-1\"> PC je odoln\u00fd vo\u010di mnoh\u00fdm chemik\u00e1li\u00e1m a rozp\u00fa\u0161\u0165adl\u00e1m, v\u010faka \u010domu je odoln\u00fd v n\u00e1ro\u010dn\u00fdch podmienkach.<\/span><\/li>\n<li><span class=\"citation-2 recitation\">Optick\u00e1 \u010distota:<\/span><span class=\"citation-2 recitation citation-end-2\"> Po\u010d\u00edta\u010d pon\u00faka dobr\u00fa optick\u00fa \u010distotu, ktor\u00e1 zaru\u010duje jasn\u00fd a citliv\u00fd dotykov\u00fd z\u00e1\u017eitok.<\/span><\/li>\n<\/ul>\n<h3 data-sourcepos=\"12:1-12:37\">Aplik\u00e1cie:<\/h3>\n<ul>\n<li><span class=\"citation-3 recitation\">Priemyseln\u00e1 automatiz\u00e1cia:<\/span><span class=\"citation-3 recitation citation-end-3\"> Dotykov\u00e9 obrazovky PC sa \u0161iroko pou\u017e\u00edvaj\u00fa v priemyseln\u00fdch ovl\u00e1dac\u00edch paneloch a strojoch v\u010faka svojej trvanlivosti a odolnosti vo\u010di drsn\u00fdm podmienkam.<\/span><\/li>\n<li>Vonkaj\u0161ie kiosky: Dotykov\u00e9 obrazovky PC s\u00fa vhodn\u00e9 pre vonkaj\u0161ie kiosky a informa\u010dn\u00e9 termin\u00e1ly, preto\u017ee s\u00fa odoln\u00e9 vo\u010di vplyvom po\u010dasia.<\/li>\n<li>Automobilov\u00fd priemysel: PC sa pou\u017e\u00edva v informa\u010dn\u00fdch a z\u00e1bavn\u00fdch syst\u00e9moch a obrazovk\u00e1ch navig\u00e1cie v automobiloch, kde je d\u00f4le\u017eit\u00e1 trvanlivos\u0165 a teplotn\u00e1 odolnos\u0165.<\/li>\n<li><span class=\"citation-4 recitation\">Zdravotn\u00edcke pom\u00f4cky:<\/span><span class=\"citation-4 recitation citation-end-4\"> Dotykov\u00e9 obrazovky PC sa nach\u00e1dzaj\u00fa v lek\u00e1rskych zariadeniach, ako s\u00fa diagnostick\u00e9 pr\u00edstroje a syst\u00e9my na monitorovanie pacientov.<\/span><\/li>\n<\/ul>\n<h3 data-sourcepos=\"19:1-19:44\">Porovnanie dotykov\u00fdch obrazoviek PMMA a PC:<\/h3>\n<div class=\"horizontal-scroll-wrapper\">\n<div class=\"table-block-component\">\n<div class=\"table-block\">\n<div class=\"table-content not-end-of-paragraph\">\n<table style=\"height: 170px;\" width=\"612\" data-sourcepos=\"21:1-27:25\">\n<tbody>\n<tr data-sourcepos=\"21:1-21:23\">\n<th data-sourcepos=\"21:1-21:9\">Funkcia<\/th>\n<th data-sourcepos=\"21:11-21:16\">PMMA<\/th>\n<th data-sourcepos=\"21:18-21:21\">PC<\/th>\n<\/tr>\n<tr data-sourcepos=\"23:1-23:40\">\n<td data-sourcepos=\"23:1-23:19\">Odolnos\u0165 proti n\u00e1razu<\/td>\n<td data-sourcepos=\"23:21-23:26\">Dobr\u00fd<\/td>\n<td data-sourcepos=\"23:28-23:38\">Vynikaj\u00face<\/td>\n<\/tr>\n<tr data-sourcepos=\"24:1-24:45\">\n<td data-sourcepos=\"24:1-24:24\">Odolnos\u0165 vo\u010di teplote<\/td>\n<td data-sourcepos=\"24:26-24:31\">Dobr\u00fd<\/td>\n<td data-sourcepos=\"24:33-24:43\">Vynikaj\u00face<\/td>\n<\/tr>\n<tr data-sourcepos=\"25:1-25:42\">\n<td data-sourcepos=\"25:1-25:21\">Chemick\u00e1 odolnos\u0165<\/td>\n<td data-sourcepos=\"25:23-25:28\">Dobr\u00fd<\/td>\n<td data-sourcepos=\"25:30-25:40\">Vynikaj\u00face<\/td>\n<\/tr>\n<tr data-sourcepos=\"26:1-26:38\">\n<td data-sourcepos=\"26:1-26:17\">Optick\u00e1 \u010distota<\/td>\n<td data-sourcepos=\"26:19-26:29\">Vynikaj\u00face<\/td>\n<td data-sourcepos=\"26:31-26:36\">Dobr\u00fd<\/td>\n<\/tr>\n<tr data-sourcepos=\"27:1-27:25\">\n<td data-sourcepos=\"27:1-27:6\">N\u00e1klady<\/td>\n<td data-sourcepos=\"27:8-27:14\">Ni\u017e\u0161ie<\/td>\n<td data-sourcepos=\"27:16-27:23\">Vy\u0161\u0161ie<\/td>\n<\/tr>\n<\/tbody>\n<\/table>\n<\/div>\n<\/div>\n<\/div>\n<\/div>","protected":false},"excerpt":{"rendered":"<p>Dotykov\u00e9 obrazovky z PC (polykarbon\u00e1tu) s\u00fa \u010fal\u0161ou ob\u013e\u00fabenou mo\u017enos\u0165ou pre elektronick\u00e9 zariadenia, preto\u017ee pon\u00fakaj\u00fa vynikaj\u00facu trvanlivos\u0165 a odolnos\u0165 vo\u010di n\u00e1razom. \u010casto sa pou\u017e\u00edvaj\u00fa v aplik\u00e1ci\u00e1ch, kde je d\u00f4le\u017eit\u00e1 odolnos\u0165 a robustnos\u0165.<\/p>\n<p>Na z\u00e1ver mo\u017eno kon\u0161tatova\u0165, \u017ee dotykov\u00e9 obrazovky z PMMA aj z PC maj\u00fa vynikaj\u00faci v\u00fdkon a odolnos\u0165. V\u00fdber medzi t\u00fdmito dvoma materi\u00e1lmi z\u00e1vis\u00ed od konkr\u00e9tnych po\u017eiadaviek aplik\u00e1cie. PMMA je vo v\u0161eobecnosti cenovo v\u00fdhodnej\u0161\u00ed a pon\u00faka vynikaj\u00facu optick\u00fa \u010distotu, zatia\u013e \u010do PC je zn\u00e1my svojou v\u00fdnimo\u010dnou odolnos\u0165ou vo\u010di n\u00e1razom a teplot\u00e1m.<\/p>","protected":false},"featured_media":2180,"template":"","meta":[],"product_cat":[43],"product_tag":[],"_links":{"self":[{"href":"https:\/\/touchscreenmfg.com\/sk\/wp-json\/wp\/v2\/product\/2179"}],"collection":[{"href":"https:\/\/touchscreenmfg.com\/sk\/wp-json\/wp\/v2\/product"}],"about":[{"href":"https:\/\/touchscreenmfg.com\/sk\/wp-json\/wp\/v2\/types\/product"}],"wp:featuredmedia":[{"embeddable":true,"href":"https:\/\/touchscreenmfg.com\/sk\/wp-json\/wp\/v2\/media\/2180"}],"wp:attachment":[{"href":"https:\/\/touchscreenmfg.com\/sk\/wp-json\/wp\/v2\/media?parent=2179"}],"wp:term":[{"taxonomy":"product_cat","embeddable":true,"href":"https:\/\/touchscreenmfg.com\/sk\/wp-json\/wp\/v2\/product_cat?post=2179"},{"taxonomy":"product_tag","embeddable":true,"href":"https:\/\/touchscreenmfg.com\/sk\/wp-json\/wp\/v2\/product_tag?post=2179"}],"curies":[{"name":"wp","href":"https:\/\/api.w.org\/{rel}","templated":true}]}}