{"id":2177,"date":"2024-09-20T08:00:55","date_gmt":"2024-09-20T08:00:55","guid":{"rendered":"https:\/\/touchscreenmfg.com\/?post_type=product&#038;p=2177"},"modified":"2025-03-15T09:13:16","modified_gmt":"2025-03-15T09:13:16","slug":"pmma-touch-screen","status":"publish","type":"product","link":"https:\/\/touchscreenmfg.com\/sk\/pmma-touch-screen\/","title":{"rendered":"Dotykov\u00fd displej PMMA"},"content":{"rendered":"<h2>Dotykov\u00e9 obrazovky PMMA: Jasn\u00e1 a citliv\u00e1 vo\u013eba<\/h2>\n<h3 data-sourcepos=\"5:1-5:38\">K\u013e\u00fa\u010dov\u00e9 v\u00fdhody:<\/h3>\n<ul data-sourcepos=\"7:1-8:61\">\n<li data-sourcepos=\"7:1-7:108\">Vysok\u00e1 transparentnos\u0165: <a href=\"https:\/\/nylon-granules.com\/acrylic-sheet\/\" target=\"_blank\" rel=\"noopener\">PMMA<\/a> poskytuje vynikaj\u00facu jasnos\u0165 a vidite\u013enos\u0165, \u010d\u00edm zabezpe\u010duje jasn\u00e9 a ostr\u00e9 zobrazenie.<\/li>\n<li data-sourcepos=\"8:1-8:61\">\u013dahk\u00e9: PMMA je relat\u00edvne \u013eahk\u00fd materi\u00e1l, ktor\u00fd je vhodn\u00fd pre prenosn\u00e9 zariadenia.<\/li>\n<li data-sourcepos=\"9:1-9:97\">Odolnos\u0165 proti po\u0161kriabaniu: PMMA poskytuje dobr\u00fa odolnos\u0165 proti po\u0161kriabaniu, \u010d\u00edm chr\u00e1ni obrazovku pred po\u0161koden\u00edm.<\/li>\n<li data-sourcepos=\"10:1-10:29\">Chemick\u00e1 odolnos\u0165: PMMA je odoln\u00fd vo\u010di r\u00f4znym chemik\u00e1li\u00e1m, tak\u017ee je vhodn\u00fd na pou\u017eitie v n\u00e1ro\u010dn\u00fdch podmienkach.<\/li>\n<li data-sourcepos=\"11:1-12:0\">N\u00e1kladovo efekt\u00edvne: PMMA je vo v\u0161eobecnosti cenovo v\u00fdhodnej\u0161\u00ed v porovnan\u00ed s in\u00fdmi materi\u00e1lmi, ako je sklo.<\/li>\n<\/ul>\n<h3 data-sourcepos=\"13:1-13:39\">Aplik\u00e1cie:<\/h3>\n<ul data-sourcepos=\"15:1-17:89\">\n<li data-sourcepos=\"15:1-15:170\">Smartf\u00f3ny a tablety: PMMA sa be\u017ene pou\u017e\u00edva v dotykov\u00fdch obrazovk\u00e1ch smartf\u00f3nov a tabletov v\u010faka kombin\u00e1cii prieh\u013eadnosti, odolnosti a cenovej v\u00fdhodnosti.<\/li>\n<li data-sourcepos=\"16:1-16:150\">Syst\u00e9my na mieste predaja (POS): Dotykov\u00e9 obrazovky PMMA sa \u0161iroko pou\u017e\u00edvaj\u00fa v maloobchode a pohostinstve na interakciu so z\u00e1kazn\u00edkmi a transakcie.<\/li>\n<li data-sourcepos=\"17:1-17:89\">Priemyseln\u00e1 automatiz\u00e1cia: Dotykov\u00e9 obrazovky PMMA sa pou\u017e\u00edvaj\u00fa v priemyseln\u00fdch ovl\u00e1dac\u00edch paneloch a strojoch na zad\u00e1vanie \u00fadajov obsluhou.<\/li>\n<li data-sourcepos=\"18:1-19:0\">Zdravotn\u00edcke pom\u00f4cky: Dotykov\u00e9 obrazovky PMMA sa nach\u00e1dzaj\u00fa v lek\u00e1rskych zariadeniach, ako s\u00fa diagnostick\u00e9 pr\u00edstroje a syst\u00e9my na monitorovanie pacientov.<\/li>\n<\/ul>\n<h3 data-sourcepos=\"20:1-20:68\">Hoci PMMA pon\u00faka mnoho v\u00fdhod, m\u00e1 aj ur\u010dit\u00e9 obmedzenia:<\/h3>\n<ul data-sourcepos=\"22:1-24:0\">\n<li data-sourcepos=\"22:1-22:86\">Tvrdos\u0165: PMMA nie je tak tvrd\u00fd ako sklo, tak\u017ee je n\u00e1chylnej\u0161\u00ed na po\u0161kriabanie.<\/li>\n<li data-sourcepos=\"23:1-24:0\">Teplotn\u00e1 citlivos\u0165: PMMA m\u00f4\u017ee by\u0165 ovplyvnen\u00fd extr\u00e9mnymi teplotami, ktor\u00e9 m\u00f4\u017eu ovplyvni\u0165 jeho v\u00fdkon.<\/li>\n<\/ul>","protected":false},"excerpt":{"rendered":"<p data-sourcepos=\"3:1-3:93\">PMMA alebo polymetylmetakryl\u00e1t je ob\u013e\u00faben\u00fd materi\u00e1l pre dotykov\u00e9 obrazovky v\u010faka svojim vynikaj\u00facim optick\u00fdm vlastnostiam a odolnosti. Dotykov\u00e9 obrazovky z PMMA pon\u00fakaj\u00fa jasn\u00e9, citliv\u00e9 a cenovo v\u00fdhodn\u00e9 rie\u0161enie pre r\u00f4zne elektronick\u00e9 zariadenia.<\/p>\n<p data-sourcepos=\"3:1-3:93\">Dotykov\u00e9 obrazovky z PMMA predstavuj\u00fa spo\u013eahliv\u00e9 a cenovo v\u00fdhodn\u00e9 rie\u0161enie pre \u0161irok\u00fa \u0161k\u00e1lu aplik\u00e1ci\u00ed. Ich kombin\u00e1cia jasnosti, odolnosti a cenovej dostupnosti z nich rob\u00ed ob\u013e\u00faben\u00fa vo\u013ebu v elektronickom priemysle.<\/p>","protected":false},"featured_media":2178,"template":"","meta":[],"product_cat":[43],"product_tag":[],"_links":{"self":[{"href":"https:\/\/touchscreenmfg.com\/sk\/wp-json\/wp\/v2\/product\/2177"}],"collection":[{"href":"https:\/\/touchscreenmfg.com\/sk\/wp-json\/wp\/v2\/product"}],"about":[{"href":"https:\/\/touchscreenmfg.com\/sk\/wp-json\/wp\/v2\/types\/product"}],"wp:featuredmedia":[{"embeddable":true,"href":"https:\/\/touchscreenmfg.com\/sk\/wp-json\/wp\/v2\/media\/2178"}],"wp:attachment":[{"href":"https:\/\/touchscreenmfg.com\/sk\/wp-json\/wp\/v2\/media?parent=2177"}],"wp:term":[{"taxonomy":"product_cat","embeddable":true,"href":"https:\/\/touchscreenmfg.com\/sk\/wp-json\/wp\/v2\/product_cat?post=2177"},{"taxonomy":"product_tag","embeddable":true,"href":"https:\/\/touchscreenmfg.com\/sk\/wp-json\/wp\/v2\/product_tag?post=2177"}],"curies":[{"name":"wp","href":"https:\/\/api.w.org\/{rel}","templated":true}]}}