{"id":1877,"date":"2024-08-07T02:50:04","date_gmt":"2024-08-07T02:50:04","guid":{"rendered":"https:\/\/touchscreenmfg.com\/?post_type=product&#038;p=1877"},"modified":"2024-08-07T03:01:34","modified_gmt":"2024-08-07T03:01:34","slug":"controller-touch-switch","status":"publish","type":"product","link":"https:\/\/touchscreenmfg.com\/sk\/controller-touch-switch\/","title":{"rendered":"Dotykov\u00fd sp\u00edna\u010d ovl\u00e1da\u010da"},"content":{"rendered":"<h3 class=\"\" data-sourcepos=\"11:1-11:45\">Aplik\u00e1cie<\/h3>\n<p data-sourcepos=\"13:1-13:71\">Dotykov\u00e9 sp\u00edna\u010de Controller nach\u00e1dzaj\u00fa uplatnenie v mnoh\u00fdch priemyseln\u00fdch odvetviach:<\/p>\n<ul data-sourcepos=\"15:1-20:0\">\n<li data-sourcepos=\"15:1-15:84\"><strong>Spotrebn\u00e1 elektronika:<\/strong> Smartf\u00f3ny, tablety, inteligentn\u00e9 hodinky a hern\u00e9 konzoly.<\/li>\n<li data-sourcepos=\"16:1-16:88\"><strong>Automobilov\u00fd priemysel:<\/strong> Informa\u010dn\u00e9 a z\u00e1bavn\u00e9 syst\u00e9my, panely klimatiz\u00e1cie a pr\u00edstrojov\u00e9 dosky.<\/li>\n<li data-sourcepos=\"17:1-17:85\"><strong>Priemyseln\u00e1 automatiz\u00e1cia:<\/strong> Ovl\u00e1dacie panely strojov, rozhrania \u010dlovek-stroj (HMI).<\/li>\n<li data-sourcepos=\"18:1-18:72\"><strong>Dom\u00e1ce spotrebi\u010de:<\/strong> Inteligentn\u00e9 r\u00fary, chladni\u010dky a pr\u00e1\u010dky.<\/li>\n<li data-sourcepos=\"19:1-20:0\"><strong>Zdravotn\u00edcke vybavenie:<\/strong> Diagnostick\u00e9 pr\u00edstroje, syst\u00e9my na monitorovanie pacientov.<\/li>\n<\/ul>\n<h3 class=\"\" data-sourcepos=\"21:1-21:41\">V\u00fdhody<\/h3>\n<ul data-sourcepos=\"23:1-28:0\">\n<li data-sourcepos=\"23:1-23:81\"><strong>Intuit\u00edvne pou\u017e\u00edvate\u013esk\u00e9 rozhranie:<\/strong> Poskytuje prirodzen\u00fa a pou\u017e\u00edvate\u013esky pr\u00edvetiv\u00fa interakciu.<\/li>\n<li data-sourcepos=\"24:1-24:71\"><strong>Elegantn\u00fd dizajn:<\/strong> Prispieva k modern\u00e9mu a estetick\u00e9mu dizajnu v\u00fdrobkov.<\/li>\n<li data-sourcepos=\"25:1-25:65\"><strong>Odolnos\u0165:<\/strong> Odolnos\u0165 vo\u010di opotrebovaniu zaru\u010duje dlh\u00fa \u017eivotnos\u0165.<\/li>\n<li data-sourcepos=\"26:1-26:83\"><strong>Prisp\u00f4sobenie:<\/strong> D\u00e1 sa prisp\u00f4sobi\u0165 konkr\u00e9tnym aplik\u00e1ci\u00e1m a preferenci\u00e1m pou\u017e\u00edvate\u013ea.<\/li>\n<li data-sourcepos=\"27:1-28:0\"><strong>Hygiena:<\/strong> V porovnan\u00ed s fyzick\u00fdmi tla\u010didlami sa \u013eah\u0161ie \u010dist\u00ed.<\/li>\n<\/ul>","protected":false},"excerpt":{"rendered":"<p>Dotykov\u00fd ovl\u00e1da\u010d je pou\u017e\u00edvate\u013esk\u00e9 rozhranie, ktor\u00e9 reaguje na dotykov\u00fd vstup a umo\u017e\u0148uje ovl\u00e1danie r\u00f4znych zariaden\u00ed a syst\u00e9mov. T\u00e1to technol\u00f3gia priniesla revol\u00faciu v sp\u00f4sobe interakcie s elektronikou a pon\u00faka bezprobl\u00e9mov\u00e9 a intuit\u00edvne ovl\u00e1danie.<\/p>","protected":false},"featured_media":1878,"template":"","meta":[],"product_cat":[42],"product_tag":[],"_links":{"self":[{"href":"https:\/\/touchscreenmfg.com\/sk\/wp-json\/wp\/v2\/product\/1877"}],"collection":[{"href":"https:\/\/touchscreenmfg.com\/sk\/wp-json\/wp\/v2\/product"}],"about":[{"href":"https:\/\/touchscreenmfg.com\/sk\/wp-json\/wp\/v2\/types\/product"}],"wp:featuredmedia":[{"embeddable":true,"href":"https:\/\/touchscreenmfg.com\/sk\/wp-json\/wp\/v2\/media\/1878"}],"wp:attachment":[{"href":"https:\/\/touchscreenmfg.com\/sk\/wp-json\/wp\/v2\/media?parent=1877"}],"wp:term":[{"taxonomy":"product_cat","embeddable":true,"href":"https:\/\/touchscreenmfg.com\/sk\/wp-json\/wp\/v2\/product_cat?post=1877"},{"taxonomy":"product_tag","embeddable":true,"href":"https:\/\/touchscreenmfg.com\/sk\/wp-json\/wp\/v2\/product_tag?post=1877"}],"curies":[{"name":"wp","href":"https:\/\/api.w.org\/{rel}","templated":true}]}}