{"id":1871,"date":"2024-08-07T02:46:18","date_gmt":"2024-08-07T02:46:18","guid":{"rendered":"https:\/\/touchscreenmfg.com\/?post_type=product&#038;p=1871"},"modified":"2024-08-07T02:58:47","modified_gmt":"2024-08-07T02:58:47","slug":"car-light-touch-switch","status":"publish","type":"product","link":"https:\/\/touchscreenmfg.com\/sk\/car-light-touch-switch\/","title":{"rendered":"Dotykov\u00fd sp\u00edna\u010d svetla auta"},"content":{"rendered":"<h3><strong><b>V\u00fdhody dotykov\u00fdch sp\u00edna\u010dov automobilov\u00fdch svetiel<\/b><\/strong><\/h3>\n<ul>\n<li><strong>Vylep\u0161en\u00e1 estetika:<\/strong>\u00a0Elegantn\u00fd a minimalistick\u00fd dizajn prispieva k modern\u00e9mu interi\u00e9ru vozidla.<\/li>\n<li><strong>Zlep\u0161en\u00e1 pou\u017eite\u013enos\u0165:<\/strong>\u00a0Intuit\u00edvne dotykov\u00e9 rozhranie zni\u017euje rozpty\u013eovanie vodi\u010da.<\/li>\n<li><strong>Odolnos\u0165:<\/strong>\u00a0Odolnos\u0165 vo\u010di opotrebovaniu zaru\u010duje dlhotrvaj\u00faci v\u00fdkon.<\/li>\n<li><strong>Prisp\u00f4sobenie:<\/strong>\u00a0Mo\u017eno naprogramova\u0165 r\u00f4zne funkcie a re\u017eimy osvetlenia.<\/li>\n<li><strong>Hygiena:<\/strong>\u00a0V porovnan\u00ed s fyzick\u00fdmi tla\u010didlami sa \u013eah\u0161ie \u010dist\u00ed.<\/li>\n<\/ul>\n<h3><strong><b>Typy dotykov\u00fdch sp\u00edna\u010dov automobilov\u00fdch svetiel<\/b><\/strong><\/h3>\n<ul>\n<li><strong>Kapacitn\u00e9 dotykov\u00e9 sp\u00edna\u010de:<\/strong>\u00a0Reagujte na zmeny kapacity sp\u00f4soben\u00e9 \u013eudsk\u00fdm telom.<\/li>\n<li><strong>Odporov\u00e9 dotykov\u00e9 sp\u00edna\u010de:<\/strong>\u00a0Zis\u0165ovanie zmien elektrick\u00e9ho odporu pri stla\u010den\u00ed.<\/li>\n<li><strong>Projektovan\u00e9 kapacitn\u00e9 dotykov\u00e9 sp\u00edna\u010de:<\/strong>\u00a0Vy\u0161\u0161ia citlivos\u0165 a presnos\u0165.<\/li>\n<\/ul>\n<h3><strong><b>Aplik\u00e1cie vo vozidl\u00e1ch<\/b><\/strong><\/h3>\n<p>Dotykov\u00e9 sp\u00edna\u010de automobilov\u00fdch svetiel sa be\u017ene pou\u017e\u00edvaj\u00fa na:<\/p>\n<ul>\n<li><strong>Ovl\u00e1danie svetlometov:<\/strong>\u00a0Nastavenie jasu, vzorov l\u00fa\u010dov a funkci\u00ed automatick\u00e9ho zapnutia\/vypnutia.<\/li>\n<li><strong>Vn\u00fatorn\u00e9 osvetlenie:<\/strong>\u00a0Ovl\u00e1danie okolit\u00e9ho osvetlenia, svetiel na \u010d\u00edtanie a n\u00e1ladov\u00e9ho osvetlenia.<\/li>\n<li><strong>Ovl\u00e1dacie prvky na pr\u00edstrojovej doske:<\/strong>\u00a0Ovl\u00e1danie klimatiz\u00e1cie, audio syst\u00e9mov a \u010fal\u0161\u00edch funkci\u00ed vozidla.<\/li>\n<\/ul>","protected":false},"excerpt":{"rendered":"<h3 data-sourcepos=\"5:1-5:37\">Ako funguj\u00fa dotykov\u00e9 sp\u00edna\u010de automobilov\u00fdch svetiel<\/h3>\n<p data-sourcepos=\"7:1-7:243\"><span class=\"citation-1 recitation citation-end-1\">\u013dahk\u00e9 dotykov\u00e9 sp\u00edna\u010de automobilov zvy\u010dajne vyu\u017e\u00edvaj\u00fa kapacitn\u00fa alebo odporov\u00fa technol\u00f3giu na detekciu kontaktu s prstom.<\/span> Ke\u010f sa prst dotkne povrchu sp\u00edna\u010da, d\u00f4jde k zmene kapacity alebo odporu, \u010d\u00edm sa spust\u00ed po\u017eadovan\u00e1 funkcia.<\/p>","protected":false},"featured_media":1872,"template":"","meta":[],"product_cat":[42],"product_tag":[],"_links":{"self":[{"href":"https:\/\/touchscreenmfg.com\/sk\/wp-json\/wp\/v2\/product\/1871"}],"collection":[{"href":"https:\/\/touchscreenmfg.com\/sk\/wp-json\/wp\/v2\/product"}],"about":[{"href":"https:\/\/touchscreenmfg.com\/sk\/wp-json\/wp\/v2\/types\/product"}],"wp:featuredmedia":[{"embeddable":true,"href":"https:\/\/touchscreenmfg.com\/sk\/wp-json\/wp\/v2\/media\/1872"}],"wp:attachment":[{"href":"https:\/\/touchscreenmfg.com\/sk\/wp-json\/wp\/v2\/media?parent=1871"}],"wp:term":[{"taxonomy":"product_cat","embeddable":true,"href":"https:\/\/touchscreenmfg.com\/sk\/wp-json\/wp\/v2\/product_cat?post=1871"},{"taxonomy":"product_tag","embeddable":true,"href":"https:\/\/touchscreenmfg.com\/sk\/wp-json\/wp\/v2\/product_tag?post=1871"}],"curies":[{"name":"wp","href":"https:\/\/api.w.org\/{rel}","templated":true}]}}