{"id":1862,"date":"2024-08-07T02:42:39","date_gmt":"2024-08-07T02:42:39","guid":{"rendered":"https:\/\/touchscreenmfg.com\/?post_type=product&#038;p=1862"},"modified":"2024-08-07T02:54:53","modified_gmt":"2024-08-07T02:54:53","slug":"car-center-console-touch-film","status":"publish","type":"product","link":"https:\/\/touchscreenmfg.com\/sk\/car-center-console-touch-film\/","title":{"rendered":"Dotykov\u00e1 f\u00f3lia na stredov\u00fa konzolu auta"},"content":{"rendered":"<h3><strong>Aplik\u00e1cie dotykov\u00fdch f\u00f3li\u00ed<\/strong><\/h3>\n<p id=\"tw-target-text\" class=\"tw-data-text tw-text-large tw-ta\" dir=\"ltr\" data-placeholder=\"Translation\" aria-label=\"Prelo\u017een\u00fd text\" data-ved=\"2ahUKEwie_Z3B7OGHAxW_bfUHHYxgEGkQ3ewLegQIERAU\"><span class=\"Y2IQFc\" lang=\"en\">Vlastn\u00e1 kapacita ur\u010duje, \u010di sa prst dot\u00fdka elektr\u00f3dy, pomocou detekcie zmien elektrostatickej kapacity. Kapacita sa sn\u00edma a zis\u0165uje pod\u013ea ur\u010dit\u00e9ho cyklu. Na z\u00e1klade zmeny nameranej hodnoty mo\u017eno pos\u00fadi\u0165, \u010di sa prst dot\u00fdka elektr\u00f3dy. MCU sa cyklicky opakuje pod\u013ea ur\u010dit\u00e9ho cyklu. Kapacita elektr\u00f3dy sa skenuje a zis\u0165uje. Ke\u010f je prst mimo elektr\u00f3dy, hodnota kapacity zost\u00e1va na stabilnej hodnote po\u010d\u00edtania. Ke\u010f sa prst pribl\u00ed\u017ei k hodnote kapacity alebo sa jej dotkne, hodnota kapacity sa zv\u00fd\u0161i a hodnota po\u010d\u00edtania sa zv\u00fd\u0161i. Ke\u010f sa prst vzdiali od elektr\u00f3dy, hodnota kapacity sa zn\u00ed\u017ei o hodnotu po\u010d\u00edtania. Hodnota po\u010d\u00edtania, ktor\u00e1 kles\u00e1 a zost\u00e1va na stabilnej hodnote, ke\u010f sa prst vz\u010fa\u013euje od elektr\u00f3dy, sa naz\u00fdva z\u00e1kladn\u00e1 hodnota. Na t\u00fato z\u00e1kladn\u00fa hodnotu nanesieme hrani\u010dn\u00fa hodnotu ako kritick\u00fa hodnotu. Ke\u010f je hodnota po\u010d\u00edtania vy\u0161\u0161ia ako t\u00e1to kritick\u00e1 hodnota, sp\u00edna\u010d \u00fasudku je zapnut\u00fd. Ke\u010f je hodnota po\u010d\u00edtania pod touto kritickou hodnotou, sp\u00edna\u010d sa vyhodnot\u00ed ako vypnut\u00fd.<\/span><\/p>","protected":false},"excerpt":{"rendered":"<h3 id=\"tw-target-text\" class=\"tw-data-text tw-text-large tw-ta\" dir=\"ltr\" data-placeholder=\"Translation\" aria-label=\"Prelo\u017een\u00fd text\" data-ved=\"2ahUKEwie_Z3B7OGHAxW_bfUHHYxgEGkQ3ewLegQIERAU\"><strong><span class=\"Y2IQFc\" lang=\"en\">Princ\u00edp implement\u00e1cie dotykov\u00e9ho filmu<\/span><\/strong><\/h3>\n<p>R\u00fdchlos\u0165 pohybu n\u00e1boja je kon\u0161tantn\u00e1, tak\u017ee \u010d\u00edm v\u00e4\u010d\u0161ia je kapacita, t\u00fdm dlh\u0161\u00ed je \u010das nab\u00edjania a vyb\u00edjania a t\u00fdm v\u00e4\u010d\u0161ie je mno\u017estvo pr\u00fadu. Preto m\u00f4\u017eeme na pos\u00fadenie ve\u013ekosti kondenz\u00e1tora pou\u017ei\u0165 d\u013a\u017eku \u010dasu nab\u00edjania a vyb\u00edjania a ve\u013ekos\u0165 nab\u00edjacieho a vyb\u00edjacieho pr\u00fadu. ,Pokia\u013e existuje stav, ktor\u00fd m\u00f4\u017eeme dosiahnu\u0165 a zhroma\u017edi\u0165 stabiln\u00fa zmenu stavu, m\u00f4\u017eeme t\u00fato zmenu pou\u017ei\u0165 na realiz\u00e1ciu sp\u00ednacieho sign\u00e1lu.<\/p>","protected":false},"featured_media":1863,"template":"","meta":[],"product_cat":[42],"product_tag":[],"_links":{"self":[{"href":"https:\/\/touchscreenmfg.com\/sk\/wp-json\/wp\/v2\/product\/1862"}],"collection":[{"href":"https:\/\/touchscreenmfg.com\/sk\/wp-json\/wp\/v2\/product"}],"about":[{"href":"https:\/\/touchscreenmfg.com\/sk\/wp-json\/wp\/v2\/types\/product"}],"wp:featuredmedia":[{"embeddable":true,"href":"https:\/\/touchscreenmfg.com\/sk\/wp-json\/wp\/v2\/media\/1863"}],"wp:attachment":[{"href":"https:\/\/touchscreenmfg.com\/sk\/wp-json\/wp\/v2\/media?parent=1862"}],"wp:term":[{"taxonomy":"product_cat","embeddable":true,"href":"https:\/\/touchscreenmfg.com\/sk\/wp-json\/wp\/v2\/product_cat?post=1862"},{"taxonomy":"product_tag","embeddable":true,"href":"https:\/\/touchscreenmfg.com\/sk\/wp-json\/wp\/v2\/product_tag?post=1862"}],"curies":[{"name":"wp","href":"https:\/\/api.w.org\/{rel}","templated":true}]}}