{"id":1627,"date":"2024-06-29T01:18:12","date_gmt":"2024-06-29T01:18:12","guid":{"rendered":"https:\/\/touchscreenmfg.com\/?post_type=product&#038;p=1627"},"modified":"2024-06-29T01:50:18","modified_gmt":"2024-06-29T01:50:18","slug":"planar-resistive-touch-screen","status":"publish","type":"product","link":"https:\/\/touchscreenmfg.com\/sk\/planar-resistive-touch-screen\/","title":{"rendered":"Plan\u00e1rna odporov\u00e1 dotykov\u00e1 obrazovka"},"content":{"rendered":"<p data-sourcepos=\"3:1-3:111\">Plan\u00e1rne rezist\u00edvne dotykov\u00e9 obrazovky pon\u00fakaj\u00fa osved\u010den\u00e9 a n\u00e1kladovo efekt\u00edvne rie\u0161enie pre dotykov\u00e9 aplik\u00e1cie. Tieto odoln\u00e9 dotykov\u00e9 obrazovky vyu\u017e\u00edvaj\u00fa vrstvu citliv\u00fa na tlak, ktor\u00e1 reaguje na fyzick\u00fd kontakt a poskytuje spo\u013eahliv\u00fd a intuit\u00edvny dotykov\u00fd z\u00e1\u017eitok.<\/p>\n<p data-sourcepos=\"5:1-5:51\"><strong>K\u013e\u00fa\u010dov\u00e9 vlastnosti:<\/strong><\/p>\n<ul data-sourcepos=\"7:1-9:11\">\n<li data-sourcepos=\"7:1-8:0\">\n<p data-sourcepos=\"7:3-7:185\"><strong>Presn\u00e9 a citliv\u00e9 rozpozn\u00e1vanie dotykov:<\/strong> Plan\u00e1rne rezist\u00edvne dotykov\u00e9 obrazovky poskytuj\u00fa presn\u00fa detekciu dotyku, \u010d\u00edm zabezpe\u010duj\u00fa presn\u00fa a citliv\u00fa interakciu s dotykov\u00fdmi displejmi.<\/p>\n<\/li>\n<li data-sourcepos=\"9:1-9:11\">\n<p data-sourcepos=\"9:3-9:11\"><strong>Odoln\u00e1 kon\u0161trukcia:<\/strong> Odoln\u00e1 kon\u0161trukcia rezist\u00edvnych dotykov\u00fdch obrazoviek odol\u00e1va intenz\u00edvnemu pou\u017e\u00edvaniu a n\u00e1ro\u010dn\u00fdm podmienkam, tak\u017ee s\u00fa ide\u00e1lne pre komer\u010dn\u00e9 a priemyseln\u00e9 aplik\u00e1cie.<\/p>\n<\/li>\n<li data-sourcepos=\"11:1-11:27\">\n<p data-sourcepos=\"11:3-11:27\"><strong>N\u00e1kladovo efekt\u00edvne rie\u0161enie:<\/strong> V porovnan\u00ed s kapacitn\u00fdmi dotykov\u00fdmi obrazovkami pon\u00fakaj\u00fa tlakov\u00e9 dotykov\u00e9 obrazovky cenovo dostupnej\u0161iu mo\u017enos\u0165, najm\u00e4 pri v\u00e4\u010d\u0161\u00edch ve\u013ekostiach displeja.<\/p>\n<\/li>\n<\/ul>\n<p data-sourcepos=\"13:1-13:51\"><strong>Aplik\u00e1cie:<\/strong><\/p>\n<ul data-sourcepos=\"15:1-18:0\">\n<li data-sourcepos=\"15:1-16:0\">\n<p data-sourcepos=\"15:3-15:180\"><strong>Syst\u00e9my na mieste predaja (POS):<\/strong> Rezist\u00edvne dotykov\u00e9 obrazovky sa v pokladni\u010dn\u00fdch syst\u00e9moch \u0161iroko pou\u017e\u00edvaj\u00fa v\u010faka svojej spo\u013eahlivosti, cenovej dostupnosti a schopnosti odol\u00e1va\u0165 \u010dast\u00fdm dotykom.<\/p>\n<\/li>\n<li data-sourcepos=\"17:1-18:0\">\n<p data-sourcepos=\"17:3-17:177\"><strong>Priemyseln\u00e9 riadiace panely:<\/strong> Rezist\u00edvne dotykov\u00e9 obrazovky predstavuj\u00fa v priemyselnom prostred\u00ed robustn\u00e9 a odoln\u00e9 rie\u0161enie na ovl\u00e1danie strojov a monitorovanie procesov.<\/p>\n<\/li>\n<li data-sourcepos=\"19:1-20:0\">\n<p data-sourcepos=\"19:3-19:161\"><strong>Verejn\u00e9 informa\u010dn\u00e9 kiosky:<\/strong> Plan\u00e1rne rezist\u00edvne dotykov\u00e9 obrazovky umo\u017e\u0148uj\u00fa interakt\u00edvne verejn\u00e9 informa\u010dn\u00e9 kiosky, ktor\u00e9 pon\u00fakaj\u00fa jednoduch\u00fa navig\u00e1ciu a pr\u00edstup k inform\u00e1ci\u00e1m.<\/p>\n<\/li>\n<li data-sourcepos=\"21:1-22:0\">\n<p data-sourcepos=\"21:3-21:176\"><strong>Vzdel\u00e1vacie expoz\u00edcie:<\/strong> Vo vzdel\u00e1vac\u00edch zariadeniach u\u013eah\u010duj\u00fa dotykov\u00e9 obrazovky zalo\u017een\u00e9 na tlaku interakt\u00edvne u\u010denie a zap\u00e1jaj\u00fa \u0161tudentov do dotykov\u00fdch aktiv\u00edt.<\/p>\n<\/li>\n<\/ul>","protected":false},"excerpt":{"rendered":"<p>Plan\u00e1rne rezist\u00edvne dotykov\u00e9 obrazovky s\u00fa na\u010falej ob\u013e\u00fabenou vo\u013ebou pre \u0161irok\u00fa \u0161k\u00e1lu aplik\u00e1ci\u00ed v\u010faka ich spo\u013eahliv\u00e9mu v\u00fdkonu, cenovej dostupnosti a odolnosti. Pon\u00fakaj\u00fa osved\u010den\u00e9 a n\u00e1kladovo efekt\u00edvne rie\u0161enie pre dotykov\u00e9 displeje, v\u010faka \u010domu s\u00fa cenn\u00fdm pr\u00ednosom pre r\u00f4zne odvetvia a prostredia.<\/p>","protected":false},"featured_media":1569,"template":"","meta":[],"product_cat":[41],"product_tag":[],"_links":{"self":[{"href":"https:\/\/touchscreenmfg.com\/sk\/wp-json\/wp\/v2\/product\/1627"}],"collection":[{"href":"https:\/\/touchscreenmfg.com\/sk\/wp-json\/wp\/v2\/product"}],"about":[{"href":"https:\/\/touchscreenmfg.com\/sk\/wp-json\/wp\/v2\/types\/product"}],"wp:featuredmedia":[{"embeddable":true,"href":"https:\/\/touchscreenmfg.com\/sk\/wp-json\/wp\/v2\/media\/1569"}],"wp:attachment":[{"href":"https:\/\/touchscreenmfg.com\/sk\/wp-json\/wp\/v2\/media?parent=1627"}],"wp:term":[{"taxonomy":"product_cat","embeddable":true,"href":"https:\/\/touchscreenmfg.com\/sk\/wp-json\/wp\/v2\/product_cat?post=1627"},{"taxonomy":"product_tag","embeddable":true,"href":"https:\/\/touchscreenmfg.com\/sk\/wp-json\/wp\/v2\/product_tag?post=1627"}],"curies":[{"name":"wp","href":"https:\/\/api.w.org\/{rel}","templated":true}]}}