{"id":1626,"date":"2024-06-29T01:13:20","date_gmt":"2024-06-29T01:13:20","guid":{"rendered":"https:\/\/touchscreenmfg.com\/?post_type=product&#038;p=1626"},"modified":"2024-06-29T02:10:54","modified_gmt":"2024-06-29T02:10:54","slug":"4-wire-resistive-touch-screens","status":"publish","type":"product","link":"https:\/\/touchscreenmfg.com\/sk\/4-wire-resistive-touch-screens\/","title":{"rendered":"4 dr\u00f4tov\u00e9 odporov\u00e9 dotykov\u00e9 obrazovky"},"content":{"rendered":"<h2 class=\"\" data-sourcepos=\"4:1-4:104\">4 dr\u00f4tov\u00e9 odporov\u00e9 dotykov\u00e9 obrazovky: Spo\u013eahliv\u00e1 a n\u00e1kladovo efekt\u00edvna dotykov\u00e1 interakcia pre interakt\u00edvne n\u00e1pisy<\/h2>\n<p data-sourcepos=\"6:1-6:51\">\u0160tvorvodi\u010dov\u00e9 rezist\u00edvne dotykov\u00e9 obrazovky predstavuj\u00fa osved\u010den\u00e9 a cenovo dostupn\u00e9 rie\u0161enie na vytv\u00e1ranie p\u00fatav\u00fdch a interakt\u00edvnych informa\u010dn\u00fdch tab\u00fa\u013e. Tieto odoln\u00e9 dotykov\u00e9 obrazovky vyu\u017e\u00edvaj\u00fa vrstvu citliv\u00fa na tlak, ktor\u00e1 reaguje na fyzick\u00fd kontakt a umo\u017e\u0148uje intuit\u00edvnu interakciu s interakt\u00edvnymi displejmi.<\/p>\n<p data-sourcepos=\"8:1-8:51\"><strong>K\u013e\u00fa\u010dov\u00e9 vlastnosti 4-dr\u00f4tov\u00fdch odporov\u00fdch dotykov\u00fdch obrazoviek:<\/strong><\/p>\n<ul data-sourcepos=\"10:1-10:95\">\n<li data-sourcepos=\"10:1-10:95\">\n<p class=\"\" data-sourcepos=\"10:3-10:183\"><strong class=\"\">Presn\u00e9 a citliv\u00e9 rozpozn\u00e1vanie dotykov:<\/strong> \u0160tvorvodi\u010dov\u00e9 odporov\u00e9 dotykov\u00e9 obrazovky poskytuj\u00fa presn\u00fa detekciu dotyku, \u010d\u00edm zabezpe\u010duj\u00fa presn\u00fa a citliv\u00fa interakciu s interakt\u00edvnymi n\u00e1pismi.<\/p>\n<\/li>\n<li data-sourcepos=\"12:1-13:0\">\n<p data-sourcepos=\"12:3-12:175\"><strong>Odoln\u00e1 kon\u0161trukcia:<\/strong> Robustn\u00e1 kon\u0161trukcia 4-vodi\u010dov\u00fdch odporov\u00fdch dotykov\u00fdch obrazoviek odol\u00e1va intenz\u00edvnemu pou\u017e\u00edvaniu a n\u00e1ro\u010dn\u00fdm podmienkam, tak\u017ee s\u00fa ide\u00e1lne pre aplik\u00e1cie verejn\u00e9ho zna\u010denia.<\/p>\n<\/li>\n<li data-sourcepos=\"14:1-15:0\">\n<p data-sourcepos=\"14:3-14:170\"><strong>N\u00e1kladovo efekt\u00edvne rie\u0161enie:<\/strong> V porovnan\u00ed s kapacitn\u00fdmi dotykov\u00fdmi obrazovkami pon\u00fakaj\u00fa 4-vodi\u010dov\u00e9 odporov\u00e9 dotykov\u00e9 obrazovky cenovo dostupnej\u0161iu mo\u017enos\u0165, najm\u00e4 pri v\u00e4\u010d\u0161\u00edch ve\u013ekostiach displeja.<\/p>\n<\/li>\n<\/ul>\n<p data-sourcepos=\"16:1-16:51\"><strong>Aplik\u00e1cie 4-vodi\u010dov\u00fdch odporov\u00fdch dotykov\u00fdch obrazoviek:<\/strong><\/p>\n<ul data-sourcepos=\"18:1-20:26\">\n<li data-sourcepos=\"18:1-19:0\">\n<p data-sourcepos=\"18:3-18:195\"><strong>Interakt\u00edvne digit\u00e1lne n\u00e1pisy:<\/strong> \u0160tvorvodi\u010dov\u00e9 rezist\u00edvne dotykov\u00e9 obrazovky sa \u0161iroko pou\u017e\u00edvaj\u00fa v interakt\u00edvnych digit\u00e1lnych n\u00e1pisoch, ktor\u00e9 umo\u017e\u0148uj\u00fa div\u00e1kom pracova\u0165 s obsahom, vykon\u00e1va\u0165 v\u00fdbery a pristupova\u0165 k inform\u00e1ci\u00e1m.<\/p>\n<\/li>\n<li data-sourcepos=\"20:1-20:26\">\n<p data-sourcepos=\"20:3-20:26\"><strong>Maloobchodn\u00e9 a pohostinsk\u00e9 displeje:<\/strong> V maloobchodn\u00fdch a pohostinsk\u00fdch zariadeniach vylep\u0161uj\u00fa 4-vodi\u010dov\u00e9 rezist\u00edvne dotykov\u00e9 obrazovky samoobslu\u017en\u00e9 kiosky, ktor\u00e9 z\u00e1kazn\u00edkom umo\u017e\u0148uj\u00fa jednoducho prezera\u0165 produkty, zad\u00e1va\u0165 objedn\u00e1vky a vykon\u00e1va\u0165 platby.<\/p>\n<\/li>\n<li data-sourcepos=\"22:1-23:0\">\n<p data-sourcepos=\"22:3-22:194\"><strong>Verejn\u00e9 informa\u010dn\u00e9 kiosky:<\/strong> \u0160tvorvodi\u010dov\u00e9 odporov\u00e9 dotykov\u00e9 obrazovky umo\u017e\u0148uj\u00fa interakt\u00edvne verejn\u00e9 informa\u010dn\u00e9 kiosky, ktor\u00e9 n\u00e1v\u0161tevn\u00edkom poskytuj\u00fa jednoduch\u00fd pr\u00edstup k map\u00e1m, adres\u00e1rom a \u010fal\u0161\u00edm inform\u00e1ci\u00e1m.<\/p>\n<\/li>\n<li data-sourcepos=\"24:1-25:0\">\n<p data-sourcepos=\"24:3-24:196\"><strong>M\u00fazejn\u00e9 a v\u00fdstavn\u00e9 expoz\u00edcie:<\/strong> \u0160tvorvodi\u010dov\u00e9 rezist\u00edvne dotykov\u00e9 obrazovky vylep\u0161uj\u00fa m\u00fazejn\u00e9 a v\u00fdstavn\u00e9 expoz\u00edcie a umo\u017e\u0148uj\u00fa n\u00e1v\u0161tevn\u00edkom interakt\u00edvne sk\u00fama\u0165 expon\u00e1ty a dozvedie\u0165 sa viac o artefaktoch.<\/p>\n<\/li>\n<\/ul>","protected":false},"excerpt":{"rendered":"<p>\u0160tvordr\u00f4tov\u00e9 odporov\u00e9 dotykov\u00e9 obrazovky s\u00fa na\u010falej ob\u013e\u00fabenou vo\u013ebou pre interakt\u00edvne n\u00e1pisy v\u010faka ich spo\u013eahliv\u00e9mu v\u00fdkonu, cenovej dostupnosti a odolnosti. Pon\u00fakaj\u00fa osved\u010den\u00e9 a n\u00e1kladovo efekt\u00edvne rie\u0161enie pre dotykov\u00e9 displeje, v\u010faka \u010domu s\u00fa cenn\u00fdm pr\u00ednosom pre r\u00f4zne aplik\u00e1cie ozna\u010dovania.<\/p>","protected":false},"featured_media":1546,"template":"","meta":[],"product_cat":[41],"product_tag":[],"_links":{"self":[{"href":"https:\/\/touchscreenmfg.com\/sk\/wp-json\/wp\/v2\/product\/1626"}],"collection":[{"href":"https:\/\/touchscreenmfg.com\/sk\/wp-json\/wp\/v2\/product"}],"about":[{"href":"https:\/\/touchscreenmfg.com\/sk\/wp-json\/wp\/v2\/types\/product"}],"wp:featuredmedia":[{"embeddable":true,"href":"https:\/\/touchscreenmfg.com\/sk\/wp-json\/wp\/v2\/media\/1546"}],"wp:attachment":[{"href":"https:\/\/touchscreenmfg.com\/sk\/wp-json\/wp\/v2\/media?parent=1626"}],"wp:term":[{"taxonomy":"product_cat","embeddable":true,"href":"https:\/\/touchscreenmfg.com\/sk\/wp-json\/wp\/v2\/product_cat?post=1626"},{"taxonomy":"product_tag","embeddable":true,"href":"https:\/\/touchscreenmfg.com\/sk\/wp-json\/wp\/v2\/product_tag?post=1626"}],"curies":[{"name":"wp","href":"https:\/\/api.w.org\/{rel}","templated":true}]}}