{"id":1625,"date":"2024-06-29T01:12:48","date_gmt":"2024-06-29T01:12:48","guid":{"rendered":"https:\/\/touchscreenmfg.com\/?post_type=product&#038;p=1625"},"modified":"2024-06-29T02:14:44","modified_gmt":"2024-06-29T02:14:44","slug":"5-wire-resistive-touch-screens","status":"publish","type":"product","link":"https:\/\/touchscreenmfg.com\/sk\/5-wire-resistive-touch-screens\/","title":{"rendered":"5 dr\u00f4tov\u00e9 odporov\u00e9 dotykov\u00e9 obrazovky"},"content":{"rendered":"<h2 class=\"\" data-sourcepos=\"1:1-1:95\">5 dr\u00f4tov\u00e9 odporov\u00e9 dotykov\u00e9 obrazovky: Zv\u00fd\u0161en\u00e1 odolnos\u0165 interakt\u00edvnych inteligentn\u00fdch tab\u00fa\u013e a obrazoviek<\/h2>\n<p data-sourcepos=\"3:1-3:87\">5-dr\u00f4tov\u00e9 odporov\u00e9 dotykov\u00e9 obrazovky zvy\u0161uj\u00fa kvalitu dotykovej interakcie interakt\u00edvnych inteligentn\u00fdch tab\u00fa\u013e a obrazoviek a pon\u00fakaj\u00fa zv\u00fd\u0161en\u00fa odolnos\u0165, presnos\u0165 a cenov\u00fa dostupnos\u0165. Tieto pokro\u010dil\u00e9 dotykov\u00e9 obrazovky vyu\u017e\u00edvaj\u00fa jedine\u010dn\u00fa kon\u0161trukciu s dodato\u010dn\u00fdm sn\u00edmac\u00edm vodi\u010dom, ktor\u00e1 poskytuje nieko\u013eko v\u00fdhod v porovnan\u00ed s tradi\u010dn\u00fdmi 4-vodi\u010dov\u00fdmi odporov\u00fdmi dotykov\u00fdmi obrazovkami.<\/p>\n<p data-sourcepos=\"5:1-5:51\"><strong>K\u013e\u00fa\u010dov\u00e9 vlastnosti 5-dr\u00f4tov\u00fdch odporov\u00fdch dotykov\u00fdch obrazoviek:<\/strong><\/p>\n<ul data-sourcepos=\"7:1-7:60\">\n<li data-sourcepos=\"7:1-7:60\">\n<p data-sourcepos=\"7:3-7:199\"><strong>Vynikaj\u00faca odolnos\u0165:<\/strong> Dodato\u010dn\u00fd sn\u00edmac\u00ed vodi\u010d v p\u00e4\u0165vodi\u010dov\u00fdch rezist\u00edvnych dotykov\u00fdch obrazovk\u00e1ch zvy\u0161uje ich odolnos\u0165 vo\u010di po\u0161kriabaniu a ne\u010distot\u00e1m, \u010do je ide\u00e1lne pre prostredia s vysokou intenzitou prev\u00e1dzky.<\/p>\n<\/li>\n<li data-sourcepos=\"9:1-9:45\">\n<p data-sourcepos=\"9:3-9:45\"><strong>Zn\u00ed\u017een\u00e9 skreslenie hr\u00e1n:<\/strong> Dodato\u010dn\u00fd vodi\u010d pom\u00e1ha kompenzova\u0165 skreslenie okrajov, \u010do je be\u017en\u00fd probl\u00e9m pri v\u00e4\u010d\u0161\u00edch interakt\u00edvnych obrazovk\u00e1ch, a zabezpe\u010duje konzistentn\u00fa presnos\u0165 dotyku na celom displeji.<\/p>\n<\/li>\n<li data-sourcepos=\"11:1-12:0\">\n<p data-sourcepos=\"11:3-11:164\"><strong>Stabiln\u00fd v\u00fdkon:<\/strong> P\u00e4\u0165vodi\u010dov\u00e9 rezist\u00edvne dotykov\u00e9 obrazovky poskytuj\u00fa stabiln\u00fd v\u00fdkon aj v n\u00e1ro\u010dn\u00fdch prostrediach, ako s\u00fa prostredia s vysokou \u00farov\u0148ou okolit\u00e9ho svetla alebo prachu.<\/p>\n<\/li>\n<li data-sourcepos=\"13:1-14:0\">\n<p data-sourcepos=\"13:3-13:167\"><strong>N\u00e1kladovo efekt\u00edvne rie\u0161enie:<\/strong> V porovnan\u00ed s kapacitn\u00fdmi dotykov\u00fdmi obrazovkami pon\u00fakaj\u00fa p\u00e4\u0165vodi\u010dov\u00e9 odporov\u00e9 dotykov\u00e9 obrazovky cenovo v\u00fdhodnej\u0161ie rie\u0161enie pre ve\u013ek\u00e9 interakt\u00edvne obrazovky.<\/p>\n<\/li>\n<\/ul>\n<p data-sourcepos=\"15:1-15:51\"><strong>Aplik\u00e1cie 5-dr\u00f4tov\u00fdch odporov\u00fdch dotykov\u00fdch obrazoviek:<\/strong><\/p>\n<ul data-sourcepos=\"17:1-24:0\">\n<li data-sourcepos=\"17:1-18:0\">\n<p data-sourcepos=\"17:3-17:212\"><strong>Interakt\u00edvne inteligentn\u00e9 tabule:<\/strong> P\u00e4\u0165vodi\u010dov\u00e9 odporov\u00e9 dotykov\u00e9 obrazovky s\u00fa ide\u00e1lne pre interakt\u00edvne inteligentn\u00e9 tabule pou\u017e\u00edvan\u00e9 v u\u010debniach, konferen\u010dn\u00fdch miestnostiach a \u0161koliacich stredisk\u00e1ch, ktor\u00e9 umo\u017e\u0148uj\u00fa spolo\u010dn\u00e9 u\u010denie a prezent\u00e1cie.<\/p>\n<\/li>\n<li data-sourcepos=\"19:1-20:0\">\n<p data-sourcepos=\"19:3-19:225\"><strong>Digit\u00e1lne n\u00e1pisy a kiosky:<\/strong> V maloobchode, pohostinstv\u00e1ch a verejn\u00fdch priestoroch vylep\u0161uj\u00fa p\u00e4\u0165vodi\u010dov\u00e9 odporov\u00e9 dotykov\u00e9 obrazovky digit\u00e1lne n\u00e1pisy a kiosky a umo\u017e\u0148uj\u00fa pou\u017e\u00edvate\u013eom interakciu s obsahom, v\u00fdber a pr\u00edstup k inform\u00e1ci\u00e1m.<\/p>\n<\/li>\n<li data-sourcepos=\"21:1-22:0\">\n<p data-sourcepos=\"21:3-21:179\"><strong>Priemyseln\u00e9 riadiace syst\u00e9my:<\/strong> P\u00e4\u0165vodi\u010dov\u00e9 odporov\u00e9 dotykov\u00e9 obrazovky predstavuj\u00fa spo\u013eahliv\u00e9 a odoln\u00e9 rie\u0161enie na ovl\u00e1danie strojov a monitorovanie procesov v priemyselnom prostred\u00ed.<\/p>\n<\/li>\n<li data-sourcepos=\"23:1-24:0\">\n<p data-sourcepos=\"23:3-23:193\"><strong>Lek\u00e1rske zobrazovacie syst\u00e9my:<\/strong> V\u010faka odolnosti a presnosti s\u00fa p\u00e4\u0165vodi\u010dov\u00e9 odporov\u00e9 dotykov\u00e9 obrazovky vhodn\u00e9 pre lek\u00e1rske zobrazovacie syst\u00e9my, ktor\u00e9 umo\u017e\u0148uj\u00fa lek\u00e1rom presn\u00fa interakciu s obrazmi.<\/p>\n<\/li>\n<\/ul>","protected":false},"excerpt":{"rendered":"<p>5-dr\u00f4tov\u00e9 odporov\u00e9 dotykov\u00e9 obrazovky pon\u00fakaj\u00fa presved\u010div\u00fa kombin\u00e1ciu odolnosti, presnosti a cenovej dostupnosti, v\u010faka \u010domu s\u00fa preferovanou vo\u013ebou pre \u0161irok\u00fa \u0161k\u00e1lu aplik\u00e1ci\u00ed interakt\u00edvnych inteligentn\u00fdch tab\u00fa\u013e a obrazoviek. Poskytuj\u00fa spo\u013eahliv\u00e9 a n\u00e1kladovo efekt\u00edvne rie\u0161enie pre dotykov\u00e9 displeje, ktor\u00e9 zvy\u0161uje zapojenie pou\u017e\u00edvate\u013eov a produktivitu v r\u00f4znych prostrediach.<\/p>","protected":false},"featured_media":1548,"template":"","meta":[],"product_cat":[41],"product_tag":[],"_links":{"self":[{"href":"https:\/\/touchscreenmfg.com\/sk\/wp-json\/wp\/v2\/product\/1625"}],"collection":[{"href":"https:\/\/touchscreenmfg.com\/sk\/wp-json\/wp\/v2\/product"}],"about":[{"href":"https:\/\/touchscreenmfg.com\/sk\/wp-json\/wp\/v2\/types\/product"}],"wp:featuredmedia":[{"embeddable":true,"href":"https:\/\/touchscreenmfg.com\/sk\/wp-json\/wp\/v2\/media\/1548"}],"wp:attachment":[{"href":"https:\/\/touchscreenmfg.com\/sk\/wp-json\/wp\/v2\/media?parent=1625"}],"wp:term":[{"taxonomy":"product_cat","embeddable":true,"href":"https:\/\/touchscreenmfg.com\/sk\/wp-json\/wp\/v2\/product_cat?post=1625"},{"taxonomy":"product_tag","embeddable":true,"href":"https:\/\/touchscreenmfg.com\/sk\/wp-json\/wp\/v2\/product_tag?post=1625"}],"curies":[{"name":"wp","href":"https:\/\/api.w.org\/{rel}","templated":true}]}}