{"id":1624,"date":"2024-06-29T01:09:51","date_gmt":"2024-06-29T01:09:51","guid":{"rendered":"https:\/\/touchscreenmfg.com\/?post_type=product&#038;p=1624"},"modified":"2024-06-29T02:07:12","modified_gmt":"2024-06-29T02:07:12","slug":"8-wire-resistive-touch-screens","status":"publish","type":"product","link":"https:\/\/touchscreenmfg.com\/sk\/8-wire-resistive-touch-screens\/","title":{"rendered":"8 dr\u00f4tov\u00e9 odporov\u00e9 dotykov\u00e9 obrazovky"},"content":{"rendered":"<h2 class=\"\" data-sourcepos=\"1:1-1:78\">8 dr\u00f4tov\u00e9 odporov\u00e9 dotykov\u00e9 obrazovky: Zv\u00fd\u0161en\u00e1 presnos\u0165 pre dotykov\u00e9 monitory<\/h2>\n<p data-sourcepos=\"3:1-3:106\">8-dr\u00f4tov\u00e9 odporov\u00e9 dotykov\u00e9 obrazovky zvy\u0161uj\u00fa kvalitu dotykovej interakcie dotykov\u00fdch monitorov, pon\u00fakaj\u00fa zv\u00fd\u0161en\u00fa presnos\u0165, odolnos\u0165 a cenov\u00fa dostupnos\u0165. Tieto pokro\u010dil\u00e9 dotykov\u00e9 obrazovky vyu\u017e\u00edvaj\u00fa jedine\u010dn\u00fa kon\u0161trukciu s \u010fal\u0161\u00edmi sn\u00edmac\u00edmi vodi\u010dmi, ktor\u00e1 poskytuje nieko\u013eko v\u00fdhod v porovnan\u00ed s tradi\u010dn\u00fdmi 4-vodi\u010dov\u00fdmi odporov\u00fdmi dotykov\u00fdmi obrazovkami.<\/p>\n<p data-sourcepos=\"5:1-5:51\"><strong>K\u013e\u00fa\u010dov\u00e9 vlastnosti 8-dr\u00f4tov\u00fdch odporov\u00fdch dotykov\u00fdch obrazoviek:<\/strong><\/p>\n<ul data-sourcepos=\"7:1-7:94\">\n<li data-sourcepos=\"7:1-7:94\">\n<p data-sourcepos=\"7:3-7:186\"><strong>Vynikaj\u00faca presnos\u0165:<\/strong> Dodato\u010dn\u00e9 sn\u00edmacie vodi\u010de v 8-vodi\u010dov\u00fdch rezist\u00edvnych dotykov\u00fdch obrazovk\u00e1ch umo\u017e\u0148uj\u00fa presnej\u0161iu detekciu dotyku, \u010do vedie k presnej\u0161iemu a citlivej\u0161iemu dotyku.<\/p>\n<\/li>\n<li data-sourcepos=\"9:1-9:103\">\n<p data-sourcepos=\"9:3-9:103\"><strong>Zn\u00ed\u017een\u00e9 skreslenie hr\u00e1n:<\/strong> Dodato\u010dn\u00e9 vodi\u010de pom\u00e1haj\u00fa kompenzova\u0165 skreslenie okrajov, \u010do je be\u017en\u00fd probl\u00e9m v\u00e4\u010d\u0161\u00edch dotykov\u00fdch monitorov, a zabezpe\u010duj\u00fa konzistentn\u00fa presnos\u0165 dotyku na celej obrazovke.<\/p>\n<\/li>\n<li data-sourcepos=\"11:1-12:0\">\n<p data-sourcepos=\"11:3-11:164\"><strong>Stabiln\u00fd v\u00fdkon:<\/strong> 8-vodi\u010dov\u00e9 odporov\u00e9 dotykov\u00e9 obrazovky poskytuj\u00fa stabiln\u00fd v\u00fdkon aj v n\u00e1ro\u010dn\u00fdch prostrediach, ako s\u00fa prostredia s vysokou \u00farov\u0148ou okolit\u00e9ho svetla alebo prachu.<\/p>\n<\/li>\n<li data-sourcepos=\"13:1-14:0\">\n<p data-sourcepos=\"13:3-13:168\"><strong>N\u00e1kladovo efekt\u00edvne rie\u0161enie:<\/strong> V porovnan\u00ed s kapacitn\u00fdmi dotykov\u00fdmi obrazovkami pon\u00fakaj\u00fa 8-vodi\u010dov\u00e9 odporov\u00e9 dotykov\u00e9 obrazovky cenovo v\u00fdhodnej\u0161ie rie\u0161enie pre ve\u013ek\u00e9 dotykov\u00e9 monitory.<\/p>\n<\/li>\n<\/ul>\n<p data-sourcepos=\"15:1-15:51\"><strong>Aplik\u00e1cie 8-vodi\u010dov\u00fdch odporov\u00fdch dotykov\u00fdch obrazoviek:<\/strong><\/p>\n<ul data-sourcepos=\"17:1-17:32\">\n<li data-sourcepos=\"17:1-17:32\">\n<p class=\"\" data-sourcepos=\"17:3-17:213\"><strong class=\"\">Interakt\u00edvne ploch\u00e9 panely:<\/strong> 8-vodi\u010dov\u00e9 rezist\u00edvne dotykov\u00e9 obrazovky s\u00fa ide\u00e1lne pre interakt\u00edvne ploch\u00e9 panely pou\u017e\u00edvan\u00e9 v konferen\u010dn\u00fdch miestnostiach, u\u010debniach a verejn\u00fdch priestoroch, ktor\u00e9 umo\u017e\u0148uj\u00fa bezprobl\u00e9mov\u00fa spolupr\u00e1cu a zdie\u013eanie inform\u00e1ci\u00ed.<\/p>\n<\/li>\n<li data-sourcepos=\"19:1-20:0\">\n<p data-sourcepos=\"19:3-19:180\"><strong>Priemyseln\u00e9 riadiace syst\u00e9my:<\/strong> V priemyselnom prostred\u00ed poskytuj\u00fa 8-dr\u00f4tov\u00e9 odporov\u00e9 dotykov\u00e9 obrazovky spo\u013eahliv\u00e9 a odoln\u00e9 rie\u0161enie na ovl\u00e1danie strojov a monitorovanie procesov.<\/p>\n<\/li>\n<li data-sourcepos=\"21:1-22:0\">\n<p data-sourcepos=\"21:3-21:217\"><strong>Maloobchodn\u00e9 a pohostinsk\u00e9 kiosky:<\/strong> 8-vodi\u010dov\u00e9 rezist\u00edvne dotykov\u00e9 obrazovky vylep\u0161uj\u00fa samoobslu\u017en\u00e9 kiosky v maloobchode a pohostinstv\u00e1ch a umo\u017e\u0148uj\u00fa z\u00e1kazn\u00edkom jednoduch\u00fd pr\u00edstup k inform\u00e1ci\u00e1m, zad\u00e1vaniu objedn\u00e1vok a platb\u00e1m.<\/p>\n<\/li>\n<li data-sourcepos=\"23:1-24:0\">\n<p data-sourcepos=\"23:3-23:208\"><strong>Vzdel\u00e1vacie expoz\u00edcie:<\/strong> 8-vodi\u010dov\u00e9 odporov\u00e9 dotykov\u00e9 obrazovky u\u013eah\u010duj\u00fa interakt\u00edvne vzdel\u00e1vanie vo vzdel\u00e1vac\u00edch zariadeniach, zap\u00e1jaj\u00fa \u0161tudentov do dotykov\u00fdch aktiv\u00edt a zlep\u0161uj\u00fa ich porozumenie.<\/p>\n<\/li>\n<\/ul>","protected":false},"excerpt":{"rendered":"<p>8-dr\u00f4tov\u00e9 odporov\u00e9 dotykov\u00e9 obrazovky pon\u00fakaj\u00fa presved\u010div\u00fa kombin\u00e1ciu presnosti, odolnosti a cenovej dostupnosti, v\u010faka \u010domu s\u00fa preferovanou vo\u013ebou pre \u0161irok\u00fa \u0161k\u00e1lu aplik\u00e1ci\u00ed dotykov\u00fdch monitorov. Poskytuj\u00fa spo\u013eahliv\u00e9 a cenovo v\u00fdhodn\u00e9 rie\u0161enie pre interakt\u00edvne displeje, \u010d\u00edm zvy\u0161uj\u00fa zapojenie pou\u017e\u00edvate\u013eov a produktivitu v r\u00f4znych prostrediach.<\/p>","protected":false},"featured_media":1550,"template":"","meta":[],"product_cat":[41],"product_tag":[],"_links":{"self":[{"href":"https:\/\/touchscreenmfg.com\/sk\/wp-json\/wp\/v2\/product\/1624"}],"collection":[{"href":"https:\/\/touchscreenmfg.com\/sk\/wp-json\/wp\/v2\/product"}],"about":[{"href":"https:\/\/touchscreenmfg.com\/sk\/wp-json\/wp\/v2\/types\/product"}],"wp:featuredmedia":[{"embeddable":true,"href":"https:\/\/touchscreenmfg.com\/sk\/wp-json\/wp\/v2\/media\/1550"}],"wp:attachment":[{"href":"https:\/\/touchscreenmfg.com\/sk\/wp-json\/wp\/v2\/media?parent=1624"}],"wp:term":[{"taxonomy":"product_cat","embeddable":true,"href":"https:\/\/touchscreenmfg.com\/sk\/wp-json\/wp\/v2\/product_cat?post=1624"},{"taxonomy":"product_tag","embeddable":true,"href":"https:\/\/touchscreenmfg.com\/sk\/wp-json\/wp\/v2\/product_tag?post=1624"}],"curies":[{"name":"wp","href":"https:\/\/api.w.org\/{rel}","templated":true}]}}