{"id":1621,"date":"2024-06-29T01:06:11","date_gmt":"2024-06-29T01:06:11","guid":{"rendered":"https:\/\/touchscreenmfg.com\/manufacturer\/pdp-display-cover-glass\/"},"modified":"2024-06-29T02:20:27","modified_gmt":"2024-06-29T02:20:27","slug":"pdp-display-cover-glass","status":"publish","type":"product","link":"https:\/\/touchscreenmfg.com\/sk\/pdp-display-cover-glass\/","title":{"rendered":"Kryt displeja PDP"},"content":{"rendered":"<p data-sourcepos=\"3:1-3:86\"><strong>Ochrana displeja PDP pred po\u0161kriaban\u00edm, odleskami a po\u0161koden\u00edm<\/strong><\/p>\n<p data-sourcepos=\"5:1-5:157\">PDP Display Cover Glass je ochrann\u00e1 vrstva \u0161peci\u00e1lne navrhnut\u00e1 pre displej hern\u00fdch zariaden\u00ed PDP. Potenci\u00e1lne by mohla pon\u00faka\u0165 nasleduj\u00face funkcie:<\/p>\n<ul data-sourcepos=\"7:1-7:36\">\n<li data-sourcepos=\"7:1-7:36\">\n<p class=\"\" data-sourcepos=\"7:3-7:285\"><strong class=\"\">Odolnos\u0165 proti po\u0161kriabaniu a n\u00e1razu:<\/strong> Podobne ako ochrann\u00e9 sklo z tvrden\u00e9ho skla, aj krycie sklo displeja PDP by malo chr\u00e1ni\u0165 displej pred po\u0161kriaban\u00edm, \u0161krabancami a n\u00e1hodn\u00fdmi n\u00e1razmi. To je d\u00f4le\u017eit\u00e9 najm\u00e4 pre prenosn\u00e9 hern\u00e9 zariadenia, ktor\u00e9 s\u00fa n\u00e1chylnej\u0161ie na n\u00e1razy a p\u00e1dy.<\/p>\n<\/li>\n<li data-sourcepos=\"9:1-10:0\">\n<p data-sourcepos=\"9:3-9:168\"><strong>Zv\u00fd\u0161en\u00e1 jasnos\u0165:<\/strong> Vysokokvalitn\u00e9 krycie sklo displeja PDP by malo zachov\u00e1va\u0165 vynikaj\u00facu optick\u00fa \u010distotu, \u010d\u00edm sa zabezpe\u010d\u00ed, \u017ee hern\u00e9 vizu\u00e1ly zostan\u00fa ostr\u00e9 a neskreslen\u00e9.<\/p>\n<\/li>\n<li data-sourcepos=\"11:1-12:0\">\n<p data-sourcepos=\"11:3-11:242\"><strong>Odolnos\u0165 vo\u010di oslneniu:<\/strong> Ak m\u00e1 hern\u00e9 zariadenie PDP leskl\u00fd displej, krycie sklo PDP odoln\u00e9 vo\u010di odleskom by mohlo pom\u00f4c\u0165 minimalizova\u0165 odrazy od okolit\u00fdch zdrojov svetla a zlep\u0161i\u0165 vidite\u013enos\u0165 obrazovky, najm\u00e4 v jasne osvetlen\u00fdch prostrediach.<\/p>\n<\/li>\n<li data-sourcepos=\"13:1-13:44\">\n<p data-sourcepos=\"13:3-13:44\"><strong>Kompatibilita s dotykov\u00fdmi zariadeniami:<\/strong> Ak m\u00e1 hern\u00e9 zariadenie PDP dotykov\u00fd displej, krycie sklo by malo by\u0165 navrhnut\u00e9 tak, aby bolo kompatibiln\u00e9 s dotykom a umo\u017e\u0148ovalo bezprobl\u00e9mov\u00fa interakciu s dotykovou obrazovkou.<\/p>\n<\/li>\n<\/ul>","protected":false},"excerpt":{"rendered":"<p>Krycie sklo displeja PDP by mohlo by\u0165 cenn\u00fdm pr\u00edslu\u0161enstvom pre hr\u00e1\u010dov, ktor\u00ed chc\u00fa chr\u00e1ni\u0165 displej svojho zariadenia a zachova\u0165 si optim\u00e1lny hern\u00fd z\u00e1\u017eitok.<\/p>","protected":false},"featured_media":1582,"template":"","meta":[],"product_cat":[15],"product_tag":[],"_links":{"self":[{"href":"https:\/\/touchscreenmfg.com\/sk\/wp-json\/wp\/v2\/product\/1621"}],"collection":[{"href":"https:\/\/touchscreenmfg.com\/sk\/wp-json\/wp\/v2\/product"}],"about":[{"href":"https:\/\/touchscreenmfg.com\/sk\/wp-json\/wp\/v2\/types\/product"}],"wp:featuredmedia":[{"embeddable":true,"href":"https:\/\/touchscreenmfg.com\/sk\/wp-json\/wp\/v2\/media\/1582"}],"wp:attachment":[{"href":"https:\/\/touchscreenmfg.com\/sk\/wp-json\/wp\/v2\/media?parent=1621"}],"wp:term":[{"taxonomy":"product_cat","embeddable":true,"href":"https:\/\/touchscreenmfg.com\/sk\/wp-json\/wp\/v2\/product_cat?post=1621"},{"taxonomy":"product_tag","embeddable":true,"href":"https:\/\/touchscreenmfg.com\/sk\/wp-json\/wp\/v2\/product_tag?post=1621"}],"curies":[{"name":"wp","href":"https:\/\/api.w.org\/{rel}","templated":true}]}}