{"id":1619,"date":"2024-06-29T01:06:11","date_gmt":"2024-06-29T01:06:11","guid":{"rendered":"https:\/\/touchscreenmfg.com\/manufacturer\/aio-pc-cover-glass\/"},"modified":"2024-06-29T02:32:50","modified_gmt":"2024-06-29T02:32:50","slug":"aio-pc-cover-glass","status":"publish","type":"product","link":"https:\/\/touchscreenmfg.com\/sk\/aio-pc-cover-glass\/","title":{"rendered":"Krytov\u00e9 sklo na AIO PC"},"content":{"rendered":"<h2 class=\"\" data-sourcepos=\"3:1-3:89\">Krytov\u00e9 sklo AIO PC: Zv\u00fd\u0161te estetiku svojho AIO po\u010d\u00edta\u010da pomocou elegantnej a \u0161t\u00fdlovej ochrany<\/h2>\n<p data-sourcepos=\"5:1-5:54\">Krytov\u00e9 sklo po\u010d\u00edta\u010da AIO, zn\u00e1me aj ako 3D krycie sklo, je prvotriedny sklenen\u00fd panel navrhnut\u00fd na zlep\u0161enie vzh\u013eadu a ochranu po\u010d\u00edta\u010da All-in-One (AIO). Tieto \u0161t\u00fdlov\u00e9 sklenen\u00e9 kryty pon\u00fakaj\u00fa jedine\u010dn\u00fa kombin\u00e1ciu estetick\u00e9ho vzh\u013eadu a funk\u010dn\u00fdch v\u00fdhod, v\u010faka \u010domu premenia v\u00e1\u0161 AIO PC na \u00fastredn\u00fd prvok v\u00e1\u0161ho pracovn\u00e9ho priestoru alebo zostavy dom\u00e1cej z\u00e1bavy.<\/p>\n<p data-sourcepos=\"7:1-7:39\"><strong>K\u013e\u00fa\u010dov\u00e9 vlastnosti :<\/strong><\/p>\n<ul data-sourcepos=\"9:1-9:9\">\n<li data-sourcepos=\"9:1-9:9\">\n<p data-sourcepos=\"9:3-9:199\"><strong>Elegantn\u00fd a modern\u00fd dizajn:<\/strong> Krytov\u00e9 sklo po\u010d\u00edta\u010da AIO m\u00e1 elegantn\u00fd a modern\u00fd dizajn, ktor\u00fd dop\u013a\u0148a minimalistick\u00fa estetiku po\u010d\u00edta\u010dov AIO a dod\u00e1va va\u0161ej zostave n\u00e1dych elegancie a sofistikovanosti.<\/p>\n<\/li>\n<li data-sourcepos=\"11:1-12:0\">\n<p data-sourcepos=\"11:3-11:189\"><strong>Zv\u00fd\u0161en\u00e1 vizu\u00e1lna pr\u00ed\u0165a\u017elivos\u0165:<\/strong> Prieh\u013eadn\u00e9 sklo umo\u017e\u0148uje presvita\u0165 vn\u00fatorn\u00fdm komponentom po\u010d\u00edta\u010da AIO a vytv\u00e1ra tak vizu\u00e1lne ohromuj\u00faci efekt, ktor\u00fd prezentuje technol\u00f3gie v \u0148om.<\/p>\n<\/li>\n<li data-sourcepos=\"13:1-13:125\">\n<p data-sourcepos=\"13:3-13:125\"><strong>3D Edge Design:<\/strong> Mnoh\u00e9 panely krycieho skla po\u010d\u00edta\u010da AIO maj\u00fa 3D dizajn okrajov, ktor\u00fd sa elegantne zakrivuje okolo okrajov po\u010d\u00edta\u010da AIO a poskytuje hladk\u00fd a rafinovan\u00fd vzh\u013ead.<\/p>\n<\/li>\n<li data-sourcepos=\"15:1-16:0\">\n<p data-sourcepos=\"15:3-15:211\"><strong>Odolnos\u0165 proti po\u0161kriabaniu a n\u00e1razu:<\/strong> Zvy\u010dajne je vyroben\u00fd z tvrden\u00e9ho skla, ktor\u00e9 je vysoko odoln\u00e9 vo\u010di po\u0161kriabaniu, n\u00e1razom a odtla\u010dkom prstov, \u010do zaru\u010duje dlhotrvaj\u00facu ochranu v\u00e1\u0161ho po\u010d\u00edta\u010da AIO.<\/p>\n<\/li>\n<\/ul>\n<p data-sourcepos=\"17:1-17:39\"><strong>Aplik\u00e1cie:<\/strong><\/p>\n<ul data-sourcepos=\"19:1-24:0\">\n<li data-sourcepos=\"19:1-20:0\">\n<p data-sourcepos=\"19:3-19:171\"><strong>Po\u010d\u00edta\u010de AIO:<\/strong> Krycie sklo pre po\u010d\u00edta\u010de AIO je \u0161peci\u00e1lne navrhnut\u00e9 pre po\u010d\u00edta\u010de AIO, dokonale do nich zapad\u00e1 a zlep\u0161uje celkov\u00fd vzh\u013ead t\u00fdchto kompaktn\u00fdch stolov\u00fdch po\u010d\u00edta\u010dov.<\/p>\n<\/li>\n<li data-sourcepos=\"21:1-22:0\">\n<p data-sourcepos=\"21:3-21:207\"><strong>Dom\u00e1ce z\u00e1bavn\u00e9 centr\u00e1:<\/strong> Po\u010d\u00edta\u010de AIO sa \u010dasto pou\u017e\u00edvaj\u00fa ako s\u00fa\u010das\u0165 dom\u00e1cich z\u00e1bavn\u00fdch centier a m\u00f4\u017eu zv\u00fd\u0161i\u0165 estetick\u00fa pr\u00ed\u0165a\u017elivos\u0165 t\u00fdchto zost\u00e1v a urobi\u0165 z nich \u00fastredn\u00fd bod miestnosti.<\/p>\n<\/li>\n<li data-sourcepos=\"23:1-24:0\">\n<p data-sourcepos=\"23:3-23:174\"><strong>Pracovn\u00e9 priestory:<\/strong> Po\u010d\u00edta\u010de AIO s\u00fa \u010doraz ob\u013e\u00fabenej\u0161ie aj v pracovn\u00fdch priestoroch a krycie sklo po\u010d\u00edta\u010da AIO m\u00f4\u017ee doda\u0165 ka\u017ed\u00e9mu kancel\u00e1rskemu prostrediu n\u00e1dych profesionality a \u0161t\u00fdlu.<\/p>\n<\/li>\n<\/ul>","protected":false},"excerpt":{"rendered":"<p>Krycie sklo pre AIO PC je cenn\u00fdm doplnkom ka\u017ed\u00e9ho AIO PC, ktor\u00fd pon\u00faka kombin\u00e1ciu estetick\u00e9ho vylep\u0161enia a funk\u010dnej ochrany. V\u010faka elegantn\u00e9mu dizajnu, 3D detailom na okrajoch a vlastnostiam odoln\u00fdm vo\u010di po\u0161kriabaniu premen\u00ed krycie sklo AIO PC Cover Glass v\u00e1\u0161 AIO PC na \u0161t\u00fdlov\u00fd a chr\u00e1nen\u00fd k\u00fasok.<\/p>","protected":false},"featured_media":1580,"template":"","meta":[],"product_cat":[15],"product_tag":[],"_links":{"self":[{"href":"https:\/\/touchscreenmfg.com\/sk\/wp-json\/wp\/v2\/product\/1619"}],"collection":[{"href":"https:\/\/touchscreenmfg.com\/sk\/wp-json\/wp\/v2\/product"}],"about":[{"href":"https:\/\/touchscreenmfg.com\/sk\/wp-json\/wp\/v2\/types\/product"}],"wp:featuredmedia":[{"embeddable":true,"href":"https:\/\/touchscreenmfg.com\/sk\/wp-json\/wp\/v2\/media\/1580"}],"wp:attachment":[{"href":"https:\/\/touchscreenmfg.com\/sk\/wp-json\/wp\/v2\/media?parent=1619"}],"wp:term":[{"taxonomy":"product_cat","embeddable":true,"href":"https:\/\/touchscreenmfg.com\/sk\/wp-json\/wp\/v2\/product_cat?post=1619"},{"taxonomy":"product_tag","embeddable":true,"href":"https:\/\/touchscreenmfg.com\/sk\/wp-json\/wp\/v2\/product_tag?post=1619"}],"curies":[{"name":"wp","href":"https:\/\/api.w.org\/{rel}","templated":true}]}}