{"id":1618,"date":"2024-06-29T01:06:11","date_gmt":"2024-06-29T01:06:11","guid":{"rendered":"https:\/\/touchscreenmfg.com\/manufacturer\/cover-lens\/"},"modified":"2024-06-29T02:42:53","modified_gmt":"2024-06-29T02:42:53","slug":"cover-lens","status":"publish","type":"product","link":"https:\/\/touchscreenmfg.com\/sk\/cover-lens\/","title":{"rendered":"Kryt objekt\u00edvu"},"content":{"rendered":"<h2 class=\"\" data-sourcepos=\"1:1-1:69\">Krytka objekt\u00edvu: Ochrana a vylep\u0161enie optick\u00fdch \u0161o\u0161oviek s presnos\u0165ou<\/h2>\n<p data-sourcepos=\"3:1-3:129\">Ochrann\u00e9 \u0161o\u0161ovky s\u00fa optick\u00e9 komponenty umiestnen\u00e9 na prim\u00e1rnych \u0161o\u0161ovk\u00e1ch, ktor\u00e9 ich chr\u00e1nia pred po\u0161kriaban\u00edm, prachom a in\u00fdmi \u0161kodliv\u00fdmi prvkami. Zohr\u00e1vaj\u00fa k\u013e\u00fa\u010dov\u00fa \u00falohu v r\u00f4znych aplik\u00e1ci\u00e1ch, pri\u010dom zabezpe\u010duj\u00fa dlh\u00fa \u017eivotnos\u0165 a optim\u00e1lny v\u00fdkon optick\u00fdch syst\u00e9mov.<\/p>\n<p data-sourcepos=\"5:1-5:30\"><strong>K\u013e\u00fa\u010dov\u00e9 vlastnosti:<\/strong><\/p>\n<ul data-sourcepos=\"7:1-9:14\">\n<li data-sourcepos=\"7:1-8:0\">\n<p data-sourcepos=\"7:3-7:154\"><strong>Ochrana:<\/strong> Krycie \u0161o\u0161ovky sl\u00fa\u017eia ako bari\u00e9ra, ktor\u00e1 chr\u00e1ni prim\u00e1rne \u0161o\u0161ovky pred po\u0161kriaban\u00edm, odreninami a in\u00fdm fyzick\u00fdm po\u0161koden\u00edm sp\u00f4soben\u00fdm vonkaj\u0161\u00edmi faktormi.<\/p>\n<\/li>\n<li data-sourcepos=\"9:1-9:14\">\n<p data-sourcepos=\"9:3-9:14\"><strong>Odolnos\u0165:<\/strong> Zvy\u010dajne s\u00fa vyroben\u00e9 z odoln\u00fdch materi\u00e1lov, ako je sklo alebo plast, \u010do zaru\u010duje, \u017ee vydr\u017eia pravideln\u00e9 pou\u017e\u00edvanie a n\u00e1ro\u010dn\u00e9 prostredie.<\/p>\n<\/li>\n<li data-sourcepos=\"11:1-11:41\">\n<p data-sourcepos=\"11:3-11:41\"><strong>Optick\u00e1 \u010distota:<\/strong> Vysokokvalitn\u00e9 krycie \u0161o\u0161ovky si zachov\u00e1vaj\u00fa vynikaj\u00facu optick\u00fa \u010distotu a umo\u017e\u0148uj\u00fa priechod svetla bez skreslenia, \u010d\u00edm sa zachov\u00e1va kvalita obrazu prim\u00e1rnej \u0161o\u0161ovky.<\/p>\n<\/li>\n<li data-sourcepos=\"13:1-14:0\">\n<p data-sourcepos=\"13:3-13:133\"><strong>V\u0161estrannos\u0165:<\/strong> S\u00fa k dispoz\u00edcii v r\u00f4znych tvaroch, ve\u013ekostiach a hr\u00fabkach, aby vyhovovali \u0161irok\u00e9mu spektru optick\u00fdch aplik\u00e1ci\u00ed.<\/p>\n<\/li>\n<\/ul>\n<p data-sourcepos=\"15:1-15:33\"><strong>Aplik\u00e1cie:<\/strong><\/p>\n<ul data-sourcepos=\"17:1-21:47\">\n<li data-sourcepos=\"17:1-18:0\">\n<p data-sourcepos=\"17:3-17:177\"><strong>Objekt\u00edvy pre fotoapar\u00e1ty a videokamery:<\/strong> Krytky objekt\u00edvov s\u00fa nevyhnutn\u00e9 na ochranu objekt\u00edvov fotoapar\u00e1tov a videokamier pred po\u0161kriaban\u00edm, prachom a odtla\u010dkami prstov, \u010do zaru\u010duje ostr\u00fd a jasn\u00fd obraz.<\/p>\n<\/li>\n<li data-sourcepos=\"19:1-20:0\">\n<p data-sourcepos=\"19:3-19:169\"><strong>\u010ealekoh\u013eady a teleskopy:<\/strong> Krytky objekt\u00edvov chr\u00e1nia objekt\u00edvy a okul\u00e1re \u010falekoh\u013eadov a teleskopov a zabra\u0148uj\u00fa ich po\u0161kodeniu prachom, vlhkos\u0165ou a n\u00e1razmi.<\/p>\n<\/li>\n<li data-sourcepos=\"21:1-21:47\">\n<p data-sourcepos=\"21:3-21:47\"><strong>Zdravotn\u00edcke pom\u00f4cky:<\/strong> Pou\u017e\u00edvaj\u00fa sa v lek\u00e1rskych pr\u00edstrojoch, ako s\u00fa mikroskopy a endoskopy, na ochranu jemn\u00fdch optick\u00fdch komponentov pred zne\u010disten\u00edm a po\u0161koden\u00edm.<\/p>\n<\/li>\n<li data-sourcepos=\"23:1-24:0\">\n<p data-sourcepos=\"23:3-23:161\"><strong>Priemyseln\u00e9 aplik\u00e1cie:<\/strong> Pou\u017e\u00edvaj\u00fa sa v priemyselnom prostred\u00ed na ochranu senzorov, laserov a in\u00fdch optick\u00fdch komponentov pred nepriazniv\u00fdmi vplyvmi prostredia.<\/p>\n<\/li>\n<\/ul>\n<p data-sourcepos=\"25:1-25:269\">Le\u0161tenie optick\u00fdch \u0161o\u0161oviek je k\u013e\u00fa\u010dov\u00fd proces, ktor\u00fd zabezpe\u010duje, aby si krycie \u0161o\u0161ovky zachovali svoju optick\u00fa \u010distotu a pren\u00e1\u0161ali svetlo bez skreslenia. Le\u0161ten\u00edm sa z povrchu \u0161o\u0161oviek odstr\u00e1nia mikroskopick\u00e9 nedokonalosti a nerovnosti, \u010d\u00edm sa dosiahne hladk\u00fd a \u010dist\u00fd povrch.<\/p>","protected":false},"excerpt":{"rendered":"<p>Kryt objekt\u00edvu je cennou invest\u00edciou pre ka\u017ed\u00e9 zariadenie s dotykovou obrazovkou alebo citliv\u00fdm displejom. Poskytuje nevyhnutn\u00fa ochranu a z\u00e1rove\u0148 potenci\u00e1lne zlep\u0161uje pou\u017e\u00edvate\u013esk\u00fd z\u00e1\u017eitok.<\/p>","protected":false},"featured_media":1579,"template":"","meta":[],"product_cat":[15],"product_tag":[],"_links":{"self":[{"href":"https:\/\/touchscreenmfg.com\/sk\/wp-json\/wp\/v2\/product\/1618"}],"collection":[{"href":"https:\/\/touchscreenmfg.com\/sk\/wp-json\/wp\/v2\/product"}],"about":[{"href":"https:\/\/touchscreenmfg.com\/sk\/wp-json\/wp\/v2\/types\/product"}],"wp:featuredmedia":[{"embeddable":true,"href":"https:\/\/touchscreenmfg.com\/sk\/wp-json\/wp\/v2\/media\/1579"}],"wp:attachment":[{"href":"https:\/\/touchscreenmfg.com\/sk\/wp-json\/wp\/v2\/media?parent=1618"}],"wp:term":[{"taxonomy":"product_cat","embeddable":true,"href":"https:\/\/touchscreenmfg.com\/sk\/wp-json\/wp\/v2\/product_cat?post=1618"},{"taxonomy":"product_tag","embeddable":true,"href":"https:\/\/touchscreenmfg.com\/sk\/wp-json\/wp\/v2\/product_tag?post=1618"}],"curies":[{"name":"wp","href":"https:\/\/api.w.org\/{rel}","templated":true}]}}