{"id":1617,"date":"2024-06-29T01:06:11","date_gmt":"2024-06-29T01:06:11","guid":{"rendered":"https:\/\/touchscreenmfg.com\/manufacturer\/gaming-glass\/"},"modified":"2024-06-29T02:51:17","modified_gmt":"2024-06-29T02:51:17","slug":"gaming-glass","status":"publish","type":"product","link":"https:\/\/touchscreenmfg.com\/sk\/gaming-glass\/","title":{"rendered":"Hern\u00e9 sklo"},"content":{"rendered":"<h2 class=\"\" data-sourcepos=\"1:1-1:81\">Hern\u00e9 sklo: Zlep\u0161ite svoj z\u00e1\u017eitok z hrania hier v\u010faka ochrane o\u010d\u00ed a pohodliu<\/h2>\n<p data-sourcepos=\"3:1-3:118\">Hern\u00e9 okuliare, zn\u00e1me aj ako hr\u00e1\u010dske okuliare, s\u00fa \u0161pecializovan\u00e9 okuliare navrhnut\u00e9 na zv\u00fd\u0161enie pohodlia a zn\u00ed\u017eenie nam\u00e1hania o\u010d\u00ed po\u010das dlh\u0161ieho hrania. Tieto okuliare maj\u00fa zvy\u010dajne nieko\u013eko k\u013e\u00fa\u010dov\u00fdch vlastnost\u00ed, ktor\u00e9 vyhovuj\u00fa \u0161pecifick\u00fdm potreb\u00e1m hr\u00e1\u010dov.<\/p>\n<p data-sourcepos=\"5:1-5:35\"><strong>K\u013e\u00fa\u010dov\u00e9 vlastnosti:<\/strong><\/p>\n<ul data-sourcepos=\"7:1-9:66\">\n<li data-sourcepos=\"7:1-8:0\">\n<p data-sourcepos=\"7:3-7:300\"><strong>\u0160o\u0161ovky blokuj\u00face modr\u00e9 svetlo:<\/strong> \u010casto obsahuj\u00fa \u0161o\u0161ovky blokuj\u00face modr\u00e9 svetlo, ktor\u00e9 filtruj\u00fa \u010das\u0165 modr\u00e9ho svetla vy\u017earovan\u00e9ho z digit\u00e1lnych obrazoviek. Modr\u00e9 svetlo m\u00f4\u017ee nar\u00fa\u0161a\u0165 sp\u00e1nok a prispieva\u0165 k nam\u00e1haniu o\u010d\u00ed, tak\u017ee zn\u00ed\u017eenie jeho expoz\u00edcie m\u00f4\u017ee zv\u00fd\u0161i\u0165 pohodlie a celkov\u00fa pohodu.<\/p>\n<\/li>\n<li data-sourcepos=\"9:1-9:66\">\n<p data-sourcepos=\"9:3-9:66\"><strong>Povrchov\u00e1 \u00faprava proti oslneniu:<\/strong> Be\u017ene s\u00fa vybaven\u00e9 antireflexnou vrstvou, ktor\u00e1 minimalizuje odrazy od okolit\u00fdch zdrojov svetla, zni\u017euje \u00fanavu o\u010d\u00ed a zlep\u0161uje vidite\u013enos\u0165 obrazovky, najm\u00e4 v slabo osvetlen\u00fdch prostrediach.<\/p>\n<\/li>\n<li data-sourcepos=\"11:1-12:0\">\n<p data-sourcepos=\"11:3-11:176\"><strong>Pohodln\u00e9 r\u00e1my:<\/strong> Zvy\u010dajne s\u00fa navrhnut\u00e9 s \u013eahk\u00fdmi a pohodln\u00fdmi r\u00e1mami, aby sa minimalizovala hmotnos\u0165 a tlak na tv\u00e1r po\u010das dlh\u00fdch hern\u00fdch seden\u00ed.<\/p>\n<\/li>\n<li data-sourcepos=\"13:1-14:0\">\n<p data-sourcepos=\"13:3-13:159\"><strong>R\u00f4zne \u0161t\u00fdly:<\/strong> Dod\u00e1vaj\u00fa sa v \u0161irokej \u0161k\u00e1le \u0161t\u00fdlov, ktor\u00e9 vyhovuj\u00fa r\u00f4znym preferenci\u00e1m, od elegantn\u00fdch a modern\u00fdch dizajnov a\u017e po tradi\u010dnej\u0161ie r\u00e1my.<\/p>\n<\/li>\n<\/ul>\n<p data-sourcepos=\"15:1-15:35\"><strong>Aplik\u00e1cie:<\/strong><\/p>\n<ul data-sourcepos=\"17:1-19:78\">\n<li data-sourcepos=\"17:1-18:0\">\n<p data-sourcepos=\"17:3-17:119\"><strong>Po\u010d\u00edta\u010dov\u00e9 hry:<\/strong> Pou\u017e\u00edvaj\u00fa ich predov\u0161etk\u00fdm hr\u00e1\u010di po\u010d\u00edta\u010dov\u00fdch hier, ktor\u00ed tr\u00e1via dlh\u0161\u00ed \u010das pozeran\u00edm na obrazovku po\u010d\u00edta\u010da.<\/p>\n<\/li>\n<li data-sourcepos=\"19:1-19:78\">\n<p data-sourcepos=\"19:3-19:78\"><strong>Konzolov\u00e9 hry:<\/strong> Hern\u00e9 okuliare m\u00f4\u017eu vyu\u017ei\u0165 aj hr\u00e1\u010di na konzol\u00e1ch, najm\u00e4 ak hraj\u00fa v tmav\u00fdch miestnostiach alebo dlh\u00e9 hodiny.<\/p>\n<\/li>\n<li data-sourcepos=\"21:1-22:0\">\n<p data-sourcepos=\"21:3-21:166\"><strong>S\u00fa\u0165a\u017en\u00e9 hry:<\/strong> Profesion\u00e1lni a s\u00fa\u0165a\u017en\u00ed hr\u00e1\u010di \u010dasto pou\u017e\u00edvaj\u00fa hern\u00e9 okuliare na udr\u017eanie optim\u00e1lneho s\u00fastredenia a zn\u00ed\u017eenie nam\u00e1hania o\u010d\u00ed po\u010das intenz\u00edvneho hrania.<\/p>\n<\/li>\n<\/ul>","protected":false},"excerpt":{"rendered":"<p>Hern\u00e9 skl\u00e1 s\u00fa ochrann\u00e9 tvrden\u00e9 skl\u00e1 navrhnut\u00e9 \u0161peci\u00e1lne pre hern\u00e9 zariadenia.Podobne ako be\u017en\u00e9 ochrann\u00e9 tvrden\u00e9 skl\u00e1 maj\u00fa za cie\u013e chr\u00e1ni\u0165 jemn\u00fd displej hern\u00e9ho zariadenia pred po\u0161kriaban\u00edm a n\u00e1razmi.<\/p>","protected":false},"featured_media":1578,"template":"","meta":[],"product_cat":[15],"product_tag":[],"_links":{"self":[{"href":"https:\/\/touchscreenmfg.com\/sk\/wp-json\/wp\/v2\/product\/1617"}],"collection":[{"href":"https:\/\/touchscreenmfg.com\/sk\/wp-json\/wp\/v2\/product"}],"about":[{"href":"https:\/\/touchscreenmfg.com\/sk\/wp-json\/wp\/v2\/types\/product"}],"wp:featuredmedia":[{"embeddable":true,"href":"https:\/\/touchscreenmfg.com\/sk\/wp-json\/wp\/v2\/media\/1578"}],"wp:attachment":[{"href":"https:\/\/touchscreenmfg.com\/sk\/wp-json\/wp\/v2\/media?parent=1617"}],"wp:term":[{"taxonomy":"product_cat","embeddable":true,"href":"https:\/\/touchscreenmfg.com\/sk\/wp-json\/wp\/v2\/product_cat?post=1617"},{"taxonomy":"product_tag","embeddable":true,"href":"https:\/\/touchscreenmfg.com\/sk\/wp-json\/wp\/v2\/product_tag?post=1617"}],"curies":[{"name":"wp","href":"https:\/\/api.w.org\/{rel}","templated":true}]}}