{"id":1616,"date":"2024-06-29T01:06:11","date_gmt":"2024-06-29T01:06:11","guid":{"rendered":"https:\/\/touchscreenmfg.com\/manufacturer\/3d-cover-glass\/"},"modified":"2024-06-29T03:02:20","modified_gmt":"2024-06-29T03:02:20","slug":"3d-cover-glass","status":"publish","type":"product","link":"https:\/\/touchscreenmfg.com\/sk\/3d-cover-glass\/","title":{"rendered":"3D krycie sklo"},"content":{"rendered":"<h2 class=\"\" data-sourcepos=\"1:1-1:67\">3D krycie sklo: Formovanie bud\u00facnosti elegantn\u00fdch a odoln\u00fdch displejov<\/h2>\n<p data-sourcepos=\"3:1-3:68\">3D krycie sklo, zn\u00e1me aj ako zakriven\u00e9 krycie sklo, je revolu\u010dn\u00fd typ skla, ktor\u00fd men\u00ed dizajn a funk\u010dnos\u0165 elektronick\u00fdch zariaden\u00ed. Na rozdiel od tradi\u010dn\u00e9ho ploch\u00e9ho krycieho skla sa vyzna\u010duje zakriven\u00fdm tvarom, ktor\u00fd dokonale zodpoved\u00e1 kont\u00faram modern\u00fdch zakriven\u00fdch displejov. Tento inovat\u00edvny dizajn pon\u00faka oproti ploch\u00e9mu kryciemu sklu cel\u00fd rad v\u00fdhod, v\u010faka \u010domu ho uprednost\u0148uj\u00fa v\u00fdrobcovia aj spotrebitelia.<\/p>\n<p data-sourcepos=\"5:1-5:2\"><strong>K\u013e\u00fa\u010dov\u00e9 vlastnosti:<\/strong><\/p>\n<ul data-sourcepos=\"7:1-7:103\">\n<li data-sourcepos=\"7:1-7:103\">\n<p class=\"\" data-sourcepos=\"7:3-7:170\"><strong class=\"\">Elegantn\u00fd a uhladen\u00fd dizajn:<\/strong> Zlep\u0161uje estetiku zariaden\u00ed t\u00fdm, \u017ee vytv\u00e1ra hladk\u00fd, s\u00favisl\u00fd povrch, ktor\u00fd dokonale spl\u00fdva so zakriven\u00fdm displejom.<\/p>\n<\/li>\n<li data-sourcepos=\"9:1-10:0\">\n<p data-sourcepos=\"9:3-9:177\"><strong>Zv\u00fd\u0161en\u00e1 odolnos\u0165:<\/strong> Zakriven\u00fd tvar krycieho skla 3D poskytuje lep\u0161iu \u0161truktur\u00e1lnu podporu, tak\u017ee je v porovnan\u00ed s ploch\u00fdm kryc\u00edm sklom odolnej\u0161ie vo\u010di n\u00e1razom a po\u0161kriabaniu.<\/p>\n<\/li>\n<li data-sourcepos=\"11:1-12:0\">\n<p data-sourcepos=\"11:3-11:160\"><strong>Vylep\u0161en\u00fd displej od okraja k okraju:<\/strong> Umo\u017e\u0148uje zobrazenie od okraja k okraju, \u010d\u00edm sa maximalizuje zobrazovacia plocha a vytv\u00e1ra sa pohlcuj\u00facej\u0161\u00ed pou\u017e\u00edvate\u013esk\u00fd z\u00e1\u017eitok.<\/p>\n<\/li>\n<li data-sourcepos=\"13:1-13:105\">\n<p data-sourcepos=\"13:3-13:105\"><strong>Kompatibilita s dotykov\u00fdm displejom:<\/strong> Je plne kompatibiln\u00fd s technol\u00f3giou dotykovej obrazovky, \u010do zaru\u010duje bezprobl\u00e9mov\u00fa dotykov\u00fa interakciu.<\/p>\n<\/li>\n<\/ul>\n<p data-sourcepos=\"15:1-15:35\"><strong>Aplik\u00e1cie:<\/strong><\/p>\n<ul data-sourcepos=\"17:1-24:0\">\n<li data-sourcepos=\"17:1-18:0\">\n<p data-sourcepos=\"17:3-17:135\"><strong>Smartf\u00f3ny:<\/strong> \u0160iroko sa pou\u017e\u00edva v \u0161pi\u010dkov\u00fdch smartf\u00f3noch a prispieva k ich elegantn\u00e9mu dizajnu a odolnej kon\u0161trukcii.<\/p>\n<\/li>\n<li data-sourcepos=\"19:1-20:0\">\n<p data-sourcepos=\"19:3-19:118\"><strong>Tablety:<\/strong> Tablety \u010doraz \u010dastej\u0161ie pou\u017e\u00edvaj\u00fa krycie sklo 3D pre svoje v\u00e4\u010d\u0161ie displeje a lep\u0161\u00ed pou\u017e\u00edvate\u013esk\u00fd z\u00e1\u017eitok.<\/p>\n<\/li>\n<li data-sourcepos=\"21:1-22:0\">\n<p data-sourcepos=\"21:3-21:113\"><strong>Prenosn\u00e9 po\u010d\u00edta\u010de:<\/strong> Niektor\u00e9 pr\u00e9miov\u00e9 notebooky s\u00fa vybaven\u00e9 kryc\u00edm sklom 3D Cover Glass pre svoje dotykov\u00e9 displeje a elegantn\u00fd estetick\u00fd vzh\u013ead.<\/p>\n<\/li>\n<li data-sourcepos=\"23:1-24:0\">\n<p data-sourcepos=\"23:3-23:146\"><strong>Inteligentn\u00e9 hodinky:<\/strong>Nach\u00e1dza si cestu do inteligentn\u00fdch hodiniek a poskytuje odolnej\u0161\u00ed a vizu\u00e1lne atrakt\u00edvnej\u0161\u00ed kryt ich displejov.<\/p>\n<\/li>\n<\/ul>","protected":false},"excerpt":{"rendered":"<p>3D krycie sklo men\u00ed pravidl\u00e1 hry vo svete elektronick\u00fdch zariaden\u00ed, preto\u017ee pon\u00faka kombin\u00e1ciu elegantn\u00e9ho dizajnu, zv\u00fd\u0161enej odolnosti a lep\u0161\u00edch zobrazovac\u00edch schopnost\u00ed. S technologick\u00fdm pokrokom je pripraven\u00e9 sta\u0165 sa e\u0161te roz\u0161\u00edrenej\u0161\u00edm a formova\u0165 bud\u00facnos\u0165 smartf\u00f3nov, tabletov, notebookov a \u010fal\u0161\u00edch zariaden\u00ed.<\/p>","protected":false},"featured_media":1577,"template":"","meta":[],"product_cat":[15],"product_tag":[],"_links":{"self":[{"href":"https:\/\/touchscreenmfg.com\/sk\/wp-json\/wp\/v2\/product\/1616"}],"collection":[{"href":"https:\/\/touchscreenmfg.com\/sk\/wp-json\/wp\/v2\/product"}],"about":[{"href":"https:\/\/touchscreenmfg.com\/sk\/wp-json\/wp\/v2\/types\/product"}],"wp:featuredmedia":[{"embeddable":true,"href":"https:\/\/touchscreenmfg.com\/sk\/wp-json\/wp\/v2\/media\/1577"}],"wp:attachment":[{"href":"https:\/\/touchscreenmfg.com\/sk\/wp-json\/wp\/v2\/media?parent=1616"}],"wp:term":[{"taxonomy":"product_cat","embeddable":true,"href":"https:\/\/touchscreenmfg.com\/sk\/wp-json\/wp\/v2\/product_cat?post=1616"},{"taxonomy":"product_tag","embeddable":true,"href":"https:\/\/touchscreenmfg.com\/sk\/wp-json\/wp\/v2\/product_tag?post=1616"}],"curies":[{"name":"wp","href":"https:\/\/api.w.org\/{rel}","templated":true}]}}