{"id":1615,"date":"2024-06-29T01:06:11","date_gmt":"2024-06-29T01:06:11","guid":{"rendered":"https:\/\/touchscreenmfg.com\/manufacturer\/chemically-tempered-cover-glass\/"},"modified":"2024-06-29T03:26:40","modified_gmt":"2024-06-29T03:26:40","slug":"chemically-tempered-cover-glass","status":"publish","type":"product","link":"https:\/\/touchscreenmfg.com\/sk\/chemically-tempered-cover-glass\/","title":{"rendered":"Chemicky tvrden\u00e9 krycie sklo"},"content":{"rendered":"<h2 class=\"\" data-sourcepos=\"1:1-1:91\">Chemicky tvrden\u00e9 krycie sklo: Zv\u00fd\u0161enie odolnosti a \u010d\u00edrosti elektronick\u00fdch zariaden\u00ed<\/h2>\n<p data-sourcepos=\"3:1-3:72\">Chemicky tvrden\u00e9 krycie sklo, zn\u00e1me aj ako sklo s i\u00f3novou v\u00fdmenou, je typ skla, ktor\u00e9 pre\u0161lo chemickou \u00fapravou s cie\u013eom zv\u00fd\u0161i\u0165 jeho pevnos\u0165 a odolnos\u0165. T\u00fdmto procesom, ktor\u00fd zvy\u010dajne zah\u0155\u0148a v\u00fdmenu i\u00f3nov sod\u00edka v skle za i\u00f3ny drasl\u00edka, sa na povrchu vytv\u00e1ra vrstva tlakov\u00e9ho nap\u00e4tia, v\u010faka \u010domu je sklo odolnej\u0161ie vo\u010di po\u0161kriabaniu, n\u00e1razom a tepeln\u00fdm \u0161okom.<\/p>\n<p data-sourcepos=\"5:1-5:49\"><strong>K\u013e\u00fa\u010dov\u00e9 vlastnosti:<\/strong><\/p>\n<ul data-sourcepos=\"7:1-9:1\">\n<li data-sourcepos=\"7:1-8:0\">\n<p data-sourcepos=\"7:3-7:166\"><strong>Zv\u00fd\u0161en\u00e1 sila:<\/strong> Je zvy\u010dajne \u0161es\u0165- a\u017e osemkr\u00e1t pevnej\u0161ie ako be\u017en\u00e9 sklo, tak\u017ee je menej n\u00e1chyln\u00e9 na rozbitie a po\u0161kriabanie.<\/p>\n<\/li>\n<li data-sourcepos=\"9:1-9:1\">\n<p data-sourcepos=\"9:3-9:140\"><strong>Optick\u00e1 \u010distota:<\/strong> Proces v\u00fdmeny i\u00f3nov nemen\u00ed optick\u00e9 vlastnosti skla, \u010d\u00edm sa zachov\u00e1va jeho prieh\u013eadnos\u0165 a \u010d\u00edros\u0165.<\/p>\n<\/li>\n<li data-sourcepos=\"11:1-12:0\">\n<p data-sourcepos=\"11:3-11:145\"><strong>V\u0161estrannos\u0165:<\/strong> D\u00e1 sa reza\u0165 a tvarova\u0165 do r\u00f4znych foriem, tak\u017ee je vhodn\u00fd na \u0161irok\u00fa \u0161k\u00e1lu aplik\u00e1ci\u00ed.<\/p>\n<\/li>\n<li data-sourcepos=\"13:1-14:0\">\n<p data-sourcepos=\"13:3-13:163\"><strong>Tenkos\u0165:<\/strong> V porovnan\u00ed s tepelne tvrden\u00fdm sklom ho mo\u017eno vyr\u00e1ba\u0165 v ten\u0161\u00edch \u010dastiach, \u010do umo\u017e\u0148uje vyr\u00e1ba\u0165 \u013eah\u0161ie a elegantnej\u0161ie zariadenia.<\/p>\n<\/li>\n<\/ul>\n<p data-sourcepos=\"15:1-15:52\"><strong>Aplik\u00e1cie:<\/strong><\/p>\n<ul data-sourcepos=\"17:1-19:1\">\n<li data-sourcepos=\"17:1-18:0\">\n<p data-sourcepos=\"17:3-17:184\"><strong>Smartf\u00f3ny a tablety:<\/strong>\u0160iroko sa pou\u017e\u00edva v smartf\u00f3noch a tabletoch na ochranu jemn\u00fdch displejov pred po\u0161kriaban\u00edm, n\u00e1razmi a n\u00e1hodn\u00fdmi p\u00e1dmi.<\/p>\n<\/li>\n<li data-sourcepos=\"19:1-19:1\">\n<p data-sourcepos=\"19:3-19:159\"><strong>Prenosn\u00e9 po\u010d\u00edta\u010de a prenosn\u00e9 zariadenia:<\/strong> V prenosn\u00fdch po\u010d\u00edta\u010doch, tabletoch a in\u00fdch prenosn\u00fdch zariadeniach sa na displeje a dotykov\u00e9 obrazovky \u010dasto pou\u017e\u00edva chemicky tvrden\u00e9 krycie sklo.<\/p>\n<\/li>\n<li data-sourcepos=\"21:1-22:0\">\n<p data-sourcepos=\"21:3-21:151\"><strong>Automobilov\u00e9 displeje:<\/strong> V\u010faka svojej odolnosti a optickej \u010distote sa \u010doraz \u010dastej\u0161ie pou\u017e\u00edva v automobilov\u00fdch displejoch.<\/p>\n<\/li>\n<li data-sourcepos=\"23:1-24:0\">\n<p data-sourcepos=\"23:3-23:160\"><strong>Inteligentn\u00e9 hodinky a nosite\u013en\u00e9 zariadenia:<\/strong> Inteligentn\u00e9 hodinky a in\u00e9 nosite\u013en\u00e9 zariadenia profituj\u00fa z odolnosti proti po\u0161kriabaniu a pevnosti chemicky tvrden\u00e9ho krycieho skla.<\/p>\n<\/li>\n<\/ul>\n<p data-sourcepos=\"25:1-25:27\"><strong>Rezanie tvrden\u00e9ho skla:<\/strong><\/p>\n<p data-sourcepos=\"27:1-27:276\">Rezanie chemicky tvrden\u00e9ho krycieho skla si vy\u017eaduje \u0161pecializovan\u00e9 techniky a vybavenie vzh\u013eadom na jeho zv\u00fd\u0161en\u00fa pevnos\u0165 a mo\u017enos\u0165 rozbitia pri nespr\u00e1vnej manipul\u00e1cii. Na presn\u00e9 a bezpe\u010dn\u00e9 rezanie chemicky tvrden\u00e9ho krycieho skla sa odpor\u00fa\u010daj\u00fa profesion\u00e1lne slu\u017eby rezania skla.<\/p>","protected":false},"excerpt":{"rendered":"<p>Chemicky tvrden\u00e9 krycie sklo sa stalo preferovanou vo\u013ebou na ochranu a vylep\u0161enie displejov r\u00f4znych elektronick\u00fdch zariaden\u00ed. V\u010faka kombin\u00e1cii pevnosti, optickej \u010distoty a v\u0161estrannosti je nevyhnutnou s\u00fa\u010das\u0165ou modernej technol\u00f3gie.<\/p>","protected":false},"featured_media":1576,"template":"","meta":[],"product_cat":[15],"product_tag":[],"_links":{"self":[{"href":"https:\/\/touchscreenmfg.com\/sk\/wp-json\/wp\/v2\/product\/1615"}],"collection":[{"href":"https:\/\/touchscreenmfg.com\/sk\/wp-json\/wp\/v2\/product"}],"about":[{"href":"https:\/\/touchscreenmfg.com\/sk\/wp-json\/wp\/v2\/types\/product"}],"wp:featuredmedia":[{"embeddable":true,"href":"https:\/\/touchscreenmfg.com\/sk\/wp-json\/wp\/v2\/media\/1576"}],"wp:attachment":[{"href":"https:\/\/touchscreenmfg.com\/sk\/wp-json\/wp\/v2\/media?parent=1615"}],"wp:term":[{"taxonomy":"product_cat","embeddable":true,"href":"https:\/\/touchscreenmfg.com\/sk\/wp-json\/wp\/v2\/product_cat?post=1615"},{"taxonomy":"product_tag","embeddable":true,"href":"https:\/\/touchscreenmfg.com\/sk\/wp-json\/wp\/v2\/product_tag?post=1615"}],"curies":[{"name":"wp","href":"https:\/\/api.w.org\/{rel}","templated":true}]}}