{"id":1614,"date":"2024-06-29T01:06:11","date_gmt":"2024-06-29T01:06:11","guid":{"rendered":"https:\/\/touchscreenmfg.com\/manufacturer\/physically-tempered-cover-glass\/"},"modified":"2024-06-29T03:30:56","modified_gmt":"2024-06-29T03:30:56","slug":"physically-tempered-cover-glass","status":"publish","type":"product","link":"https:\/\/touchscreenmfg.com\/sk\/physically-tempered-cover-glass\/","title":{"rendered":"Fyzicky tvrden\u00e9 krycie sklo"},"content":{"rendered":"<h2 class=\"\" data-sourcepos=\"1:1-1:100\">Fyzicky tvrden\u00e9 krycie sklo: Robustn\u00e1 ochrana a zv\u00fd\u0161en\u00e1 odolnos\u0165 elektronick\u00fdch zariaden\u00ed<\/h2>\n<p data-sourcepos=\"3:1-3:96\">Fyzicky tvrden\u00e9 krycie sklo, zn\u00e1me aj ako tepelne tvrden\u00e9 sklo, je typ skla, ktor\u00e9 pre\u0161lo procesom tepeln\u00e9ho spracovania s cie\u013eom zv\u00fd\u0161i\u0165 jeho pevnos\u0165 a odolnos\u0165. T\u00fdmto procesom, ktor\u00fd zvy\u010dajne zah\u0155\u0148a r\u00fdchle zahrievanie a ochladzovanie skla, sa na povrchu vytvor\u00ed vrstva tlakov\u00e9ho nap\u00e4tia, v\u010faka \u010domu je sklo odolnej\u0161ie vo\u010di po\u0161kriabaniu, n\u00e1razom a tepeln\u00fdm \u0161okom.<\/p>\n<p data-sourcepos=\"5:1-5:52\"><strong>K\u013e\u00fa\u010dov\u00e9 vlastnosti fyzicky tvrden\u00e9ho krycieho skla:<\/strong><\/p>\n<ul data-sourcepos=\"7:1-7:27\">\n<li data-sourcepos=\"7:1-7:27\">\n<p data-sourcepos=\"7:3-7:183\"><strong>V\u00fdnimo\u010dn\u00e1 sila:<\/strong> Fyzicky tvrden\u00e9 krycie sklo je zvy\u010dajne \u0161tyrikr\u00e1t a\u017e p\u00e4\u0165kr\u00e1t pevnej\u0161ie ako be\u017en\u00e9 sklo a poskytuje vynikaj\u00facu ochranu proti rozbitiu a po\u0161kriabaniu.<\/p>\n<\/li>\n<li data-sourcepos=\"9:1-9:54\">\n<p data-sourcepos=\"9:3-9:54\"><strong>Optick\u00e1 \u010distota:<\/strong> Proces tepeln\u00e9ho spracovania nemen\u00ed optick\u00e9 vlastnosti skla a zachov\u00e1va jeho prieh\u013eadnos\u0165 a \u010distotu.<\/p>\n<\/li>\n<li data-sourcepos=\"11:1-12:0\">\n<p data-sourcepos=\"11:3-11:145\"><strong>V\u0161estrannos\u0165:<\/strong> Fyzicky tvrden\u00e9 krycie sklo sa d\u00e1 reza\u0165 a tvarova\u0165 do r\u00f4znych foriem, tak\u017ee je vhodn\u00e9 na \u0161irok\u00fa \u0161k\u00e1lu aplik\u00e1ci\u00ed.<\/p>\n<\/li>\n<li data-sourcepos=\"13:1-14:0\">\n<p data-sourcepos=\"13:3-13:171\"><strong>Mo\u017enosti riedenia:<\/strong> Fyzicky tvrden\u00e9 krycie sklo sa m\u00f4\u017ee vyr\u00e1ba\u0165 v ten\u0161\u00edch \u010dastiach v porovnan\u00ed s chemicky tvrden\u00fdm sklom, \u010do umo\u017e\u0148uje vyr\u00e1ba\u0165 elegantnej\u0161ie a \u013eah\u0161ie zariadenia.<\/p>\n<\/li>\n<\/ul>\n<p data-sourcepos=\"15:1-15:52\"><strong>Pou\u017eitie fyzicky tvrden\u00e9ho krycieho skla:<\/strong><\/p>\n<ul data-sourcepos=\"17:1-19:98\">\n<li data-sourcepos=\"17:1-18:0\">\n<p data-sourcepos=\"17:3-17:184\"><strong>Smartf\u00f3ny a tablety:<\/strong> Fyzicky tvrden\u00e9 krycie sklo sa be\u017ene pou\u017e\u00edva v smartf\u00f3noch a tabletoch na ochranu jemn\u00fdch displejov pred po\u0161kriaban\u00edm, n\u00e1razmi a n\u00e1hodn\u00fdmi p\u00e1dmi.<\/p>\n<\/li>\n<li data-sourcepos=\"19:1-19:98\">\n<p data-sourcepos=\"19:3-19:98\"><strong>Architektonick\u00e9 aplik\u00e1cie:<\/strong> Fyzicky tvrden\u00e9 krycie sklo sa v\u010faka svojej pevnosti a bezpe\u010dnostn\u00fdm vlastnostiam pou\u017e\u00edva v r\u00f4znych architektonick\u00fdch aplik\u00e1ci\u00e1ch, ako s\u00fa okn\u00e1, dvere a prie\u010dky.<\/p>\n<\/li>\n<li data-sourcepos=\"21:1-22:0\">\n<p data-sourcepos=\"21:3-21:151\"><strong>Automobilov\u00e9 displeje:<\/strong> Fyzicky tvrden\u00e9 krycie sklo sa \u010doraz \u010dastej\u0161ie pou\u017e\u00edva v automobilov\u00fdch displejoch v\u010faka svojej odolnosti a optickej \u010distote.<\/p>\n<\/li>\n<li data-sourcepos=\"23:1-24:0\">\n<p data-sourcepos=\"23:3-23:154\"><strong>Panely spotrebi\u010dov:<\/strong> Dom\u00e1ce spotrebi\u010de, ako s\u00fa chladni\u010dky a r\u00fary na pe\u010denie, \u010dasto pou\u017e\u00edvaj\u00fa na ovl\u00e1dac\u00edch paneloch a displejoch fyzicky tvrden\u00e9 krycie sklo.<\/p>\n<\/li>\n<\/ul>\n<p data-sourcepos=\"25:1-25:28\"><strong>Proces kalenia skla:<\/strong><\/p>\n<p data-sourcepos=\"27:1-27:309\">Proces kalenia fyzicky tvrden\u00e9ho krycieho skla zah\u0155\u0148a zahriatie skla na teplotu pribli\u017ene 600-700 \u00b0C a jeho n\u00e1sledn\u00e9 r\u00fdchle ochladenie pr\u00fadom studen\u00e9ho vzduchu. T\u00e1to r\u00fdchla zmena teploty vytv\u00e1ra na povrchu vrstvu tlakov\u00e9ho nap\u00e4tia, \u010d\u00edm sa sklo st\u00e1va odolnej\u0161\u00edm vo\u010di nam\u00e1haniu a rozbitiu.<\/p>","protected":false},"excerpt":{"rendered":"<p>Fyzicky tvrden\u00e9 krycie sklo sa stalo z\u00e1kladom ochrany elektronick\u00fdch zariaden\u00ed a architektonick\u00fdch aplik\u00e1ci\u00ed. Jeho v\u00fdnimo\u010dn\u00e1 pevnos\u0165, optick\u00e1 \u010distota a v\u0161estrannos\u0165 z neho robia z\u00e1kladn\u00fa s\u00fa\u010das\u0165 modern\u00fdch technol\u00f3gi\u00ed a kon\u0161trukci\u00ed.<\/p>","protected":false},"featured_media":1575,"template":"","meta":[],"product_cat":[15],"product_tag":[],"_links":{"self":[{"href":"https:\/\/touchscreenmfg.com\/sk\/wp-json\/wp\/v2\/product\/1614"}],"collection":[{"href":"https:\/\/touchscreenmfg.com\/sk\/wp-json\/wp\/v2\/product"}],"about":[{"href":"https:\/\/touchscreenmfg.com\/sk\/wp-json\/wp\/v2\/types\/product"}],"wp:featuredmedia":[{"embeddable":true,"href":"https:\/\/touchscreenmfg.com\/sk\/wp-json\/wp\/v2\/media\/1575"}],"wp:attachment":[{"href":"https:\/\/touchscreenmfg.com\/sk\/wp-json\/wp\/v2\/media?parent=1614"}],"wp:term":[{"taxonomy":"product_cat","embeddable":true,"href":"https:\/\/touchscreenmfg.com\/sk\/wp-json\/wp\/v2\/product_cat?post=1614"},{"taxonomy":"product_tag","embeddable":true,"href":"https:\/\/touchscreenmfg.com\/sk\/wp-json\/wp\/v2\/product_tag?post=1614"}],"curies":[{"name":"wp","href":"https:\/\/api.w.org\/{rel}","templated":true}]}}