{"id":1613,"date":"2024-06-29T01:06:11","date_gmt":"2024-06-29T01:06:11","guid":{"rendered":"https:\/\/touchscreenmfg.com\/manufacturer\/3d-bent-glass\/"},"modified":"2024-06-29T03:36:43","modified_gmt":"2024-06-29T03:36:43","slug":"3d-bent-glass","status":"publish","type":"product","link":"https:\/\/touchscreenmfg.com\/sk\/3d-bent-glass\/","title":{"rendered":"3D oh\u00fdban\u00e9 sklo"},"content":{"rendered":"<h2 class=\"\" data-sourcepos=\"1:1-1:66\">3D oh\u00fdban\u00e9 sklo: Formovanie bud\u00facnosti elegantn\u00fdch a odoln\u00fdch displejov<\/h2>\n<p data-sourcepos=\"3:1-3:67\">3D ohnut\u00e9 sklo, zn\u00e1me aj ako zakriven\u00e9 krycie sklo, je revolu\u010dn\u00fd typ skla, ktor\u00fd men\u00ed dizajn a funk\u010dnos\u0165 elektronick\u00fdch zariaden\u00ed. Na rozdiel od tradi\u010dn\u00e9ho ploch\u00e9ho krycieho skla m\u00e1 3D Bent Glass zakriven\u00fd tvar, ktor\u00fd sa dokonale prisp\u00f4sobuje kont\u00faram modern\u00fdch zakriven\u00fdch displejov. Tento inovat\u00edvny dizajn pon\u00faka cel\u00fd rad v\u00fdhod oproti ploch\u00e9mu kryciemu sklu, v\u010faka \u010domu je preferovanou vo\u013ebou pre v\u00fdrobcov aj spotrebite\u013eov.<\/p>\n<p data-sourcepos=\"5:1-5:19\"><strong>K\u013e\u00fa\u010dov\u00e9 vlastnosti:<\/strong><\/p>\n<ul data-sourcepos=\"7:1-7:153\">\n<li data-sourcepos=\"7:1-7:153\">\n<p class=\"\" data-sourcepos=\"7:3-7:169\"><strong class=\"\">Elegantn\u00fd a uhladen\u00fd dizajn:<\/strong> 3D oh\u00fdban\u00e9 sklo zlep\u0161uje estetiku zariaden\u00ed vytvoren\u00edm hladk\u00e9ho, s\u00favisl\u00e9ho povrchu, ktor\u00fd dokonale spl\u00fdva so zakriven\u00fdm displejom.<\/p>\n<\/li>\n<li data-sourcepos=\"9:1-10:0\">\n<p data-sourcepos=\"9:3-9:176\"><strong>Zv\u00fd\u0161en\u00e1 odolnos\u0165:<\/strong> Zakriven\u00fd tvar 3D oh\u00fdban\u00e9ho skla poskytuje lep\u0161iu \u0161truktur\u00e1lnu podporu, tak\u017ee je v porovnan\u00ed s ploch\u00fdm kryc\u00edm sklom odolnej\u0161ie vo\u010di n\u00e1razom a po\u0161kriabaniu.<\/p>\n<\/li>\n<li data-sourcepos=\"11:1-12:0\">\n<p data-sourcepos=\"11:3-11:159\"><strong>Vylep\u0161en\u00fd displej od okraja k okraju:<\/strong> 3D ohnut\u00e9 sklo umo\u017e\u0148uje zobrazenie od okraja k okraju, \u010d\u00edm sa maximalizuje zobrazovacia plocha a vytv\u00e1ra sa pohlcuj\u00facej\u0161\u00ed pou\u017e\u00edvate\u013esk\u00fd z\u00e1\u017eitok.<\/p>\n<\/li>\n<li data-sourcepos=\"13:1-13:131\">\n<p data-sourcepos=\"13:3-13:131\"><strong>Kompatibilita s dotykov\u00fdm displejom:<\/strong> 3D ohnut\u00e9 sklo je plne kompatibiln\u00e9 s technol\u00f3giou dotykovej obrazovky, \u010do zaru\u010duje bezprobl\u00e9mov\u00fa dotykov\u00fa interakciu.<\/p>\n<\/li>\n<\/ul>\n<p data-sourcepos=\"15:1-15:27\"><strong>Oh\u00fdbanie tvrden\u00e9ho skla:<\/strong><\/p>\n<p data-sourcepos=\"17:1-17:284\">Proces v\u00fdroby 3D oh\u00fdban\u00e9ho skla zah\u0155\u0148a zahriatie tvrden\u00e9ho skla na vysok\u00fa teplotu a jeho n\u00e1sledn\u00e9 tvarovanie do po\u017eadovan\u00e9ho tvaru pomocou \u0161pecializovan\u00fdch foriem a zariaden\u00ed. Tento proces zaru\u010duje, \u017ee si sklo zachov\u00e1 svoju pevnos\u0165 a odolnos\u0165 a z\u00e1rove\u0148 dosiahne po\u017eadovan\u00e9 zakrivenie.<\/p>\n<p data-sourcepos=\"19:1-19:34\"><strong>Aplik\u00e1cie:<\/strong><\/p>\n<ul data-sourcepos=\"21:1-28:0\">\n<li data-sourcepos=\"21:1-22:0\">\n<p data-sourcepos=\"21:3-21:134\"><strong>Smartf\u00f3ny:<\/strong> \u0160iroko sa pou\u017e\u00edva v \u0161pi\u010dkov\u00fdch smartf\u00f3noch a prispieva k ich elegantn\u00e9mu dizajnu a odolnej kon\u0161trukcii.<\/p>\n<\/li>\n<li data-sourcepos=\"23:1-24:0\">\n<p data-sourcepos=\"23:3-23:117\"><strong>Tablety:<\/strong> Tablety \u010doraz \u010dastej\u0161ie vyu\u017e\u00edvaj\u00fa 3D ohnut\u00e9 sklo pre svoje v\u00e4\u010d\u0161ie displeje a lep\u0161\u00ed pou\u017e\u00edvate\u013esk\u00fd z\u00e1\u017eitok.<\/p>\n<\/li>\n<li data-sourcepos=\"25:1-26:0\">\n<p data-sourcepos=\"25:3-25:112\"><strong>Prenosn\u00e9 po\u010d\u00edta\u010de:<\/strong> Niektor\u00e9 pr\u00e9miov\u00e9 notebooky s\u00fa vybaven\u00e9 3D ohnut\u00fdm sklom pre svoje dotykov\u00e9 displeje a elegantn\u00fd estetick\u00fd vzh\u013ead.<\/p>\n<\/li>\n<li data-sourcepos=\"27:1-28:0\">\n<p data-sourcepos=\"27:3-27:145\"><strong>Inteligentn\u00e9 hodinky:<\/strong> Nach\u00e1dza si cestu do inteligentn\u00fdch hodiniek a poskytuje odolnej\u0161\u00ed a vizu\u00e1lne atrakt\u00edvnej\u0161\u00ed kryt ich displejov.<\/p>\n<\/li>\n<\/ul>","protected":false},"excerpt":{"rendered":"<p>3D oh\u00fdban\u00e9 sklo men\u00ed pravidl\u00e1 hry vo svete elektronick\u00fdch zariaden\u00ed, preto\u017ee pon\u00faka kombin\u00e1ciu elegantn\u00e9ho dizajnu, zv\u00fd\u0161enej odolnosti a lep\u0161\u00edch zobrazovac\u00edch schopnost\u00ed. S technologick\u00fdm pokrokom je 3D oh\u00fdban\u00e9 sklo pripraven\u00e9 sta\u0165 sa e\u0161te roz\u0161\u00edrenej\u0161\u00edm a formova\u0165 bud\u00facnos\u0165 smartf\u00f3nov, tabletov, notebookov a \u010fal\u0161\u00edch zariaden\u00ed.<\/p>","protected":false},"featured_media":1574,"template":"","meta":[],"product_cat":[15],"product_tag":[],"_links":{"self":[{"href":"https:\/\/touchscreenmfg.com\/sk\/wp-json\/wp\/v2\/product\/1613"}],"collection":[{"href":"https:\/\/touchscreenmfg.com\/sk\/wp-json\/wp\/v2\/product"}],"about":[{"href":"https:\/\/touchscreenmfg.com\/sk\/wp-json\/wp\/v2\/types\/product"}],"wp:featuredmedia":[{"embeddable":true,"href":"https:\/\/touchscreenmfg.com\/sk\/wp-json\/wp\/v2\/media\/1574"}],"wp:attachment":[{"href":"https:\/\/touchscreenmfg.com\/sk\/wp-json\/wp\/v2\/media?parent=1613"}],"wp:term":[{"taxonomy":"product_cat","embeddable":true,"href":"https:\/\/touchscreenmfg.com\/sk\/wp-json\/wp\/v2\/product_cat?post=1613"},{"taxonomy":"product_tag","embeddable":true,"href":"https:\/\/touchscreenmfg.com\/sk\/wp-json\/wp\/v2\/product_tag?post=1613"}],"curies":[{"name":"wp","href":"https:\/\/api.w.org\/{rel}","templated":true}]}}