{"id":1612,"date":"2024-06-29T01:06:10","date_gmt":"2024-06-29T01:06:10","guid":{"rendered":"https:\/\/touchscreenmfg.com\/manufacturer\/capacitive-touch-screen\/"},"modified":"2024-06-29T03:40:01","modified_gmt":"2024-06-29T03:40:01","slug":"capacitive-touch-screen","status":"publish","type":"product","link":"https:\/\/touchscreenmfg.com\/sk\/capacitive-touch-screen\/","title":{"rendered":"Kapacitn\u00e1 dotykov\u00e1 obrazovka"},"content":{"rendered":"<h2 class=\"\" data-sourcepos=\"1:1-1:102\">Kapacitn\u00e9 dotykov\u00e9 obrazovky: Intuit\u00edvna dotykov\u00e1 technol\u00f3gia prin\u00e1\u0161a revol\u00faciu v interakcii \u010dloveka so strojom<\/h2>\n<p data-sourcepos=\"3:1-3:88\">Kapacitn\u00e9 dotykov\u00e9 obrazovky, zn\u00e1me aj ako kapacitn\u00e9 dotykov\u00e9 panely alebo interakt\u00edvne displeje, priniesli revol\u00faciu v sp\u00f4sobe interakcie s technol\u00f3giou. Tieto inovat\u00edvne dotykov\u00e9 obrazovky vyu\u017e\u00edvaj\u00fa sie\u0165 elektr\u00f3d zabudovan\u00fdch pod povrchom displeja na detekciu zmien v elektrickom poli sp\u00f4soben\u00fdch \u013eudsk\u00fdm prstom alebo in\u00fdm vodiv\u00fdm predmetom. T\u00e1to technol\u00f3gia umo\u017e\u0148uje pou\u017e\u00edvate\u013eom ovl\u00e1da\u0165 digit\u00e1lny obsah a komunikova\u0165 s n\u00edm prostredn\u00edctvom intuit\u00edvnych dotykov\u00fdch gest, ako s\u00fa dotyky, potiahnutia, stla\u010denie a pribl\u00ed\u017eenie.<\/p>\n<p data-sourcepos=\"5:1-5:45\"><strong>K\u013e\u00fa\u010dov\u00e9 vlastnosti:<\/strong><\/p>\n<ul data-sourcepos=\"7:1-7:125\">\n<li data-sourcepos=\"7:1-7:125\">\n<p class=\"\" data-sourcepos=\"7:3-7:241\"><strong class=\"\">Presn\u00e9 a citliv\u00e9 rozpozn\u00e1vanie dotykov:<\/strong> Kapacitn\u00e9 dotykov\u00e9 obrazovky vyu\u017e\u00edvaj\u00fa sofistikovan\u00fa technol\u00f3giu detekcie dotyku, ktor\u00e1 presne zachyt\u00e1va a reaguje na \u0161irok\u00fa \u0161k\u00e1lu dotykov\u00fdch gest a poskytuje prirodzen\u00fd a intuit\u00edvny pou\u017e\u00edvate\u013esk\u00fd z\u00e1\u017eitok.<\/p>\n<\/li>\n<li data-sourcepos=\"9:1-10:0\">\n<p data-sourcepos=\"9:3-9:210\"><strong>Mo\u017enos\u0165 viacdotykov\u00e9ho ovl\u00e1dania:<\/strong> Mnoh\u00e9 kapacitn\u00e9 dotykov\u00e9 obrazovky podporuj\u00fa funkciu viacdotykov\u00e9ho ovl\u00e1dania, ktor\u00e1 pou\u017e\u00edvate\u013eom umo\u017e\u0148uje interakciu s viacer\u00fdmi bodmi na obrazovke s\u00fa\u010dasne, \u010do zvy\u0161uje interakt\u00edvny z\u00e1\u017eitok.<\/p>\n<\/li>\n<li data-sourcepos=\"11:1-12:0\">\n<p data-sourcepos=\"11:3-11:206\"><strong>Odoln\u00e9 povrchy odoln\u00e9 vo\u010di po\u0161kriabaniu:<\/strong> Kapacitn\u00e9 dotykov\u00e9 obrazovky s\u00fa zvy\u010dajne vyroben\u00e9 z odoln\u00fdch materi\u00e1lov, ako je tvrden\u00e9 sklo alebo plast, v\u010faka \u010domu vydr\u017eia pravideln\u00e9 pou\u017e\u00edvanie a s\u00fa odoln\u00e9 vo\u010di po\u0161kriabaniu.<\/p>\n<\/li>\n<li data-sourcepos=\"13:1-13:35\">\n<p data-sourcepos=\"13:3-13:35\"><strong>V\u0161estrann\u00e9 pou\u017eitie:<\/strong> Kapacitn\u00e9 dotykov\u00e9 obrazovky sa pou\u017e\u00edvaj\u00fa v \u0161irokej \u0161k\u00e1le aplik\u00e1ci\u00ed vr\u00e1tane smartf\u00f3nov, tabletov, prenosn\u00fdch po\u010d\u00edta\u010dov, kioskov a priemyseln\u00fdch riadiacich syst\u00e9mov.<\/p>\n<\/li>\n<\/ul>\n<p data-sourcepos=\"15:1-15:32\"><strong>Kapacitn\u00e1 dotykov\u00e1 technol\u00f3gia:<\/strong><\/p>\n<p data-sourcepos=\"17:1-17:327\">Jadrom kapacitn\u00fdch dotykov\u00fdch obrazoviek je princ\u00edp kapacitn\u00e9ho sn\u00edmania. Ke\u010f sa obrazovky dotkne vodiv\u00fd predmet, napr\u00edklad prst, naru\u0161\u00ed elektrick\u00e9 pole generovan\u00e9 elektr\u00f3dami. Toto naru\u0161enie meraj\u00fa obvody dotykov\u00e9ho sn\u00edma\u010da a umo\u017e\u0148uj\u00fa syst\u00e9mu ur\u010di\u0165 miesto dotyku.<\/p>\n<p data-sourcepos=\"19:1-19:45\"><strong>Aplik\u00e1cie:<\/strong><\/p>\n<ul data-sourcepos=\"21:1-28:0\">\n<li data-sourcepos=\"21:1-22:0\">\n<p data-sourcepos=\"21:3-21:168\"><strong>Spotrebn\u00e1 elektronika:<\/strong> Kapacitn\u00e9 dotykov\u00e9 obrazovky s\u00fa v\u0161adepr\u00edtomn\u00e9 v zariadeniach spotrebnej elektroniky a poskytuj\u00fa intuit\u00edvne ovl\u00e1danie smartf\u00f3nov, tabletov a prenosn\u00fdch po\u010d\u00edta\u010dov.<\/p>\n<\/li>\n<li data-sourcepos=\"23:1-24:0\">\n<p data-sourcepos=\"23:3-23:152\"><strong>Komer\u010dn\u00e9 displeje:<\/strong> Dotykov\u00e9 obrazovky sa \u010doraz \u010dastej\u0161ie pou\u017e\u00edvaj\u00fa v komer\u010dn\u00fdch zariadeniach, ako s\u00fa maloobchodn\u00e9 kiosky, interakt\u00edvne n\u00e1pisy a vzdel\u00e1vacie displeje.<\/p>\n<\/li>\n<li data-sourcepos=\"25:1-26:0\">\n<p data-sourcepos=\"25:3-25:158\"><strong>Priemyseln\u00e1 automatiz\u00e1cia:<\/strong> Dotykov\u00e9 panely sa pou\u017e\u00edvaj\u00fa v priemyseln\u00fdch automatiza\u010dn\u00fdch syst\u00e9moch na ovl\u00e1danie strojov, monitorovanie procesov a vizualiz\u00e1ciu \u00fadajov.<\/p>\n<\/li>\n<li data-sourcepos=\"27:1-28:0\">\n<p data-sourcepos=\"27:3-27:178\"><strong>Automatiz\u00e1cia dom\u00e1cnosti:<\/strong> Kapacitn\u00e9 dotykov\u00e9 obrazovky s\u00fa integrovan\u00e9 do inteligentn\u00fdch dom\u00e1cich syst\u00e9mov a umo\u017e\u0148uj\u00fa pou\u017e\u00edvate\u013eom ovl\u00e1da\u0165 osvetlenie, spotrebi\u010de a bezpe\u010dnostn\u00e9 funkcie jednoduch\u00fdm dotykom.<\/p>\n<\/li>\n<\/ul>","protected":false},"excerpt":{"rendered":"<p>Kapacitn\u00e9 dotykov\u00e9 obrazovky zmenili interakciu medzi \u010dlovekom a strojom a poskytuj\u00fa prirodzenej\u0161\u00ed a intuit\u00edvnej\u0161\u00ed sp\u00f4sob ovl\u00e1dania digit\u00e1lnych zariaden\u00ed a interakcie s nimi. V\u010faka svojej v\u0161estrannosti, presnosti a odolnosti s\u00fa nenahradite\u013en\u00fdmi komponentmi v \u0161irokom spektre aplik\u00e1ci\u00ed, od spotrebnej elektroniky a\u017e po priemyseln\u00fa automatiz\u00e1ciu.<\/p>","protected":false},"featured_media":1573,"template":"","meta":[],"product_cat":[41],"product_tag":[],"_links":{"self":[{"href":"https:\/\/touchscreenmfg.com\/sk\/wp-json\/wp\/v2\/product\/1612"}],"collection":[{"href":"https:\/\/touchscreenmfg.com\/sk\/wp-json\/wp\/v2\/product"}],"about":[{"href":"https:\/\/touchscreenmfg.com\/sk\/wp-json\/wp\/v2\/types\/product"}],"wp:featuredmedia":[{"embeddable":true,"href":"https:\/\/touchscreenmfg.com\/sk\/wp-json\/wp\/v2\/media\/1573"}],"wp:attachment":[{"href":"https:\/\/touchscreenmfg.com\/sk\/wp-json\/wp\/v2\/media?parent=1612"}],"wp:term":[{"taxonomy":"product_cat","embeddable":true,"href":"https:\/\/touchscreenmfg.com\/sk\/wp-json\/wp\/v2\/product_cat?post=1612"},{"taxonomy":"product_tag","embeddable":true,"href":"https:\/\/touchscreenmfg.com\/sk\/wp-json\/wp\/v2\/product_tag?post=1612"}],"curies":[{"name":"wp","href":"https:\/\/api.w.org\/{rel}","templated":true}]}}