{"id":1611,"date":"2024-06-29T01:06:10","date_gmt":"2024-06-29T01:06:10","guid":{"rendered":"https:\/\/touchscreenmfg.com\/manufacturer\/oled-touch-screen\/"},"modified":"2024-06-29T03:46:04","modified_gmt":"2024-06-29T03:46:04","slug":"oled-touch-screen","status":"publish","type":"product","link":"https:\/\/touchscreenmfg.com\/sk\/oled-touch-screen\/","title":{"rendered":"Dotykov\u00fd displej OLED"},"content":{"rendered":"<h2 class=\"\" data-sourcepos=\"3:1-3:103\">Dotykov\u00e9 obrazovky OLED: Zlep\u0161enie pou\u017e\u00edvate\u013esk\u00e9ho z\u00e1\u017eitku v\u010faka \u017eiv\u00fdm displejom a citlivej dotykovej interakcii<\/h2>\n<p data-sourcepos=\"5:1-5:118\">Dotykov\u00e9 obrazovky OLED, zn\u00e1me aj ako dotykov\u00e9 displeje OLED, sp\u00e1jaj\u00fa vynikaj\u00facu kvalitu obrazu technol\u00f3gie OLED (Organic Light-Emitting Diode) s interakt\u00edvnymi mo\u017enos\u0165ami dotykov\u00e9ho panela. T\u00e1to inovat\u00edvna technol\u00f3gia pon\u00faka podmaniv\u00fd pou\u017e\u00edvate\u013esk\u00fd z\u00e1\u017eitok, v ktorom sa sn\u00fabi ohromuj\u00faci obraz s intuit\u00edvnym dotykov\u00fdm ovl\u00e1dan\u00edm.<\/p>\n<p data-sourcepos=\"7:1-7:39\"><strong>K\u013e\u00fa\u010dov\u00e9 vlastnosti:<\/strong><\/p>\n<ul data-sourcepos=\"9:1-9:134\">\n<li data-sourcepos=\"9:1-9:134\">\n<p class=\"\" data-sourcepos=\"9:3-9:190\"><strong class=\"\">V\u00fdnimo\u010dn\u00e1 kvalita zobrazenia:<\/strong> Dotykov\u00e9 obrazovky OLED poskytuj\u00fa v\u00fdnimo\u010dn\u00fa kvalitu obrazu so \u017eiv\u00fdmi farbami, vysok\u00fdm kontrastn\u00fdm pomerom a vernou \u010diernou, \u010d\u00edm poskytuj\u00fa vizu\u00e1lne pohlcuj\u00faci z\u00e1\u017eitok.<\/p>\n<\/li>\n<li data-sourcepos=\"11:1-12:0\">\n<p data-sourcepos=\"11:3-11:178\"><strong>Citliv\u00e1 interakcia s dotykom:<\/strong> Prekrytie panela dotykovej obrazovky umo\u017e\u0148uje pou\u017e\u00edvate\u013eom interakciu s displejom prostredn\u00edctvom intuit\u00edvnych dotykov\u00fdch gest, ako s\u00fa dotyky, potiahnutia a stla\u010denie.<\/p>\n<\/li>\n<li data-sourcepos=\"13:1-14:0\">\n<p data-sourcepos=\"13:3-13:165\"><strong>Energetick\u00e1 \u00fa\u010dinnos\u0165:<\/strong> Obrazovky OLED s\u00fa v porovnan\u00ed s dotykov\u00fdmi obrazovkami LCD zvy\u010dajne energeticky \u00faspornej\u0161ie a spotreb\u00favaj\u00fa menej energie bez toho, aby sa zn\u00ed\u017eil ich v\u00fdkon.<\/p>\n<\/li>\n<li data-sourcepos=\"15:1-16:0\">\n<p data-sourcepos=\"15:3-15:130\"><strong>Flexibiln\u00fd dizajn:<\/strong> Displeje OLED pon\u00fakaj\u00fa v\u00e4\u010d\u0161iu flexibilitu pri navrhovan\u00ed, \u010do umo\u017e\u0148uje ten\u0161ie, \u013eah\u0161ie a zakriven\u00e9 dotykov\u00e9 obrazovky.<\/p>\n<\/li>\n<\/ul>\n<p data-sourcepos=\"17:1-17:39\"><strong>Aplik\u00e1cie:<\/strong><\/p>\n<ul data-sourcepos=\"19:1-19:151\">\n<li data-sourcepos=\"19:1-19:151\">\n<p data-sourcepos=\"19:3-19:178\"><strong>Smartf\u00f3ny a tablety:<\/strong> Obrazovky OLED sa \u010doraz \u010dastej\u0161ie pou\u017e\u00edvaj\u00fa v pr\u00e9miov\u00fdch smartf\u00f3noch a tabletoch, preto\u017ee poskytuj\u00fa vynikaj\u00faci z\u00e1\u017eitok zo sledovania a lep\u0161iu interakciu s pou\u017e\u00edvate\u013eom.<\/p>\n<\/li>\n<li data-sourcepos=\"21:1-22:0\">\n<p data-sourcepos=\"21:3-21:181\"><strong>Inteligentn\u00e9 hodinky a nosite\u013en\u00e9 zariadenia:<\/strong> Displeje OLED sa v\u010faka svojim kompaktn\u00fdm rozmerom, n\u00edzkej spotrebe energie a vysokej kvalite obrazu za\u010d\u00ednaj\u00fa pou\u017e\u00edva\u0165 v inteligentn\u00fdch hodink\u00e1ch a nosite\u013en\u00fdch zariadeniach.<\/p>\n<\/li>\n<li data-sourcepos=\"23:1-24:0\">\n<p data-sourcepos=\"23:3-23:147\"><strong>Telev\u00edzory a monitory:<\/strong> Telev\u00edzory a monitory OLED s\u00fa \u010doraz ob\u013e\u00fabenej\u0161ie, preto\u017ee pon\u00fakaj\u00fa v\u00fdnimo\u010dn\u00fa kvalitu obrazu a pohlcuj\u00faci z\u00e1\u017eitok zo sledovania.<\/p>\n<\/li>\n<li data-sourcepos=\"25:1-26:0\">\n<p data-sourcepos=\"25:3-25:153\"><strong>Automobilov\u00e9 displeje:<\/strong> Dotykov\u00e9 obrazovky OLED sa integruj\u00fa do pr\u00edstrojov\u00fdch dosiek a informa\u010dno-z\u00e1bavn\u00fdch syst\u00e9mov v automobiloch, \u010d\u00edm sa zlep\u0161uje z\u00e1\u017eitok z jazdy.<\/p>\n<\/li>\n<\/ul>","protected":false},"excerpt":{"rendered":"<p>Dotykov\u00e9 obrazovky OLED priniesli revol\u00faciu do sp\u00f4sobu interakcie s digit\u00e1lnymi zariadeniami, preto\u017ee pon\u00fakaj\u00fa kombin\u00e1ciu \u00fa\u017easn\u00e9ho obrazu, citliv\u00e9ho dotykov\u00e9ho ovl\u00e1dania a energetickej \u00fa\u010dinnosti. V\u010faka svojej v\u0161estrannosti a vynikaj\u00facej kvalite zobrazenia s\u00fa preferovanou vo\u013ebou pre \u0161irok\u00fa \u0161k\u00e1lu aplik\u00e1ci\u00ed, od smartf\u00f3nov a tabletov a\u017e po telev\u00edzory a displeje v automobilovom priemysle.<\/p>","protected":false},"featured_media":1572,"template":"","meta":[],"product_cat":[41],"product_tag":[],"_links":{"self":[{"href":"https:\/\/touchscreenmfg.com\/sk\/wp-json\/wp\/v2\/product\/1611"}],"collection":[{"href":"https:\/\/touchscreenmfg.com\/sk\/wp-json\/wp\/v2\/product"}],"about":[{"href":"https:\/\/touchscreenmfg.com\/sk\/wp-json\/wp\/v2\/types\/product"}],"wp:featuredmedia":[{"embeddable":true,"href":"https:\/\/touchscreenmfg.com\/sk\/wp-json\/wp\/v2\/media\/1572"}],"wp:attachment":[{"href":"https:\/\/touchscreenmfg.com\/sk\/wp-json\/wp\/v2\/media?parent=1611"}],"wp:term":[{"taxonomy":"product_cat","embeddable":true,"href":"https:\/\/touchscreenmfg.com\/sk\/wp-json\/wp\/v2\/product_cat?post=1611"},{"taxonomy":"product_tag","embeddable":true,"href":"https:\/\/touchscreenmfg.com\/sk\/wp-json\/wp\/v2\/product_tag?post=1611"}],"curies":[{"name":"wp","href":"https:\/\/api.w.org\/{rel}","templated":true}]}}