{"id":1610,"date":"2024-06-29T01:06:10","date_gmt":"2024-06-29T01:06:10","guid":{"rendered":"https:\/\/touchscreenmfg.com\/manufacturer\/tft-touch-screen\/"},"modified":"2024-06-29T03:49:15","modified_gmt":"2024-06-29T03:49:15","slug":"tft-touch-screen","status":"publish","type":"product","link":"https:\/\/touchscreenmfg.com\/sk\/tft-touch-screen\/","title":{"rendered":"Dotykov\u00fd displej TFT"},"content":{"rendered":"<h2 class=\"\" data-sourcepos=\"3:1-3:77\">Dotykov\u00e9 obrazovky TFT: Kombin\u00e1cia jasnosti farieb a intuit\u00edvnej dotykovej interakcie<\/h2>\n<p data-sourcepos=\"5:1-5:122\">Dotykov\u00e9 obrazovky TFT, zn\u00e1me aj ako dotykov\u00e9 displeje TFT, s\u00fa typom dotykovej obrazovky, ktor\u00e1 vyu\u017e\u00edva technol\u00f3giu tenkovrstvov\u00fdch tranzistorov (TFT) na poskytovanie vysokokvalitn\u00e9ho obrazu a umo\u017e\u0148uje interakt\u00edvne dotykov\u00e9 ovl\u00e1danie. Tieto v\u0161estrann\u00e9 displeje sa \u0161iroko pou\u017e\u00edvaj\u00fa v r\u00f4znych elektronick\u00fdch zariadeniach a pon\u00fakaj\u00fa rovnov\u00e1hu medzi vizu\u00e1lnou \u010distotou a u\u017e\u00edvate\u013esky pr\u00edvetivou interakciou.<\/p>\n<p data-sourcepos=\"7:1-7:38\"><strong>K\u013e\u00fa\u010dov\u00e9 vlastnosti:<\/strong><\/p>\n<ul data-sourcepos=\"9:1-9:87\">\n<li data-sourcepos=\"9:1-9:87\">\n<p class=\"\" data-sourcepos=\"9:3-9:159\"><strong class=\"\">\u017div\u00e9 farby displeja:<\/strong> Dotykov\u00e9 obrazovky TFT poskytuj\u00fa \u0161irok\u00fa \u0161k\u00e1lu farieb s vysok\u00fdm rozl\u00ed\u0161en\u00edm a pon\u00fakaj\u00fa vizu\u00e1lne atrakt\u00edvny a p\u00fatav\u00fd pou\u017e\u00edvate\u013esk\u00fd z\u00e1\u017eitok.<\/p>\n<\/li>\n<li data-sourcepos=\"11:1-12:0\">\n<p data-sourcepos=\"11:3-11:177\"><strong>Citliv\u00e1 interakcia s dotykom:<\/strong> Prekrytie panela dotykovej obrazovky umo\u017e\u0148uje pou\u017e\u00edvate\u013eom interakciu s displejom prostredn\u00edctvom intuit\u00edvnych dotykov\u00fdch gest, ako s\u00fa \u0165uknutia, potiahnutia a stla\u010denie.<\/p>\n<\/li>\n<li data-sourcepos=\"13:1-14:0\">\n<p data-sourcepos=\"13:3-13:158\"><strong>Odoln\u00fd a v\u0161estrann\u00fd:<\/strong> TFT obrazovky s\u00fa zvy\u010dajne vyroben\u00e9 z odoln\u00fdch materi\u00e1lov, ako je sklo alebo plast, v\u010faka \u010domu s\u00fa vhodn\u00e9 na r\u00f4zne aplik\u00e1cie.<\/p>\n<\/li>\n<li data-sourcepos=\"15:1-16:0\">\n<p data-sourcepos=\"15:3-15:130\"><strong>N\u00e1kladovo efekt\u00edvne:<\/strong> Technol\u00f3gia TFT pon\u00faka v porovnan\u00ed s in\u00fdmi technol\u00f3giami dotykov\u00fdch obrazoviek rovnov\u00e1hu medzi v\u00fdkonom a cenovou dostupnos\u0165ou.<\/p>\n<\/li>\n<\/ul>\n<p data-sourcepos=\"17:1-17:2\"><strong>Aplik\u00e1cie:<\/strong><\/p>\n<ul data-sourcepos=\"19:1-26:0\">\n<li data-sourcepos=\"19:1-20:0\">\n<p data-sourcepos=\"19:3-19:171\"><strong>Smartf\u00f3ny a tablety:<\/strong> Obrazovky TFT sa be\u017ene pou\u017e\u00edvaj\u00fa v smartf\u00f3noch a tabletoch a predstavuj\u00fa n\u00e1kladovo efekt\u00edvne a v\u0161estrann\u00e9 rie\u0161enie pre zariadenia s dotykov\u00fdm ovl\u00e1dan\u00edm.<\/p>\n<\/li>\n<li data-sourcepos=\"21:1-22:0\">\n<p data-sourcepos=\"21:3-21:140\"><strong>Prenosn\u00e9 a stolov\u00e9 po\u010d\u00edta\u010de:<\/strong> Prenosn\u00e9 po\u010d\u00edta\u010de s dotykovou obrazovkou a stolov\u00e9 po\u010d\u00edta\u010de typu \"v\u0161etko v jednom\" (AIO) \u010dasto vyu\u017e\u00edvaj\u00fa dotykov\u00e9 obrazovky TFT na lep\u0161iu interakciu s pou\u017e\u00edvate\u013eom.<\/p>\n<\/li>\n<li data-sourcepos=\"23:1-24:0\">\n<p data-sourcepos=\"23:3-23:171\"><strong>Kiosky a interakt\u00edvne displeje:<\/strong> Obrazovky TFT sa vo ve\u013ekej miere pou\u017e\u00edvaj\u00fa v kioskoch, informa\u010dn\u00fdch termin\u00e1loch a interakt\u00edvnych informa\u010dn\u00fdch tabuliach na samoobsluhu a pr\u00edstup k inform\u00e1ci\u00e1m.<\/p>\n<\/li>\n<li data-sourcepos=\"25:1-26:0\">\n<p data-sourcepos=\"25:3-25:166\"><strong>Syst\u00e9my na mieste predaja (POS):<\/strong> TFT obrazovky s\u00fa z\u00e1kladn\u00fdmi komponentmi pokladni\u010dn\u00fdch syst\u00e9mov, ktor\u00e9 umo\u017e\u0148uj\u00fa efekt\u00edvne pokladni\u010dn\u00e9 oper\u00e1cie a spr\u00e1vu objedn\u00e1vok v maloobchodnom prostred\u00ed.<\/p>\n<\/li>\n<\/ul>","protected":false},"excerpt":{"rendered":"<p>Dotykov\u00e9 obrazovky TFT sa stali z\u00e1kladom vo svete elektronick\u00fdch zariaden\u00ed, preto\u017ee pon\u00fakaj\u00fa kombin\u00e1ciu jasn\u00fdch farieb, citlivej dotykovej interakcie a cenovej dostupnosti. V\u010faka svojej v\u0161estrannosti s\u00fa vhodn\u00e9 pre \u0161irok\u00fa \u0161k\u00e1lu aplik\u00e1ci\u00ed, od osobn\u00fdch zariaden\u00ed a\u017e po komer\u010dn\u00e9 prostredie, \u010d\u00edm zvy\u0161uj\u00fa pou\u017e\u00edvate\u013esk\u00fd komfort a podporuj\u00fa inov\u00e1cie.<\/p>","protected":false},"featured_media":1571,"template":"","meta":[],"product_cat":[41],"product_tag":[],"_links":{"self":[{"href":"https:\/\/touchscreenmfg.com\/sk\/wp-json\/wp\/v2\/product\/1610"}],"collection":[{"href":"https:\/\/touchscreenmfg.com\/sk\/wp-json\/wp\/v2\/product"}],"about":[{"href":"https:\/\/touchscreenmfg.com\/sk\/wp-json\/wp\/v2\/types\/product"}],"wp:featuredmedia":[{"embeddable":true,"href":"https:\/\/touchscreenmfg.com\/sk\/wp-json\/wp\/v2\/media\/1571"}],"wp:attachment":[{"href":"https:\/\/touchscreenmfg.com\/sk\/wp-json\/wp\/v2\/media?parent=1610"}],"wp:term":[{"taxonomy":"product_cat","embeddable":true,"href":"https:\/\/touchscreenmfg.com\/sk\/wp-json\/wp\/v2\/product_cat?post=1610"},{"taxonomy":"product_tag","embeddable":true,"href":"https:\/\/touchscreenmfg.com\/sk\/wp-json\/wp\/v2\/product_tag?post=1610"}],"curies":[{"name":"wp","href":"https:\/\/api.w.org\/{rel}","templated":true}]}}