{"id":1609,"date":"2024-06-29T01:06:10","date_gmt":"2024-06-29T01:06:10","guid":{"rendered":"https:\/\/touchscreenmfg.com\/manufacturer\/lcd-touch-screen\/"},"modified":"2024-06-29T03:20:02","modified_gmt":"2024-06-29T03:20:02","slug":"lcd-touch-screen","status":"publish","type":"product","link":"https:\/\/touchscreenmfg.com\/sk\/lcd-touch-screen\/","title":{"rendered":"Dotykov\u00fd displej LCD"},"content":{"rendered":"<h2 class=\"\" data-sourcepos=\"3:1-3:89\">Dotykov\u00fd displej LCD: Zlep\u0161enie interakcie pou\u017e\u00edvate\u013ea s vizu\u00e1lnou jasnos\u0165ou a hmatovou odozvou<\/h2>\n<p data-sourcepos=\"5:1-5:121\">Dotykov\u00e9 obrazovky LCD, zn\u00e1me aj ako obrazovky s dotykov\u00fdm panelom alebo displeje s dotykov\u00fdm panelom, s\u00fa typom dotykovej obrazovky, ktor\u00e1 kombinuje vizu\u00e1lnu \u010distotu displeja z tekut\u00fdch kry\u0161t\u00e1lov (LCD) s interakt\u00edvnymi mo\u017enos\u0165ami dotykov\u00e9ho panelu. Tieto v\u0161estrann\u00e9 displeje sa \u0161iroko pou\u017e\u00edvaj\u00fa v r\u00f4znych elektronick\u00fdch zariadeniach a pon\u00fakaj\u00fa u\u017e\u00edvate\u013esky pr\u00edvetiv\u00e9 a p\u00fatav\u00e9 rozhranie.<\/p>\n<p data-sourcepos=\"7:1-7:38\"><strong>K\u013e\u00fa\u010dov\u00e9 vlastnosti:<\/strong><\/p>\n<ul data-sourcepos=\"9:1-9:76\">\n<li data-sourcepos=\"9:1-9:76\">\n<p class=\"\" data-sourcepos=\"9:3-9:190\"><strong class=\"\">Jasn\u00fd a \u017eiv\u00fd displej:<\/strong> Dotykov\u00e9 obrazovky LCD vyu\u017e\u00edvaj\u00fa technol\u00f3giu LCD na poskytovanie obrazu s vysok\u00fdm rozl\u00ed\u0161en\u00edm, bohat\u00fdmi farbami a ostr\u00fdmi detailmi, \u010do zaru\u010duje vizu\u00e1lne pr\u00ed\u0165a\u017eliv\u00fd pou\u017e\u00edvate\u013esk\u00fd z\u00e1\u017eitok.<\/p>\n<\/li>\n<li data-sourcepos=\"11:1-12:0\">\n<p data-sourcepos=\"11:3-11:177\"><strong>Citliv\u00e1 interakcia s dotykom:<\/strong> Prekrytie dotykov\u00e9ho panela umo\u017e\u0148uje pou\u017e\u00edvate\u013eom interakciu s displejom prostredn\u00edctvom intuit\u00edvnych dotykov\u00fdch gest, ako s\u00fa dotyky, \u0165ahy prstom a stl\u00e1\u010danie.<\/p>\n<\/li>\n<li data-sourcepos=\"13:1-14:0\">\n<p data-sourcepos=\"13:3-13:185\"><strong>Odoln\u00fd a v\u0161estrann\u00fd:<\/strong> Zvy\u010dajne s\u00fa vyroben\u00e9 z odoln\u00fdch materi\u00e1lov, ako je sklo alebo plast, v\u010faka \u010domu s\u00fa odoln\u00e9 vo\u010di po\u0161kriabaniu a vhodn\u00e9 na r\u00f4zne aplik\u00e1cie.<\/p>\n<\/li>\n<li data-sourcepos=\"15:1-15:72\">\n<p data-sourcepos=\"15:3-15:72\"><strong>Energetick\u00e1 \u00fa\u010dinnos\u0165:<\/strong> V porovnan\u00ed s in\u00fdmi zobrazovac\u00edmi technol\u00f3giami s\u00fa vo v\u0161eobecnosti energeticky \u00fasporn\u00e9 a spotreb\u00favaj\u00fa menej energie bez toho, aby sa zn\u00ed\u017eil ich v\u00fdkon.<\/p>\n<\/li>\n<\/ul>\n<p data-sourcepos=\"17:1-17:38\"><strong>Aplik\u00e1cie:<\/strong><\/p>\n<ul data-sourcepos=\"19:1-26:0\">\n<li data-sourcepos=\"19:1-20:0\">\n<p data-sourcepos=\"19:3-19:159\"><strong>Smartf\u00f3ny a tablety:<\/strong> S\u00fa hlavnou zobrazovacou technol\u00f3giou pre smartf\u00f3ny a tablety, ktor\u00e9 poskytuj\u00fa kompaktn\u00e9 a interakt\u00edvne rozhranie.<\/p>\n<\/li>\n<li data-sourcepos=\"21:1-22:0\">\n<p data-sourcepos=\"21:3-21:171\"><strong>Prenosn\u00e9 a stolov\u00e9 po\u010d\u00edta\u010de:<\/strong> Notebooky s dotykovou obrazovkou a stolov\u00e9 po\u010d\u00edta\u010de typu AIO typu v\u0161etko v jednom s\u00fa \u010doraz popul\u00e1rnej\u0161ie a vyu\u017e\u00edvaj\u00fa dotykov\u00e9 obrazovky LCD na lep\u0161iu interakciu s pou\u017e\u00edvate\u013eom.<\/p>\n<\/li>\n<li data-sourcepos=\"23:1-24:0\">\n<p data-sourcepos=\"23:3-23:171\"><strong>Kiosky a interakt\u00edvne displeje:<\/strong> Dotykov\u00e9 obrazovky LCD sa vo ve\u013ekej miere pou\u017e\u00edvaj\u00fa v kioskoch, informa\u010dn\u00fdch termin\u00e1loch a interakt\u00edvnom zna\u010den\u00ed na samoobsluhu a pr\u00edstup k inform\u00e1ci\u00e1m.<\/p>\n<\/li>\n<li data-sourcepos=\"25:1-26:0\">\n<p data-sourcepos=\"25:3-25:166\"><strong>Syst\u00e9my na mieste predaja (POS):<\/strong> Dotykov\u00e9 obrazovky LCD s\u00fa z\u00e1kladn\u00fdmi komponentmi pokladni\u010dn\u00fdch syst\u00e9mov, ktor\u00e9 umo\u017e\u0148uj\u00fa efekt\u00edvne pokladni\u010dn\u00e9 oper\u00e1cie a spr\u00e1vu objedn\u00e1vok v maloobchodnom prostred\u00ed.<\/p>\n<\/li>\n<\/ul>","protected":false},"excerpt":{"rendered":"<p>Dotykov\u00e9 obrazovky LCD sa stali nepostr\u00e1date\u013en\u00fdmi s\u00fa\u010das\u0165ami modern\u00e9ho digit\u00e1lneho prostredia, preto\u017ee pon\u00fakaj\u00fa dokonal\u00fa kombin\u00e1ciu vizu\u00e1lnej \u010distoty, citlivej dotykovej interakcie a odolnosti. V\u010faka svojej v\u0161estrannosti s\u00fa vhodn\u00e9 pre \u0161irok\u00fa \u0161k\u00e1lu aplik\u00e1ci\u00ed, od osobn\u00fdch zariaden\u00ed a\u017e po komer\u010dn\u00e9 prostredie, \u010d\u00edm zlep\u0161uj\u00fa pou\u017e\u00edvate\u013esk\u00fd z\u00e1\u017eitok a podporuj\u00fa inov\u00e1cie.<\/p>","protected":false},"featured_media":1570,"template":"","meta":[],"product_cat":[41],"product_tag":[],"_links":{"self":[{"href":"https:\/\/touchscreenmfg.com\/sk\/wp-json\/wp\/v2\/product\/1609"}],"collection":[{"href":"https:\/\/touchscreenmfg.com\/sk\/wp-json\/wp\/v2\/product"}],"about":[{"href":"https:\/\/touchscreenmfg.com\/sk\/wp-json\/wp\/v2\/types\/product"}],"wp:featuredmedia":[{"embeddable":true,"href":"https:\/\/touchscreenmfg.com\/sk\/wp-json\/wp\/v2\/media\/1570"}],"wp:attachment":[{"href":"https:\/\/touchscreenmfg.com\/sk\/wp-json\/wp\/v2\/media?parent=1609"}],"wp:term":[{"taxonomy":"product_cat","embeddable":true,"href":"https:\/\/touchscreenmfg.com\/sk\/wp-json\/wp\/v2\/product_cat?post=1609"},{"taxonomy":"product_tag","embeddable":true,"href":"https:\/\/touchscreenmfg.com\/sk\/wp-json\/wp\/v2\/product_tag?post=1609"}],"curies":[{"name":"wp","href":"https:\/\/api.w.org\/{rel}","templated":true}]}}