{"id":1608,"date":"2024-06-29T01:06:10","date_gmt":"2024-06-29T01:06:10","guid":{"rendered":"https:\/\/touchscreenmfg.com\/manufacturer\/touch-screen-lens\/"},"modified":"2024-06-29T03:53:36","modified_gmt":"2024-06-29T03:53:36","slug":"touch-screen-lens","status":"publish","type":"product","link":"https:\/\/touchscreenmfg.com\/sk\/touch-screen-lens\/","title":{"rendered":"Objekt\u00edv s dotykovou obrazovkou"},"content":{"rendered":"<h2 class=\"\" data-sourcepos=\"3:1-3:76\">Objekt\u00edvy s dotykovou obrazovkou: Ochrana a vylep\u0161enie z\u00e1\u017eitku z dotykovej obrazovky<\/h2>\n<p data-sourcepos=\"5:1-5:166\">\u0160o\u0161ovky na dotykov\u00e9 obrazovky, zn\u00e1me aj ako kryty na dotykov\u00e9 obrazovky alebo ochrann\u00e9 f\u00f3lie, s\u00fa prieh\u013eadn\u00e9 vrstvy aplikovan\u00e9 na displeje dotykov\u00fdch obrazoviek, ktor\u00e9 ich chr\u00e1nia pred po\u0161kriaban\u00edm, n\u00e1razmi a in\u00fdm po\u0161koden\u00edm. Tieto ochrann\u00e9 \u0161t\u00edty zohr\u00e1vaj\u00fa k\u013e\u00fa\u010dov\u00fa \u00falohu pri zachovan\u00ed integrity a funk\u010dnosti dotykov\u00fdch obrazoviek, \u010d\u00edm zabezpe\u010duj\u00fa plynul\u00fa a citliv\u00fa pr\u00e1cu pou\u017e\u00edvate\u013ea.<\/p>\n<p data-sourcepos=\"7:1-7:40\"><strong>K\u013e\u00fa\u010dov\u00e9 vlastnosti:<\/strong><\/p>\n<ul data-sourcepos=\"9:1-9:121\">\n<li data-sourcepos=\"9:1-9:121\">\n<p class=\"\" data-sourcepos=\"9:3-9:191\"><strong class=\"\">Odolnos\u0165 proti po\u0161kriabaniu:<\/strong> \u0160o\u0161ovky dotykov\u00e9ho displeja s\u00fa navrhnut\u00e9 tak, aby odolali po\u0161kriabaniu od ka\u017edodenn\u00e9ho pou\u017e\u00edvania, napr\u00edklad od k\u013e\u00fa\u010dov, minc\u00ed a in\u00fdch predmetov, a zabr\u00e1nili tak po\u0161kodeniu jemn\u00e9ho povrchu displeja.<\/p>\n<\/li>\n<li data-sourcepos=\"11:1-12:0\">\n<p data-sourcepos=\"11:3-11:156\"><strong>Ochrana proti n\u00e1razu:<\/strong> Tieto ochrann\u00e9 f\u00f3lie dok\u00e1\u017eu absorbova\u0165 a rozpt\u00fdli\u0165 silu n\u00e1razov, \u010d\u00edm zni\u017euj\u00fa riziko praskl\u00edn a zlomen\u00edn dotykovej obrazovky.<\/p>\n<\/li>\n<li data-sourcepos=\"13:1-14:0\">\n<p data-sourcepos=\"13:3-13:242\"><strong>Ochrana proti odleskom a redukcia \u0161m\u00fah:<\/strong> Niektor\u00e9 \u0161o\u0161ovky dotykov\u00e9ho displeja s\u00fa vybaven\u00e9 antireflexnou vrstvou, ktor\u00e1 minimalizuje odrazy a zlep\u0161uje vidite\u013enos\u0165 v jasnom prostred\u00ed. M\u00f4\u017eu ma\u0165 aj vlastnosti proti rozmaz\u00e1vaniu, ktor\u00e9 zni\u017euj\u00fa mno\u017estvo odtla\u010dkov prstov a \u0161m\u00fah.<\/p>\n<\/li>\n<li data-sourcepos=\"15:1-15:56\">\n<p data-sourcepos=\"15:3-15:56\"><strong>Kompatibilita s dotykovou citlivos\u0165ou:<\/strong> Objekt\u00edvy dotykov\u00fdch obrazoviek s\u00fa zvy\u010dajne navrhnut\u00e9 tak, aby zachovali citlivos\u0165 displeja na dotyk a zabezpe\u010dili bezprobl\u00e9mov\u00fa interakciu a odozvu.<\/p>\n<\/li>\n<\/ul>\n<p data-sourcepos=\"17:1-17:40\"><strong>Aplik\u00e1cie:<\/strong><\/p>\n<ul data-sourcepos=\"19:1-26:0\">\n<li data-sourcepos=\"19:1-20:0\">\n<p data-sourcepos=\"19:3-19:154\"><strong>Smartf\u00f3ny a tablety:<\/strong> \u0160o\u0161ovky na dotykov\u00fd displej sa be\u017ene pou\u017e\u00edvaj\u00fa v smartf\u00f3noch a tabletoch na ochranu ich cenn\u00fdch displejov pred ka\u017edodenn\u00fdm opotrebovan\u00edm.<\/p>\n<\/li>\n<li data-sourcepos=\"21:1-22:0\">\n<p data-sourcepos=\"21:3-21:135\"><strong>Prenosn\u00e9 a stolov\u00e9 po\u010d\u00edta\u010de:<\/strong> Prenosn\u00e9 po\u010d\u00edta\u010de s dotykovou obrazovkou a stolov\u00e9 po\u010d\u00edta\u010de typu \"v\u0161etko v jednom\" (AIO) \u010dasto vyu\u017e\u00edvaj\u00fa ochranu \u0161o\u0161oviek dotykovej obrazovky.<\/p>\n<\/li>\n<li data-sourcepos=\"23:1-24:0\">\n<p data-sourcepos=\"23:3-23:203\"><strong>Kiosky a interakt\u00edvne displeje:<\/strong> Verejne pr\u00edstupn\u00e9 kiosky a interakt\u00edvne displeje s\u00fa obzvl\u00e1\u0161\u0165 n\u00e1chyln\u00e9 na po\u0161kriabanie a n\u00e1razy, preto s\u00fa na ich ochranu nevyhnutn\u00e9 dotykov\u00e9 \u0161o\u0161ovky.<\/p>\n<\/li>\n<li data-sourcepos=\"25:1-26:0\">\n<p data-sourcepos=\"25:3-25:185\"><strong>Syst\u00e9my na mieste predaja (POS):<\/strong> Syst\u00e9my POS s dotykovou obrazovkou sa spoliehaj\u00fa na \u0161o\u0161ovky dotykovej obrazovky, ktor\u00e9 chr\u00e1nia ich displeje pred po\u0161koden\u00edm a zabezpe\u010duj\u00fa nepretr\u017eit\u00fa prev\u00e1dzku v maloobchodnom prostred\u00ed.<\/p>\n<\/li>\n<\/ul>","protected":false},"excerpt":{"rendered":"<p>\u0160o\u0161ovky dotykov\u00fdch displejov sl\u00fa\u017eia ako d\u00f4le\u017eit\u00e1 ochrann\u00e1 bari\u00e9ra pre dotykov\u00e9 displeje, predl\u017euj\u00fa ich \u017eivotnos\u0165 a zachov\u00e1vaj\u00fa ich funk\u010dnos\u0165. Ich schopnos\u0165 zabr\u00e1ni\u0165 po\u0161kriabaniu, n\u00e1razom a \u0161muh\u00e1m zabezpe\u010duje konzistentn\u00fd a pr\u00edjemn\u00fd pou\u017e\u00edvate\u013esk\u00fd z\u00e1\u017eitok v \u0161irokom spektre aplik\u00e1ci\u00ed.<\/p>","protected":false},"featured_media":1568,"template":"","meta":[],"product_cat":[41],"product_tag":[],"_links":{"self":[{"href":"https:\/\/touchscreenmfg.com\/sk\/wp-json\/wp\/v2\/product\/1608"}],"collection":[{"href":"https:\/\/touchscreenmfg.com\/sk\/wp-json\/wp\/v2\/product"}],"about":[{"href":"https:\/\/touchscreenmfg.com\/sk\/wp-json\/wp\/v2\/types\/product"}],"wp:featuredmedia":[{"embeddable":true,"href":"https:\/\/touchscreenmfg.com\/sk\/wp-json\/wp\/v2\/media\/1568"}],"wp:attachment":[{"href":"https:\/\/touchscreenmfg.com\/sk\/wp-json\/wp\/v2\/media?parent=1608"}],"wp:term":[{"taxonomy":"product_cat","embeddable":true,"href":"https:\/\/touchscreenmfg.com\/sk\/wp-json\/wp\/v2\/product_cat?post=1608"},{"taxonomy":"product_tag","embeddable":true,"href":"https:\/\/touchscreenmfg.com\/sk\/wp-json\/wp\/v2\/product_tag?post=1608"}],"curies":[{"name":"wp","href":"https:\/\/api.w.org\/{rel}","templated":true}]}}