{"id":2179,"date":"2024-09-20T08:13:40","date_gmt":"2024-09-20T08:13:40","guid":{"rendered":"https:\/\/touchscreenmfg.com\/?post_type=product&#038;p=2179"},"modified":"2024-09-20T08:13:56","modified_gmt":"2024-09-20T08:13:56","slug":"pc-touch-screen","status":"publish","type":"product","link":"https:\/\/touchscreenmfg.com\/ro\/pc-touch-screen\/","title":{"rendered":"Ecran tactil PC"},"content":{"rendered":"<h2>Ecrane tactile pentru PC: O alegere durabil\u0103 \u0219i versatil\u0103<\/h2>\n<h3 data-sourcepos=\"5:1-5:39\">Avantaje cheie:<\/h3>\n<ul>\n<li><span class=\"citation-0 recitation\">Rezisten\u021b\u0103 ridicat\u0103 la impact:<\/span><span class=\"citation-0 recitation citation-end-0\"> PC-ul este un material foarte rezistent la impact, ceea ce \u00eel face potrivit pentru dispozitivele care pot suferi \u0219ocuri fizice sau c\u0103deri.<\/span><\/li>\n<li>Rezisten\u021b\u0103 la temperatur\u0103: PC poate rezista la o gam\u0103 larg\u0103 de temperaturi, ceea ce \u00eel face potrivit pentru aplica\u021bii \u00een exterior sau industriale.<\/li>\n<li><span class=\"citation-1 recitation\">Rezisten\u021b\u0103 chimic\u0103:<\/span><span class=\"citation-1 recitation citation-end-1\"> PC-ul este rezistent la multe substan\u021be chimice \u0219i solven\u021bi, ceea ce \u00eel face durabil \u00een medii dificile.<\/span><\/li>\n<li><span class=\"citation-2 recitation\">Claritate optic\u0103:<\/span><span class=\"citation-2 recitation citation-end-2\"> PC-ul ofer\u0103 o claritate optic\u0103 bun\u0103, asigur\u00e2nd o experien\u021b\u0103 tactil\u0103 clar\u0103 \u0219i receptiv\u0103.<\/span><\/li>\n<\/ul>\n<h3 data-sourcepos=\"12:1-12:37\">Aplica\u021bii:<\/h3>\n<ul>\n<li><span class=\"citation-3 recitation\">Automatizare industrial\u0103:<\/span><span class=\"citation-3 recitation citation-end-3\"> Ecranele tactile PC sunt utilizate pe scar\u0103 larg\u0103 \u00een panouri de control \u0219i utilaje industriale datorit\u0103 durabilit\u0103\u021bii \u0219i rezisten\u021bei lor la condi\u021bii dificile.<\/span><\/li>\n<li>Chio\u0219curi \u00een aer liber: Ecranele tactile PC sunt potrivite pentru chio\u0219curile \u0219i terminalele de informare \u00een aer liber, deoarece pot rezista expunerii la intemperii.<\/li>\n<li>Industria auto: PC-ul este utilizat \u00een sistemele auto de infotainment \u0219i \u00een ecranele de naviga\u021bie, unde durabilitatea \u0219i rezisten\u021ba la temperatur\u0103 sunt esen\u021biale.<\/li>\n<li><span class=\"citation-4 recitation\">Dispozitive medicale:<\/span><span class=\"citation-4 recitation citation-end-4\"> Ecranele tactile pentru PC se reg\u0103sesc \u00een echipamentele medicale, cum ar fi dispozitivele de diagnosticare \u0219i sistemele de monitorizare a pacien\u021bilor.<\/span><\/li>\n<\/ul>\n<h3 data-sourcepos=\"19:1-19:44\">Compararea ecranelor tactile PMMA \u0219i PC:<\/h3>\n<div class=\"horizontal-scroll-wrapper\">\n<div class=\"table-block-component\">\n<div class=\"table-block\">\n<div class=\"table-content not-end-of-paragraph\">\n<table style=\"height: 170px;\" width=\"612\" data-sourcepos=\"21:1-27:25\">\n<tbody>\n<tr data-sourcepos=\"21:1-21:23\">\n<th data-sourcepos=\"21:1-21:9\">Caracteristic\u0103<\/th>\n<th data-sourcepos=\"21:11-21:16\">PMMA<\/th>\n<th data-sourcepos=\"21:18-21:21\">PC<\/th>\n<\/tr>\n<tr data-sourcepos=\"23:1-23:40\">\n<td data-sourcepos=\"23:1-23:19\">Rezisten\u021ba la impact<\/td>\n<td data-sourcepos=\"23:21-23:26\">Bun<\/td>\n<td data-sourcepos=\"23:28-23:38\">Excelent\u0103<\/td>\n<\/tr>\n<tr data-sourcepos=\"24:1-24:45\">\n<td data-sourcepos=\"24:1-24:24\">Rezisten\u021ba la temperatur\u0103<\/td>\n<td data-sourcepos=\"24:26-24:31\">Bun<\/td>\n<td data-sourcepos=\"24:33-24:43\">Excelent\u0103<\/td>\n<\/tr>\n<tr data-sourcepos=\"25:1-25:42\">\n<td data-sourcepos=\"25:1-25:21\">Rezisten\u021b\u0103 chimic\u0103<\/td>\n<td data-sourcepos=\"25:23-25:28\">Bun<\/td>\n<td data-sourcepos=\"25:30-25:40\">Excelent\u0103<\/td>\n<\/tr>\n<tr data-sourcepos=\"26:1-26:38\">\n<td data-sourcepos=\"26:1-26:17\">Claritate optic\u0103<\/td>\n<td data-sourcepos=\"26:19-26:29\">Excelent\u0103<\/td>\n<td data-sourcepos=\"26:31-26:36\">Bun<\/td>\n<\/tr>\n<tr data-sourcepos=\"27:1-27:25\">\n<td data-sourcepos=\"27:1-27:6\">Costuri<\/td>\n<td data-sourcepos=\"27:8-27:14\">Mai mici<\/td>\n<td data-sourcepos=\"27:16-27:23\">Mai mare<\/td>\n<\/tr>\n<\/tbody>\n<\/table>\n<\/div>\n<\/div>\n<\/div>\n<\/div>","protected":false},"excerpt":{"rendered":"<p>Ecranele tactile PC (policarbonat) sunt o alt\u0103 op\u021biune popular\u0103 pentru dispozitivele electronice, oferind durabilitate \u0219i rezisten\u021b\u0103 excelent\u0103 la impact. Acestea sunt adesea utilizate \u00een aplica\u021bii \u00een care durabilitatea \u0219i robuste\u021bea sunt esen\u021biale.<\/p>\n<p>\u00cen concluzie, at\u00e2t ecranele tactile PMMA, c\u00e2t \u0219i cele PC ofer\u0103 performan\u021be \u0219i durabilitate excelente. Alegerea \u00eentre cele dou\u0103 materiale depinde de cerin\u021bele specifice ale aplica\u021biei. PMMA este \u00een general mai rentabil \u0219i ofer\u0103 o claritate optic\u0103 excelent\u0103, \u00een timp ce PC-ul este cunoscut pentru rezisten\u021ba sa excep\u021bional\u0103 la impact \u0219i temperatur\u0103.<\/p>","protected":false},"featured_media":2180,"template":"","meta":[],"product_cat":[43],"product_tag":[],"_links":{"self":[{"href":"https:\/\/touchscreenmfg.com\/ro\/wp-json\/wp\/v2\/product\/2179"}],"collection":[{"href":"https:\/\/touchscreenmfg.com\/ro\/wp-json\/wp\/v2\/product"}],"about":[{"href":"https:\/\/touchscreenmfg.com\/ro\/wp-json\/wp\/v2\/types\/product"}],"wp:featuredmedia":[{"embeddable":true,"href":"https:\/\/touchscreenmfg.com\/ro\/wp-json\/wp\/v2\/media\/2180"}],"wp:attachment":[{"href":"https:\/\/touchscreenmfg.com\/ro\/wp-json\/wp\/v2\/media?parent=2179"}],"wp:term":[{"taxonomy":"product_cat","embeddable":true,"href":"https:\/\/touchscreenmfg.com\/ro\/wp-json\/wp\/v2\/product_cat?post=2179"},{"taxonomy":"product_tag","embeddable":true,"href":"https:\/\/touchscreenmfg.com\/ro\/wp-json\/wp\/v2\/product_tag?post=2179"}],"curies":[{"name":"wp","href":"https:\/\/api.w.org\/{rel}","templated":true}]}}