{"id":2177,"date":"2024-09-20T08:00:55","date_gmt":"2024-09-20T08:00:55","guid":{"rendered":"https:\/\/touchscreenmfg.com\/?post_type=product&#038;p=2177"},"modified":"2025-03-15T09:13:16","modified_gmt":"2025-03-15T09:13:16","slug":"pmma-touch-screen","status":"publish","type":"product","link":"https:\/\/touchscreenmfg.com\/ro\/pmma-touch-screen\/","title":{"rendered":"Ecran tactil PMMA"},"content":{"rendered":"<h2>Ecrane tactile PMMA: O alegere clar\u0103 \u0219i receptiv\u0103<\/h2>\n<h3 data-sourcepos=\"5:1-5:38\">Avantaje cheie:<\/h3>\n<ul data-sourcepos=\"7:1-8:61\">\n<li data-sourcepos=\"7:1-7:108\">Transparen\u021b\u0103 ridicat\u0103: <a href=\"https:\/\/nylon-granules.com\/acrylic-sheet\/\" target=\"_blank\" rel=\"noopener\">PMMA<\/a> ofer\u0103 claritate \u0219i vizibilitate excelente, asigur\u00e2nd un afi\u0219aj clar \u0219i clar.<\/li>\n<li data-sourcepos=\"8:1-8:61\">U\u0219or: PMMA este un material relativ u\u0219or, ceea ce \u00eel face potrivit pentru dispozitivele portabile.<\/li>\n<li data-sourcepos=\"9:1-9:97\">Rezisten\u021b\u0103 la zg\u00e2rieturi: PMMA ofer\u0103 o bun\u0103 rezisten\u021b\u0103 la zg\u00e2rieturi, protej\u00e2nd ecranul de deterior\u0103ri.<\/li>\n<li data-sourcepos=\"10:1-10:29\">Rezisten\u021b\u0103 chimic\u0103: PMMA este rezistent la o varietate de substan\u021be chimice, ceea ce \u00eel face potrivit pentru utilizarea \u00een medii dificile.<\/li>\n<li data-sourcepos=\"11:1-12:0\">Rentabil: PMMA este \u00een general mai rentabil \u00een compara\u021bie cu alte materiale precum sticla.<\/li>\n<\/ul>\n<h3 data-sourcepos=\"13:1-13:39\">Aplica\u021bii:<\/h3>\n<ul data-sourcepos=\"15:1-17:89\">\n<li data-sourcepos=\"15:1-15:170\">Smartphone-uri \u0219i tablete: PMMA este utilizat \u00een mod obi\u0219nuit \u00een ecranele tactile ale smartphone-urilor \u0219i tabletelor datorit\u0103 combina\u021biei sale de claritate, durabilitate \u0219i rentabilitate.<\/li>\n<li data-sourcepos=\"16:1-16:150\">Sisteme POS (Point-of-Sale): Ecranele tactile PMMA sunt utilizate pe scar\u0103 larg\u0103 \u00een industriile de retail \u0219i ospitalitate pentru interac\u021biunile \u0219i tranzac\u021biile cu clien\u021bii.<\/li>\n<li data-sourcepos=\"17:1-17:89\">Automatizare industrial\u0103: Ecranele tactile PMMA sunt utilizate \u00een panourile de control industriale \u0219i \u00een ma\u0219ini pentru introducerea datelor de c\u0103tre operator.<\/li>\n<li data-sourcepos=\"18:1-19:0\">Dispozitive medicale: Ecranele tactile PMMA se g\u0103sesc \u00een echipamente medicale, cum ar fi dispozitivele de diagnosticare \u0219i sistemele de monitorizare a pacien\u021bilor.<\/li>\n<\/ul>\n<h3 data-sourcepos=\"20:1-20:68\">De\u0219i PMMA ofer\u0103 multe avantaje, acesta are \u0219i unele limit\u0103ri:<\/h3>\n<ul data-sourcepos=\"22:1-24:0\">\n<li data-sourcepos=\"22:1-22:86\">Duritate: PMMA nu este la fel de dur ca sticla, ceea ce \u00eel face mai susceptibil la zg\u00e2rieturi.<\/li>\n<li data-sourcepos=\"23:1-24:0\">Sensibilitate la temperatur\u0103: PMMA poate fi afectat de temperaturi extreme, care \u00eei pot afecta performan\u021ba.<\/li>\n<\/ul>","protected":false},"excerpt":{"rendered":"<p data-sourcepos=\"3:1-3:93\">PMMA, sau polimetilmetacrilat, este un material popular pentru ecranele tactile datorit\u0103 propriet\u0103\u021bilor sale optice excelente \u0219i durabilit\u0103\u021bii. Ecranele tactile PMMA ofer\u0103 o solu\u021bie clar\u0103, receptiv\u0103 \u0219i rentabil\u0103 pentru diverse dispozitive electronice.<\/p>\n<p data-sourcepos=\"3:1-3:93\">\u00cen general, ecranele tactile PMMA ofer\u0103 o solu\u021bie fiabil\u0103 \u0219i rentabil\u0103 pentru o gam\u0103 larg\u0103 de aplica\u021bii. Combina\u021bia lor de claritate, durabilitate \u0219i accesibilitate le face o alegere popular\u0103 \u00een industria electronic\u0103.<\/p>","protected":false},"featured_media":2178,"template":"","meta":[],"product_cat":[43],"product_tag":[],"_links":{"self":[{"href":"https:\/\/touchscreenmfg.com\/ro\/wp-json\/wp\/v2\/product\/2177"}],"collection":[{"href":"https:\/\/touchscreenmfg.com\/ro\/wp-json\/wp\/v2\/product"}],"about":[{"href":"https:\/\/touchscreenmfg.com\/ro\/wp-json\/wp\/v2\/types\/product"}],"wp:featuredmedia":[{"embeddable":true,"href":"https:\/\/touchscreenmfg.com\/ro\/wp-json\/wp\/v2\/media\/2178"}],"wp:attachment":[{"href":"https:\/\/touchscreenmfg.com\/ro\/wp-json\/wp\/v2\/media?parent=2177"}],"wp:term":[{"taxonomy":"product_cat","embeddable":true,"href":"https:\/\/touchscreenmfg.com\/ro\/wp-json\/wp\/v2\/product_cat?post=2177"},{"taxonomy":"product_tag","embeddable":true,"href":"https:\/\/touchscreenmfg.com\/ro\/wp-json\/wp\/v2\/product_tag?post=2177"}],"curies":[{"name":"wp","href":"https:\/\/api.w.org\/{rel}","templated":true}]}}