{"id":1862,"date":"2024-08-07T02:42:39","date_gmt":"2024-08-07T02:42:39","guid":{"rendered":"https:\/\/touchscreenmfg.com\/?post_type=product&#038;p=1862"},"modified":"2024-08-07T02:54:53","modified_gmt":"2024-08-07T02:54:53","slug":"car-center-console-touch-film","status":"publish","type":"product","link":"https:\/\/touchscreenmfg.com\/ro\/car-center-console-touch-film\/","title":{"rendered":"Car Center Console Touch Film"},"content":{"rendered":"<h3><strong>Aplica\u021bii pentru pelicule tactile<\/strong><\/h3>\n<p id=\"tw-target-text\" class=\"tw-data-text tw-text-large tw-ta\" dir=\"ltr\" data-placeholder=\"Translation\" aria-label=\"Text tradus\" data-ved=\"2ahUKEwie_Z3B7OGHAxW_bfUHHYxgEGkQ3ewLegQIERAU\"><span class=\"Y2IQFc\" lang=\"en\">Autocapacitatea determin\u0103 dac\u0103 un deget atinge electrodul prin detectarea modific\u0103rilor capacit\u0103\u021bii electrostatice. Capacitatea este scanat\u0103 \u0219i detectat\u0103 \u00een conformitate cu un anumit ciclu. Se poate judeca dac\u0103 un deget atinge electrodul pe baza modific\u0103rii valorii m\u0103surate. MCU efectueaz\u0103 cicluri \u00een conformitate cu un anumit ciclu. Capacitatea electrodului este scanat\u0103 \u0219i detectat\u0103. Atunci c\u00e2nd degetul este departe de electrod, valoarea capacit\u0103\u021bii r\u0103m\u00e2ne la o valoare de num\u0103rare stabil\u0103. Atunci c\u00e2nd un deget se apropie sau atinge valoarea capacit\u0103\u021bii, valoarea capacit\u0103\u021bii cre\u0219te, iar valoarea de num\u0103rare cre\u0219te. Atunci c\u00e2nd degetul se \u00eendep\u0103rteaz\u0103 de electrod, valoarea capacit\u0103\u021bii scade cu valoarea de num\u0103rare. Valoarea de num\u0103rare care scade \u0219i r\u0103m\u00e2ne la o valoare stabil\u0103 atunci c\u00e2nd degetul se \u00eendep\u0103rteaz\u0103 de electrod se nume\u0219te valoare de baz\u0103. Acestei valori de baz\u0103 i se suprapune o valoare prag ca valoare critic\u0103. Atunci c\u00e2nd valoarea de num\u0103rare este mai mare dec\u00e2t aceast\u0103 valoare critic\u0103, comutatorul de judecat\u0103 este ACTIVAT. Atunci c\u00e2nd valoarea de num\u0103rare este mai mic\u0103 dec\u00e2t aceast\u0103 valoare critic\u0103, comutatorul este considerat a fi oprit.<\/span><\/p>","protected":false},"excerpt":{"rendered":"<h3 id=\"tw-target-text\" class=\"tw-data-text tw-text-large tw-ta\" dir=\"ltr\" data-placeholder=\"Translation\" aria-label=\"Text tradus\" data-ved=\"2ahUKEwie_Z3B7OGHAxW_bfUHHYxgEGkQ3ewLegQIERAU\"><strong><span class=\"Y2IQFc\" lang=\"en\">Principiul implement\u0103rii filmului tactil<\/span><\/strong><\/h3>\n<p>Viteza de deplasare a sarcinii este constant\u0103, astfel \u00eenc\u00e2t, cu c\u00e2t capacitatea este mai mare, cu at\u00e2t timpul de \u00eenc\u0103rcare \u0219i desc\u0103rcare este mai lung, iar valoarea curentului este mai mare. Prin urmare, putem utiliza durata timpului de \u00eenc\u0103rcare \u0219i desc\u0103rcare \u0219i valoarea curentului de \u00eenc\u0103rcare \u0219i desc\u0103rcare pentru a evalua dimensiunea condensatorului. At\u00e2ta timp c\u00e2t exist\u0103 o stare pe care o putem atinge \u0219i putem colecta o schimbare de stare stabil\u0103, putem utiliza aceast\u0103 schimbare pentru a implementa un semnal de comutare.<\/p>","protected":false},"featured_media":1863,"template":"","meta":[],"product_cat":[42],"product_tag":[],"_links":{"self":[{"href":"https:\/\/touchscreenmfg.com\/ro\/wp-json\/wp\/v2\/product\/1862"}],"collection":[{"href":"https:\/\/touchscreenmfg.com\/ro\/wp-json\/wp\/v2\/product"}],"about":[{"href":"https:\/\/touchscreenmfg.com\/ro\/wp-json\/wp\/v2\/types\/product"}],"wp:featuredmedia":[{"embeddable":true,"href":"https:\/\/touchscreenmfg.com\/ro\/wp-json\/wp\/v2\/media\/1863"}],"wp:attachment":[{"href":"https:\/\/touchscreenmfg.com\/ro\/wp-json\/wp\/v2\/media?parent=1862"}],"wp:term":[{"taxonomy":"product_cat","embeddable":true,"href":"https:\/\/touchscreenmfg.com\/ro\/wp-json\/wp\/v2\/product_cat?post=1862"},{"taxonomy":"product_tag","embeddable":true,"href":"https:\/\/touchscreenmfg.com\/ro\/wp-json\/wp\/v2\/product_tag?post=1862"}],"curies":[{"name":"wp","href":"https:\/\/api.w.org\/{rel}","templated":true}]}}