{"id":1627,"date":"2024-06-29T01:18:12","date_gmt":"2024-06-29T01:18:12","guid":{"rendered":"https:\/\/touchscreenmfg.com\/?post_type=product&#038;p=1627"},"modified":"2024-06-29T01:50:18","modified_gmt":"2024-06-29T01:50:18","slug":"planar-resistive-touch-screen","status":"publish","type":"product","link":"https:\/\/touchscreenmfg.com\/ro\/planar-resistive-touch-screen\/","title":{"rendered":"Ecran tactil rezistiv planar"},"content":{"rendered":"<p data-sourcepos=\"3:1-3:111\">Ecranele tactile rezistive Planar ofer\u0103 o solu\u021bie dovedit\u0103 \u0219i rentabil\u0103 pentru aplica\u021biile tactile. Aceste ecrane tactile durabile utilizeaz\u0103 un strat sensibil la presiune care r\u0103spunde la contactul fizic, oferind o experien\u021b\u0103 tactil\u0103 fiabil\u0103 \u0219i intuitiv\u0103.<\/p>\n<p data-sourcepos=\"5:1-5:51\"><strong>Caracteristici principale:<\/strong><\/p>\n<ul data-sourcepos=\"7:1-9:11\">\n<li data-sourcepos=\"7:1-8:0\">\n<p data-sourcepos=\"7:3-7:185\"><strong>Recunoa\u0219tere tactil\u0103 precis\u0103 \u0219i receptiv\u0103:<\/strong> Ecranele tactile rezistive planare asigur\u0103 detectarea precis\u0103 a atingerii, asigur\u00e2nd o interac\u021biune precis\u0103 \u0219i receptiv\u0103 cu ecranele tactile.<\/p>\n<\/li>\n<li data-sourcepos=\"9:1-9:11\">\n<p data-sourcepos=\"9:3-9:11\"><strong>Construc\u021bie durabil\u0103:<\/strong> Designul robust al ecranelor tactile rezistive rezist\u0103 utiliz\u0103rii intensive \u0219i mediilor dure, f\u0103c\u00e2ndu-le ideale pentru aplica\u021bii comerciale \u0219i industriale.<\/p>\n<\/li>\n<li data-sourcepos=\"11:1-11:27\">\n<p data-sourcepos=\"11:3-11:27\"><strong>Solu\u021bie rentabil\u0103:<\/strong> \u00cen compara\u021bie cu ecranele tactile capacitive, ecranele tactile bazate pe presiune ofer\u0103 o op\u021biune mai accesibil\u0103, \u00een special pentru afi\u0219aje de dimensiuni mai mari.<\/p>\n<\/li>\n<\/ul>\n<p data-sourcepos=\"13:1-13:51\"><strong>Aplica\u021bii:<\/strong><\/p>\n<ul data-sourcepos=\"15:1-18:0\">\n<li data-sourcepos=\"15:1-16:0\">\n<p data-sourcepos=\"15:3-15:180\"><strong>Sisteme Point-of-Sale (POS):<\/strong> Ecranele tactile rezistive sunt utilizate pe scar\u0103 larg\u0103 \u00een sistemele POS datorit\u0103 fiabilit\u0103\u021bii, accesibilit\u0103\u021bii \u0219i capacit\u0103\u021bii lor de a rezista la atingeri frecvente.<\/p>\n<\/li>\n<li data-sourcepos=\"17:1-18:0\">\n<p data-sourcepos=\"17:3-17:177\"><strong>Panouri de control industrial:<\/strong> \u00cen mediul industrial, ecranele tactile rezistive ofer\u0103 o solu\u021bie robust\u0103 \u0219i durabil\u0103 pentru controlul utilajelor \u0219i monitorizarea proceselor.<\/p>\n<\/li>\n<li data-sourcepos=\"19:1-20:0\">\n<p data-sourcepos=\"19:3-19:161\"><strong>Chio\u0219curi de informare public\u0103:<\/strong> Ecranele tactile rezistive planare permit crearea de chio\u0219curi de informa\u021bii publice interactive, oferind navigare \u0219i acces u\u0219or la informa\u021bii.<\/p>\n<\/li>\n<li data-sourcepos=\"21:1-22:0\">\n<p data-sourcepos=\"21:3-21:176\"><strong>Afi\u0219aje educa\u021bionale:<\/strong> \u00cen mediile educa\u021bionale, ecranele tactile bazate pe presiune faciliteaz\u0103 experien\u021bele de \u00eenv\u0103\u021bare interactive \u0219i implic\u0103 elevii \u00een activit\u0103\u021bi bazate pe atingere.<\/p>\n<\/li>\n<\/ul>","protected":false},"excerpt":{"rendered":"<p>Ecranele tactile rezistive planare continu\u0103 s\u0103 fie o alegere popular\u0103 pentru o gam\u0103 larg\u0103 de aplica\u021bii datorit\u0103 performan\u021bei fiabile, accesibilit\u0103\u021bii \u0219i durabilit\u0103\u021bii lor. Acestea ofer\u0103 o solu\u021bie dovedit\u0103 \u0219i rentabil\u0103 pentru afi\u0219ajele tactile, ceea ce le face un avantaj valoros pentru diverse industrii \u0219i medii.<\/p>","protected":false},"featured_media":1569,"template":"","meta":[],"product_cat":[41],"product_tag":[],"_links":{"self":[{"href":"https:\/\/touchscreenmfg.com\/ro\/wp-json\/wp\/v2\/product\/1627"}],"collection":[{"href":"https:\/\/touchscreenmfg.com\/ro\/wp-json\/wp\/v2\/product"}],"about":[{"href":"https:\/\/touchscreenmfg.com\/ro\/wp-json\/wp\/v2\/types\/product"}],"wp:featuredmedia":[{"embeddable":true,"href":"https:\/\/touchscreenmfg.com\/ro\/wp-json\/wp\/v2\/media\/1569"}],"wp:attachment":[{"href":"https:\/\/touchscreenmfg.com\/ro\/wp-json\/wp\/v2\/media?parent=1627"}],"wp:term":[{"taxonomy":"product_cat","embeddable":true,"href":"https:\/\/touchscreenmfg.com\/ro\/wp-json\/wp\/v2\/product_cat?post=1627"},{"taxonomy":"product_tag","embeddable":true,"href":"https:\/\/touchscreenmfg.com\/ro\/wp-json\/wp\/v2\/product_tag?post=1627"}],"curies":[{"name":"wp","href":"https:\/\/api.w.org\/{rel}","templated":true}]}}