{"id":1626,"date":"2024-06-29T01:13:20","date_gmt":"2024-06-29T01:13:20","guid":{"rendered":"https:\/\/touchscreenmfg.com\/?post_type=product&#038;p=1626"},"modified":"2024-06-29T02:10:54","modified_gmt":"2024-06-29T02:10:54","slug":"4-wire-resistive-touch-screens","status":"publish","type":"product","link":"https:\/\/touchscreenmfg.com\/ro\/4-wire-resistive-touch-screens\/","title":{"rendered":"Ecrane tactile rezistive cu 4 fire"},"content":{"rendered":"<h2 class=\"\" data-sourcepos=\"4:1-4:104\">Ecrane tactile rezistive cu 4 fire: Interac\u021biune tactil\u0103 fiabil\u0103 \u0219i rentabil\u0103 pentru semnalizarea interactiv\u0103<\/h2>\n<p data-sourcepos=\"6:1-6:51\">Ecranele tactile rezistive cu 4 fire ofer\u0103 o solu\u021bie dovedit\u0103 \u0219i accesibil\u0103 pentru crearea de solu\u021bii de semnalizare atractive \u0219i interactive. Aceste ecrane tactile durabile utilizeaz\u0103 un strat sensibil la presiune care r\u0103spunde la contactul fizic, permi\u021b\u00e2nd interac\u021biunea intuitiv\u0103 cu afi\u0219ajele interactive.<\/p>\n<p data-sourcepos=\"8:1-8:51\"><strong>Principalele caracteristici ale ecranelor tactile rezistive cu 4 fire:<\/strong><\/p>\n<ul data-sourcepos=\"10:1-10:95\">\n<li data-sourcepos=\"10:1-10:95\">\n<p class=\"\" data-sourcepos=\"10:3-10:183\"><strong class=\"\">Recunoa\u0219tere tactil\u0103 precis\u0103 \u0219i receptiv\u0103:<\/strong> Ecranele tactile rezistive cu 4 fire ofer\u0103 o detectare precis\u0103 a atingerii, asigur\u00e2nd o interac\u021biune precis\u0103 \u0219i receptiv\u0103 cu semnalizarea interactiv\u0103.<\/p>\n<\/li>\n<li data-sourcepos=\"12:1-13:0\">\n<p data-sourcepos=\"12:3-12:175\"><strong>Construc\u021bie durabil\u0103:<\/strong> Designul robust al ecranelor tactile rezistive cu 4 fire rezist\u0103 la utilizare intens\u0103 \u0219i medii dure, f\u0103c\u00e2ndu-le ideale pentru aplica\u021bii de semnalizare public\u0103.<\/p>\n<\/li>\n<li data-sourcepos=\"14:1-15:0\">\n<p data-sourcepos=\"14:3-14:170\"><strong>Solu\u021bie rentabil\u0103:<\/strong> Comparativ cu ecranele tactile capacitive, ecranele tactile rezistive cu 4 fire ofer\u0103 o op\u021biune mai accesibil\u0103, \u00een special pentru afi\u0219aje de dimensiuni mai mari.<\/p>\n<\/li>\n<\/ul>\n<p data-sourcepos=\"16:1-16:51\"><strong>Aplica\u021bii ale ecranelor tactile rezistive cu 4 fire:<\/strong><\/p>\n<ul data-sourcepos=\"18:1-20:26\">\n<li data-sourcepos=\"18:1-19:0\">\n<p data-sourcepos=\"18:3-18:195\"><strong>Semnalizare digital\u0103 interactiv\u0103:<\/strong> Ecranele tactile rezistive cu 4 fire sunt utilizate pe scar\u0103 larg\u0103 \u00een semnalizarea digital\u0103 interactiv\u0103, permi\u021b\u00e2nd spectatorilor s\u0103 se implice \u00een con\u021binut, s\u0103 fac\u0103 selec\u021bii \u0219i s\u0103 acceseze informa\u021bii.<\/p>\n<\/li>\n<li data-sourcepos=\"20:1-20:26\">\n<p data-sourcepos=\"20:3-20:26\"><strong>Afi\u0219aje pentru comer\u021b cu am\u0103nuntul \u0219i ospitalitate:<\/strong> \u00cen set\u0103rile de v\u00e2nzare cu am\u0103nuntul \u0219i de ospitalitate, ecranele tactile rezistive cu 4 fire \u00eembun\u0103t\u0103\u021besc chio\u0219curile de autoservire, permi\u021b\u00e2nd clien\u021bilor s\u0103 r\u0103sfoiasc\u0103 cu u\u0219urin\u021b\u0103 produsele, s\u0103 plaseze comenzi \u0219i s\u0103 efectueze pl\u0103\u021bi.<\/p>\n<\/li>\n<li data-sourcepos=\"22:1-23:0\">\n<p data-sourcepos=\"22:3-22:194\"><strong>Chio\u0219curi de informare public\u0103:<\/strong> Ecranele tactile rezistive cu 4 fire faciliteaz\u0103 chio\u0219curile interactive de informa\u021bii publice, oferind vizitatorilor acces u\u0219or la h\u0103r\u021bi, directoare \u0219i alte informa\u021bii.<\/p>\n<\/li>\n<li data-sourcepos=\"24:1-25:0\">\n<p data-sourcepos=\"24:3-24:196\"><strong>Prezent\u0103ri \u00een muzee \u0219i expozi\u021bii:<\/strong> Ecranele tactile rezistive cu 4 fire \u00eembun\u0103t\u0103\u021besc afi\u0219ajele muzeelor \u0219i expozi\u021biilor, permi\u021b\u00e2nd vizitatorilor s\u0103 exploreze interactiv exponatele \u0219i s\u0103 afle mai multe despre artefacte.<\/p>\n<\/li>\n<\/ul>","protected":false},"excerpt":{"rendered":"<p>Ecranele tactile rezistive cu 4 fire continu\u0103 s\u0103 fie o alegere popular\u0103 pentru semnalizarea interactiv\u0103 datorit\u0103 performan\u021bei fiabile, accesibilit\u0103\u021bii \u0219i durabilit\u0103\u021bii lor. Acestea ofer\u0103 o solu\u021bie dovedit\u0103 \u0219i rentabil\u0103 pentru afi\u0219ajele tactile, ceea ce le face un avantaj valoros pentru diverse aplica\u021bii de semnalizare.<\/p>","protected":false},"featured_media":1546,"template":"","meta":[],"product_cat":[41],"product_tag":[],"_links":{"self":[{"href":"https:\/\/touchscreenmfg.com\/ro\/wp-json\/wp\/v2\/product\/1626"}],"collection":[{"href":"https:\/\/touchscreenmfg.com\/ro\/wp-json\/wp\/v2\/product"}],"about":[{"href":"https:\/\/touchscreenmfg.com\/ro\/wp-json\/wp\/v2\/types\/product"}],"wp:featuredmedia":[{"embeddable":true,"href":"https:\/\/touchscreenmfg.com\/ro\/wp-json\/wp\/v2\/media\/1546"}],"wp:attachment":[{"href":"https:\/\/touchscreenmfg.com\/ro\/wp-json\/wp\/v2\/media?parent=1626"}],"wp:term":[{"taxonomy":"product_cat","embeddable":true,"href":"https:\/\/touchscreenmfg.com\/ro\/wp-json\/wp\/v2\/product_cat?post=1626"},{"taxonomy":"product_tag","embeddable":true,"href":"https:\/\/touchscreenmfg.com\/ro\/wp-json\/wp\/v2\/product_tag?post=1626"}],"curies":[{"name":"wp","href":"https:\/\/api.w.org\/{rel}","templated":true}]}}