{"id":1625,"date":"2024-06-29T01:12:48","date_gmt":"2024-06-29T01:12:48","guid":{"rendered":"https:\/\/touchscreenmfg.com\/?post_type=product&#038;p=1625"},"modified":"2024-06-29T02:14:44","modified_gmt":"2024-06-29T02:14:44","slug":"5-wire-resistive-touch-screens","status":"publish","type":"product","link":"https:\/\/touchscreenmfg.com\/ro\/5-wire-resistive-touch-screens\/","title":{"rendered":"Ecrane tactile rezistive cu 5 fire"},"content":{"rendered":"<h2 class=\"\" data-sourcepos=\"1:1-1:95\">Ecrane tactile rezistive cu 5 fire: Durabilitate sporit\u0103 pentru tablouri \u0219i ecrane interactive inteligente<\/h2>\n<p data-sourcepos=\"3:1-3:87\">Ecranele tactile rezistive cu 5 fire \u00eembun\u0103t\u0103\u021besc experien\u021ba de interac\u021biune tactil\u0103 pentru panouri \u0219i ecrane interactive inteligente, oferind durabilitate, precizie \u0219i accesibilitate sporite. Aceste ecrane tactile avansate utilizeaz\u0103 un design unic cu un fir de detectare suplimentar, oferind mai multe avantaje fa\u021b\u0103 de ecranele tactile rezistive tradi\u021bionale cu 4 fire.<\/p>\n<p data-sourcepos=\"5:1-5:51\"><strong>Principalele caracteristici ale ecranelor tactile rezistive cu 5 fire:<\/strong><\/p>\n<ul data-sourcepos=\"7:1-7:60\">\n<li data-sourcepos=\"7:1-7:60\">\n<p data-sourcepos=\"7:3-7:199\"><strong>Durabilitate superioar\u0103:<\/strong> Firul senzorial suplimentar din ecranele tactile rezistive cu 5 fire spore\u0219te durabilitatea, f\u0103c\u00e2ndu-le rezistente la zg\u00e2rieturi \u0219i contaminan\u021bi, ideale pentru mediile cu trafic intens.<\/p>\n<\/li>\n<li data-sourcepos=\"9:1-9:45\">\n<p data-sourcepos=\"9:3-9:45\"><strong>Distorsiune de margine redus\u0103:<\/strong> Firul suplimentar ajut\u0103 la compensarea distorsiunii marginilor, o problem\u0103 frecvent\u0103 \u00een cazul ecranelor interactive mai mari, asigur\u00e2nd o precizie tactil\u0103 constant\u0103 pe \u00eentregul ecran.<\/p>\n<\/li>\n<li data-sourcepos=\"11:1-12:0\">\n<p data-sourcepos=\"11:3-11:164\"><strong>Performan\u021b\u0103 stabil\u0103:<\/strong> Ecranele tactile rezistive cu 5 fire ofer\u0103 performan\u021be stabile chiar \u0219i \u00een medii dificile, cum ar fi cele cu lumin\u0103 ambiental\u0103 ridicat\u0103 sau praf.<\/p>\n<\/li>\n<li data-sourcepos=\"13:1-14:0\">\n<p data-sourcepos=\"13:3-13:167\"><strong>Solu\u021bie rentabil\u0103:<\/strong> Comparativ cu ecranele tactile capacitive, ecranele tactile rezistive cu 5 fire ofer\u0103 o solu\u021bie mai rentabil\u0103 pentru ecranele interactive de mari dimensiuni.<\/p>\n<\/li>\n<\/ul>\n<p data-sourcepos=\"15:1-15:51\"><strong>Aplica\u021bii ale ecranelor tactile rezistive cu 5 fire:<\/strong><\/p>\n<ul data-sourcepos=\"17:1-24:0\">\n<li data-sourcepos=\"17:1-18:0\">\n<p data-sourcepos=\"17:3-17:212\"><strong>Tablouri inteligente interactive:<\/strong> Ecranele tactile rezistive cu 5 fire sunt ideale pentru panourile inteligente interactive utilizate \u00een s\u0103li de clas\u0103, s\u0103li de conferin\u021be \u0219i centre de instruire, permi\u021b\u00e2nd \u00eenv\u0103\u021barea colaborativ\u0103 \u0219i prezent\u0103rile.<\/p>\n<\/li>\n<li data-sourcepos=\"19:1-20:0\">\n<p data-sourcepos=\"19:3-19:225\"><strong>Semnalizare digital\u0103 \u0219i chio\u0219curi:<\/strong> \u00cen spa\u021biile comerciale, hoteliere \u0219i publice, ecranele tactile rezistive cu 5 fire \u00eembun\u0103t\u0103\u021besc semnalizarea digital\u0103 \u0219i chio\u0219curile, permi\u021b\u00e2nd utilizatorilor s\u0103 interac\u021bioneze cu con\u021binutul, s\u0103 fac\u0103 selec\u021bii \u0219i s\u0103 acceseze informa\u021bii.<\/p>\n<\/li>\n<li data-sourcepos=\"21:1-22:0\">\n<p data-sourcepos=\"21:3-21:179\"><strong>Sisteme de control industrial:<\/strong> Ecranele tactile rezistive cu 5 fire ofer\u0103 o solu\u021bie fiabil\u0103 \u0219i durabil\u0103 pentru controlul utilajelor \u0219i monitorizarea proceselor \u00een mediul industrial.<\/p>\n<\/li>\n<li data-sourcepos=\"23:1-24:0\">\n<p data-sourcepos=\"23:3-23:193\"><strong>Sisteme de imagistic\u0103 medical\u0103:<\/strong> Durabilitatea \u0219i precizia ecranelor tactile rezistive cu 5 fire le fac potrivite pentru sistemele de imagistic\u0103 medical\u0103, permi\u021b\u00e2nd medicilor s\u0103 interac\u021bioneze cu imagini cu precizie.<\/p>\n<\/li>\n<\/ul>","protected":false},"excerpt":{"rendered":"<p>Ecranele tactile rezistive cu 5 fire ofer\u0103 o combina\u021bie conving\u0103toare de durabilitate, precizie \u0219i accesibilitate, f\u0103c\u00e2ndu-le o alegere preferat\u0103 pentru o gam\u0103 larg\u0103 de aplica\u021bii interactive pentru panouri inteligente \u0219i ecrane. Acestea ofer\u0103 o solu\u021bie fiabil\u0103 \u0219i rentabil\u0103 pentru ecranele tactile, \u00eembun\u0103t\u0103\u021bind implicarea \u0219i productivitatea utilizatorilor \u00een diverse medii.<\/p>","protected":false},"featured_media":1548,"template":"","meta":[],"product_cat":[41],"product_tag":[],"_links":{"self":[{"href":"https:\/\/touchscreenmfg.com\/ro\/wp-json\/wp\/v2\/product\/1625"}],"collection":[{"href":"https:\/\/touchscreenmfg.com\/ro\/wp-json\/wp\/v2\/product"}],"about":[{"href":"https:\/\/touchscreenmfg.com\/ro\/wp-json\/wp\/v2\/types\/product"}],"wp:featuredmedia":[{"embeddable":true,"href":"https:\/\/touchscreenmfg.com\/ro\/wp-json\/wp\/v2\/media\/1548"}],"wp:attachment":[{"href":"https:\/\/touchscreenmfg.com\/ro\/wp-json\/wp\/v2\/media?parent=1625"}],"wp:term":[{"taxonomy":"product_cat","embeddable":true,"href":"https:\/\/touchscreenmfg.com\/ro\/wp-json\/wp\/v2\/product_cat?post=1625"},{"taxonomy":"product_tag","embeddable":true,"href":"https:\/\/touchscreenmfg.com\/ro\/wp-json\/wp\/v2\/product_tag?post=1625"}],"curies":[{"name":"wp","href":"https:\/\/api.w.org\/{rel}","templated":true}]}}