{"id":1624,"date":"2024-06-29T01:09:51","date_gmt":"2024-06-29T01:09:51","guid":{"rendered":"https:\/\/touchscreenmfg.com\/?post_type=product&#038;p=1624"},"modified":"2024-06-29T02:07:12","modified_gmt":"2024-06-29T02:07:12","slug":"8-wire-resistive-touch-screens","status":"publish","type":"product","link":"https:\/\/touchscreenmfg.com\/ro\/8-wire-resistive-touch-screens\/","title":{"rendered":"Ecrane tactile rezistive cu 8 fire"},"content":{"rendered":"<h2 class=\"\" data-sourcepos=\"1:1-1:78\">Ecrane tactile rezistive cu 8 fire: Precizie sporit\u0103 pentru monitoarele cu ecran tactil<\/h2>\n<p data-sourcepos=\"3:1-3:106\">Ecranele tactile rezistive cu 8 fire \u00eembun\u0103t\u0103\u021besc experien\u021ba interac\u021biunii tactile pentru monitoarele cu ecran tactil, oferind precizie, durabilitate \u0219i accesibilitate sporite. Aceste ecrane tactile avansate utilizeaz\u0103 un design unic cu fire de detectare suplimentare, oferind mai multe avantaje fa\u021b\u0103 de ecranele tactile rezistive tradi\u021bionale cu 4 fire.<\/p>\n<p data-sourcepos=\"5:1-5:51\"><strong>Principalele caracteristici ale ecranelor tactile rezistive cu 8 fire:<\/strong><\/p>\n<ul data-sourcepos=\"7:1-7:94\">\n<li data-sourcepos=\"7:1-7:94\">\n<p data-sourcepos=\"7:3-7:186\"><strong>Acurate\u021be superioar\u0103:<\/strong> Firele de detec\u021bie suplimentare din ecranele tactile rezistive cu 8 fire permit detectarea mai precis\u0103 a atingerii, rezult\u00e2nd o experien\u021b\u0103 tactil\u0103 mai precis\u0103 \u0219i mai receptiv\u0103.<\/p>\n<\/li>\n<li data-sourcepos=\"9:1-9:103\">\n<p data-sourcepos=\"9:3-9:103\"><strong>Distorsiune de margine redus\u0103:<\/strong> Firele suplimentare ajut\u0103 la compensarea distorsiunii marginilor, o problem\u0103 comun\u0103 la monitoarele cu ecran tactil mai mari, asigur\u00e2nd o precizie tactil\u0103 constant\u0103 pe \u00eentregul ecran.<\/p>\n<\/li>\n<li data-sourcepos=\"11:1-12:0\">\n<p data-sourcepos=\"11:3-11:164\"><strong>Performan\u021b\u0103 stabil\u0103:<\/strong> Ecranele tactile rezistive cu 8 fire ofer\u0103 performan\u021be stabile chiar \u0219i \u00een medii dificile, cum ar fi cele cu lumin\u0103 ambiental\u0103 ridicat\u0103 sau praf.<\/p>\n<\/li>\n<li data-sourcepos=\"13:1-14:0\">\n<p data-sourcepos=\"13:3-13:168\"><strong>Solu\u021bie rentabil\u0103:<\/strong> Comparativ cu ecranele tactile capacitive, ecranele tactile rezistive cu 8 fire ofer\u0103 o solu\u021bie mai rentabil\u0103 pentru monitoarele tactile mari.<\/p>\n<\/li>\n<\/ul>\n<p data-sourcepos=\"15:1-15:51\"><strong>Aplica\u021bii ale ecranelor tactile rezistive cu 8 fire:<\/strong><\/p>\n<ul data-sourcepos=\"17:1-17:32\">\n<li data-sourcepos=\"17:1-17:32\">\n<p class=\"\" data-sourcepos=\"17:3-17:213\"><strong class=\"\">Panouri interactive plate:<\/strong> Ecranele tactile rezistive cu 8 fire sunt ideale pentru panourile interactive plate utilizate \u00een s\u0103li de conferin\u021be, s\u0103li de clas\u0103 \u0219i spa\u021bii publice, permi\u021b\u00e2nd colaborarea f\u0103r\u0103 \u00eentreruperi \u0219i schimbul de informa\u021bii.<\/p>\n<\/li>\n<li data-sourcepos=\"19:1-20:0\">\n<p data-sourcepos=\"19:3-19:180\"><strong>Sisteme de control industrial:<\/strong> \u00cen mediul industrial, ecranele tactile rezistive cu 8 fire ofer\u0103 o solu\u021bie fiabil\u0103 \u0219i durabil\u0103 pentru controlul utilajelor \u0219i monitorizarea proceselor.<\/p>\n<\/li>\n<li data-sourcepos=\"21:1-22:0\">\n<p data-sourcepos=\"21:3-21:217\"><strong>Chio\u0219curi pentru retail \u0219i ospitalitate:<\/strong> Ecranele tactile rezistive cu 8 fire \u00eembun\u0103t\u0103\u021besc chio\u0219curile de autoservire din mediile de retail \u0219i ospitalitate, permi\u021b\u00e2nd clien\u021bilor s\u0103 acceseze cu u\u0219urin\u021b\u0103 informa\u021bii, s\u0103 plaseze comenzi \u0219i s\u0103 efectueze pl\u0103\u021bi.<\/p>\n<\/li>\n<li data-sourcepos=\"23:1-24:0\">\n<p data-sourcepos=\"23:3-23:208\"><strong>Afi\u0219aje educa\u021bionale:<\/strong> Ecranele tactile rezistive cu 8 fire faciliteaz\u0103 experien\u021bele de \u00eenv\u0103\u021bare interactive \u00een mediile educa\u021bionale, implic\u00e2nd elevii \u00een activit\u0103\u021bi bazate pe atingere \u0219i \u00eembun\u0103t\u0103\u021bind \u00een\u021belegerea acestora.<\/p>\n<\/li>\n<\/ul>","protected":false},"excerpt":{"rendered":"<p>Ecranele tactile rezistive cu 8 fire ofer\u0103 o combina\u021bie conving\u0103toare de precizie, durabilitate \u0219i accesibilitate, f\u0103c\u00e2ndu-le o alegere preferat\u0103 pentru o gam\u0103 larg\u0103 de aplica\u021bii pentru monitoare cu ecran tactil. Acestea ofer\u0103 o solu\u021bie fiabil\u0103 \u0219i rentabil\u0103 pentru afi\u0219ajele interactive, sporind implicarea utilizatorilor \u0219i productivitatea \u00een diverse medii.<\/p>","protected":false},"featured_media":1550,"template":"","meta":[],"product_cat":[41],"product_tag":[],"_links":{"self":[{"href":"https:\/\/touchscreenmfg.com\/ro\/wp-json\/wp\/v2\/product\/1624"}],"collection":[{"href":"https:\/\/touchscreenmfg.com\/ro\/wp-json\/wp\/v2\/product"}],"about":[{"href":"https:\/\/touchscreenmfg.com\/ro\/wp-json\/wp\/v2\/types\/product"}],"wp:featuredmedia":[{"embeddable":true,"href":"https:\/\/touchscreenmfg.com\/ro\/wp-json\/wp\/v2\/media\/1550"}],"wp:attachment":[{"href":"https:\/\/touchscreenmfg.com\/ro\/wp-json\/wp\/v2\/media?parent=1624"}],"wp:term":[{"taxonomy":"product_cat","embeddable":true,"href":"https:\/\/touchscreenmfg.com\/ro\/wp-json\/wp\/v2\/product_cat?post=1624"},{"taxonomy":"product_tag","embeddable":true,"href":"https:\/\/touchscreenmfg.com\/ro\/wp-json\/wp\/v2\/product_tag?post=1624"}],"curies":[{"name":"wp","href":"https:\/\/api.w.org\/{rel}","templated":true}]}}