{"id":1621,"date":"2024-06-29T01:06:11","date_gmt":"2024-06-29T01:06:11","guid":{"rendered":"https:\/\/touchscreenmfg.com\/manufacturer\/pdp-display-cover-glass\/"},"modified":"2024-06-29T02:20:27","modified_gmt":"2024-06-29T02:20:27","slug":"pdp-display-cover-glass","status":"publish","type":"product","link":"https:\/\/touchscreenmfg.com\/ro\/pdp-display-cover-glass\/","title":{"rendered":"PDP Display Cover Glass"},"content":{"rendered":"<p data-sourcepos=\"3:1-3:86\"><strong>Proteja\u021bi ecranul PDP de zg\u00e2rieturi, str\u0103lucire \u0219i deteriorare<\/strong><\/p>\n<p data-sourcepos=\"5:1-5:157\">PDP Display Cover Glass este un strat de protec\u021bie special conceput pentru ecranul dispozitivelor de jocuri PDP. Acesta ar putea oferi urm\u0103toarele caracteristici:<\/p>\n<ul data-sourcepos=\"7:1-7:36\">\n<li data-sourcepos=\"7:1-7:36\">\n<p class=\"\" data-sourcepos=\"7:3-7:285\"><strong class=\"\">Rezisten\u021b\u0103 la zg\u00e2rieturi \u0219i impact:<\/strong> La fel ca o protec\u021bie de ecran din sticl\u0103 c\u0103lit\u0103, un PDP Display Cover Glass ar avea scopul de a proteja ecranul de zg\u00e2rieturi, zg\u00e2rieturi \u0219i impacturi accidentale. Acest lucru este deosebit de important pentru dispozitivele portabile de jocuri care sunt mai predispuse la lovituri \u0219i c\u0103deri.<\/p>\n<\/li>\n<li data-sourcepos=\"9:1-10:0\">\n<p data-sourcepos=\"9:3-9:168\"><strong>Claritate sporit\u0103:<\/strong> O sticl\u0103 de acoperire a ecranului PDP de \u00eenalt\u0103 calitate trebuie s\u0103 men\u021bin\u0103 o claritate optic\u0103 excelent\u0103, asigur\u00e2nd c\u0103 imaginile din jocuri r\u0103m\u00e2n clare \u0219i nedistorsionate.<\/p>\n<\/li>\n<li data-sourcepos=\"11:1-12:0\">\n<p data-sourcepos=\"11:3-11:242\"><strong>Rezisten\u021b\u0103 la str\u0103lucire:<\/strong> Dac\u0103 dispozitivul de jocuri PDP are un ecran lucios, o sticl\u0103 PDP Display Cover Glass rezistent\u0103 la str\u0103lucire ar putea ajuta la minimizarea reflexiilor de la sursele de lumin\u0103 ambiental\u0103, \u00eembun\u0103t\u0103\u021bind vizibilitatea ecranului, \u00een special \u00een medii puternic iluminate.<\/p>\n<\/li>\n<li data-sourcepos=\"13:1-13:44\">\n<p data-sourcepos=\"13:3-13:44\"><strong>Compatibilitate tactil\u0103:<\/strong> \u00cen cazul \u00een care dispozitivul de jocuri PDP are un ecran tactil, sticla de acoperire ar trebui s\u0103 fie proiectat\u0103 pentru a fi compatibil\u0103 cu ecranul tactil, permi\u021b\u00e2nd interac\u021biunea perfect\u0103 cu ecranul tactil.<\/p>\n<\/li>\n<\/ul>","protected":false},"excerpt":{"rendered":"<p>PDP Display Cover Glass ar putea fi un accesoriu valoros pentru juc\u0103torii care doresc s\u0103 protejeze ecranul dispozitivului lor \u0219i s\u0103 men\u021bin\u0103 o experien\u021b\u0103 de joc optim\u0103.<\/p>","protected":false},"featured_media":1582,"template":"","meta":[],"product_cat":[15],"product_tag":[],"_links":{"self":[{"href":"https:\/\/touchscreenmfg.com\/ro\/wp-json\/wp\/v2\/product\/1621"}],"collection":[{"href":"https:\/\/touchscreenmfg.com\/ro\/wp-json\/wp\/v2\/product"}],"about":[{"href":"https:\/\/touchscreenmfg.com\/ro\/wp-json\/wp\/v2\/types\/product"}],"wp:featuredmedia":[{"embeddable":true,"href":"https:\/\/touchscreenmfg.com\/ro\/wp-json\/wp\/v2\/media\/1582"}],"wp:attachment":[{"href":"https:\/\/touchscreenmfg.com\/ro\/wp-json\/wp\/v2\/media?parent=1621"}],"wp:term":[{"taxonomy":"product_cat","embeddable":true,"href":"https:\/\/touchscreenmfg.com\/ro\/wp-json\/wp\/v2\/product_cat?post=1621"},{"taxonomy":"product_tag","embeddable":true,"href":"https:\/\/touchscreenmfg.com\/ro\/wp-json\/wp\/v2\/product_tag?post=1621"}],"curies":[{"name":"wp","href":"https:\/\/api.w.org\/{rel}","templated":true}]}}