{"id":1620,"date":"2024-06-29T01:06:11","date_gmt":"2024-06-29T01:06:11","guid":{"rendered":"https:\/\/touchscreenmfg.com\/manufacturer\/anti-reflective-glass\/"},"modified":"2024-06-29T02:25:34","modified_gmt":"2024-06-29T02:25:34","slug":"anti-reflective-glass","status":"publish","type":"product","link":"https:\/\/touchscreenmfg.com\/ro\/anti-reflective-glass\/","title":{"rendered":"Sticl\u0103 anti-reflexiv\u0103"},"content":{"rendered":"<h2 class=\"\" data-sourcepos=\"1:1-1:93\">Sticl\u0103 antireflex: Sporirea clarit\u0103\u021bii \u0219i reducerea str\u0103lucirii pentru o experien\u021b\u0103 vizual\u0103 superioar\u0103<\/h2>\n<p data-sourcepos=\"3:1-3:52\">Sticla antireflectorizant\u0103, cunoscut\u0103 \u0219i ca sticl\u0103 antiorbire sau sticl\u0103 nereflectorizant\u0103, este un tip de sticl\u0103 tratat\u0103 cu un strat special pentru a minimiza reflexiile \u0219i a \u00eembun\u0103t\u0103\u021bi transmisia luminii. Acest strat \u00eentrerupe reflexia undelor luminoase, reduc\u00e2nd cantitatea de str\u0103lucire \u0219i reflexii nedorite care pot \u00eempiedica vizionarea clar\u0103.<\/p>\n<p data-sourcepos=\"5:1-5:42\"><strong>Principalele caracteristici ale sticlei antireflex:<\/strong><\/p>\n<ul data-sourcepos=\"7:1-7:23\">\n<li data-sourcepos=\"7:1-7:23\">\n<p data-sourcepos=\"7:3-7:165\"><strong>Claritate sporit\u0103:<\/strong> Sticla AR reduce semnificativ reflexiile de suprafa\u021b\u0103, permi\u021b\u00e2nd o vizualizare mai clar\u0103 \u0219i mai precis\u0103 a obiectelor sau imaginilor din spatele sticlei.<\/p>\n<\/li>\n<li data-sourcepos=\"9:1-9:46\">\n<p data-sourcepos=\"9:3-9:46\"><strong>Reducerea tensiunii oculare:<\/strong> Prin minimizarea str\u0103lucirii, sticla AR ajut\u0103 la reducerea oboselii ochilor, f\u0103c\u00e2nd mai confortabil\u0103 vizionarea ecranelor, display-urilor \u0219i a altor suprafe\u021be de sticl\u0103 pentru perioade lungi de timp.<\/p>\n<\/li>\n<li data-sourcepos=\"11:1-12:0\">\n<p data-sourcepos=\"11:3-11:135\"><strong>\u00cembun\u0103t\u0103\u021birea calit\u0103\u021bii imaginii:<\/strong> Sticla AR \u00eembun\u0103t\u0103\u021be\u0219te calitatea general\u0103 a imaginii prin reducerea reflexiilor care pot distorsiona sau \u00eentuneca vederea.<\/p>\n<\/li>\n<\/ul>\n<p data-sourcepos=\"13:1-13:42\"><strong>Aplica\u021bii ale sticlei antireflex:<\/strong><\/p>\n<ul data-sourcepos=\"15:1-17:28\">\n<li data-sourcepos=\"15:1-16:0\">\n<p data-sourcepos=\"15:3-15:165\"><strong>Ochelari:<\/strong> Acoperirile AR sunt utilizate \u00een mod obi\u0219nuit \u00een ochelarii de vedere \u0219i de soare pentru a reduce str\u0103lucirea de la lumina soarelui, faruri \u0219i alte surse, \u00eembun\u0103t\u0103\u021bind vederea \u0219i confortul.<\/p>\n<\/li>\n<li data-sourcepos=\"17:1-17:28\">\n<p data-sourcepos=\"17:3-17:28\"><strong>Dispozitive electronice:<\/strong> Sticla AR este utilizat\u0103 pe scar\u0103 larg\u0103 \u00een smartphone-uri, tablete, laptopuri \u0219i alte dispozitive electronice pentru a spori claritatea ecranului \u0219i a reduce oboseala ochilor.<\/p>\n<\/li>\n<li data-sourcepos=\"19:1-20:0\">\n<p data-sourcepos=\"19:3-19:163\"><strong>Expozi\u021bii \u00een muzee \u0219i galerii:<\/strong> Sticla AR este utilizat\u0103 \u00een muzee \u0219i galerii pentru a proteja operele de art\u0103 de reflexii \u0219i pentru a oferi o imagine mai clar\u0103 vizitatorilor.<\/p>\n<\/li>\n<li data-sourcepos=\"21:1-22:0\">\n<p data-sourcepos=\"21:3-21:157\"><strong>Aplica\u021bii arhitecturale:<\/strong> Sticla AR poate fi utilizat\u0103 \u00een ferestre, luminatoare \u0219i alte elemente arhitecturale pentru a reduce str\u0103lucirea \u0219i a \u00eembun\u0103t\u0103\u021bi eficien\u021ba energetic\u0103.<\/p>\n<\/li>\n<\/ul>\n<p data-sourcepos=\"23:1-23:316\"><strong>Sticl\u0103 temperat\u0103 anti-reflexiv\u0103<\/strong> este un tip de sticl\u0103 AR care este, de asemenea, \u00eent\u0103rit\u0103 printr-un proces de temperare, ceea ce o face mai rezistent\u0103 la rupere \u0219i zg\u00e2rieturi. Aceast\u0103 combina\u021bie de propriet\u0103\u021bi antireflexive \u0219i de protec\u021bie o face alegerea ideal\u0103 pentru aplica\u021biile \u00een care at\u00e2t claritatea, c\u00e2t \u0219i durabilitatea sunt esen\u021biale.<\/p>\n<p data-sourcepos=\"25:1-25:141\"><strong>Sticl\u0103 anti-reflex<\/strong> este un alt termen pentru sticla anti-reflexiv\u0103. Este adesea utilizat \u00een mod interschimbabil cu \"sticl\u0103 AR\" \u0219i \"sticl\u0103 nereflectorizant\u0103\".<\/p>","protected":false},"excerpt":{"rendered":"<p>Sticla antireflex este o tehnologie valoroas\u0103 care ofer\u0103 beneficii semnificative pentru diverse aplica\u021bii. Aceasta spore\u0219te claritatea, reduce str\u0103lucirea \u0219i \u00eembun\u0103t\u0103\u021be\u0219te estetica, f\u0103c\u00e2nd-o o alegere preferat\u0103 pentru situa\u021biile \u00een care vizibilitatea optim\u0103 \u0219i experien\u021ba utilizatorului sunt esen\u021biale.<\/p>","protected":false},"featured_media":1581,"template":"","meta":[],"product_cat":[15],"product_tag":[],"_links":{"self":[{"href":"https:\/\/touchscreenmfg.com\/ro\/wp-json\/wp\/v2\/product\/1620"}],"collection":[{"href":"https:\/\/touchscreenmfg.com\/ro\/wp-json\/wp\/v2\/product"}],"about":[{"href":"https:\/\/touchscreenmfg.com\/ro\/wp-json\/wp\/v2\/types\/product"}],"wp:featuredmedia":[{"embeddable":true,"href":"https:\/\/touchscreenmfg.com\/ro\/wp-json\/wp\/v2\/media\/1581"}],"wp:attachment":[{"href":"https:\/\/touchscreenmfg.com\/ro\/wp-json\/wp\/v2\/media?parent=1620"}],"wp:term":[{"taxonomy":"product_cat","embeddable":true,"href":"https:\/\/touchscreenmfg.com\/ro\/wp-json\/wp\/v2\/product_cat?post=1620"},{"taxonomy":"product_tag","embeddable":true,"href":"https:\/\/touchscreenmfg.com\/ro\/wp-json\/wp\/v2\/product_tag?post=1620"}],"curies":[{"name":"wp","href":"https:\/\/api.w.org\/{rel}","templated":true}]}}