{"id":1619,"date":"2024-06-29T01:06:11","date_gmt":"2024-06-29T01:06:11","guid":{"rendered":"https:\/\/touchscreenmfg.com\/manufacturer\/aio-pc-cover-glass\/"},"modified":"2024-06-29T02:32:50","modified_gmt":"2024-06-29T02:32:50","slug":"aio-pc-cover-glass","status":"publish","type":"product","link":"https:\/\/touchscreenmfg.com\/ro\/aio-pc-cover-glass\/","title":{"rendered":"Sticl\u0103 de acoperire PC AIO"},"content":{"rendered":"<h2 class=\"\" data-sourcepos=\"3:1-3:89\">AIO PC Cover Glass: \u00cembun\u0103t\u0103\u021bi\u021bi estetica PC-ului dvs. AIO cu protec\u021bie elegant\u0103 \u0219i elegant\u0103<\/h2>\n<p data-sourcepos=\"5:1-5:54\">AIO PC Cover Glass, cunoscut \u0219i ca 3D Cover Glass, este un panou de sticl\u0103 premium conceput pentru a \u00eembun\u0103t\u0103\u021bi aspectul \u0219i a proteja PC-ul All-in-One (AIO). Aceste capace de sticl\u0103 elegante ofer\u0103 o combina\u021bie unic\u0103 de atrac\u021bie estetic\u0103 \u0219i beneficii func\u021bionale, transform\u00e2nd PC-ul AIO \u00eentr-o pies\u0103 central\u0103 a spa\u021biului dvs. de lucru sau a configura\u021biei de divertisment acas\u0103.<\/p>\n<p data-sourcepos=\"7:1-7:39\"><strong>Caracteristici principale :<\/strong><\/p>\n<ul data-sourcepos=\"9:1-9:9\">\n<li data-sourcepos=\"9:1-9:9\">\n<p data-sourcepos=\"9:3-9:199\"><strong>Design elegant \u0219i modern:<\/strong> AIO PC Cover Glass are un design elegant \u0219i modern care completeaz\u0103 estetica minimalist\u0103 a PC-urilor AIO, ad\u0103ug\u00e2nd o not\u0103 de elegan\u021b\u0103 \u0219i sofisticare configura\u021biei dvs.<\/p>\n<\/li>\n<li data-sourcepos=\"11:1-12:0\">\n<p data-sourcepos=\"11:3-11:189\"><strong>Atrac\u021bie vizual\u0103 \u00eembun\u0103t\u0103\u021bit\u0103:<\/strong> Sticla transparent\u0103 permite componentelor interne ale PC-ului AIO s\u0103 str\u0103luceasc\u0103, cre\u00e2nd un efect vizual uimitor care pune \u00een eviden\u021b\u0103 tehnologia din interior.<\/p>\n<\/li>\n<li data-sourcepos=\"13:1-13:125\">\n<p data-sourcepos=\"13:3-13:125\"><strong>Design cu margini 3D:<\/strong> Multe panouri de sticl\u0103 pentru acoperirea PC-urilor AIO au un design cu margini 3D care se curbeaz\u0103 gra\u021bios \u00een jurul marginilor PC-ului AIO, oferind un aspect neted \u0219i rafinat.<\/p>\n<\/li>\n<li data-sourcepos=\"15:1-16:0\">\n<p data-sourcepos=\"15:3-15:211\"><strong>Rezisten\u021b\u0103 la zg\u00e2rieturi \u0219i impact:<\/strong> De obicei, este fabricat din sticl\u0103 c\u0103lit\u0103, care este foarte rezistent\u0103 la zg\u00e2rieturi, impacturi \u0219i amprente, asigur\u00e2nd o protec\u021bie de lung\u0103 durat\u0103 pentru PC-ul dvs. AIO.<\/p>\n<\/li>\n<\/ul>\n<p data-sourcepos=\"17:1-17:39\"><strong>Aplica\u021bii:<\/strong><\/p>\n<ul data-sourcepos=\"19:1-24:0\">\n<li data-sourcepos=\"19:1-20:0\">\n<p data-sourcepos=\"19:3-19:171\"><strong>PC-uri AIO:<\/strong> Sticla de acoperire pentru PC AIO este special conceput\u0103 pentru PC-urile AIO, oferind o potrivire perfect\u0103 \u0219i \u00eembun\u0103t\u0103\u021bind aspectul general al acestor computere desktop compacte.<\/p>\n<\/li>\n<li data-sourcepos=\"21:1-22:0\">\n<p data-sourcepos=\"21:3-21:207\"><strong>Acas\u0103 Centre de divertisment:<\/strong> PC-urile AIO sunt adesea utilizate ca parte a centrelor de divertisment \u0219i pot spori aspectul estetic al acestor configura\u021bii, f\u0103c\u00e2ndu-le un punct central al camerei.<\/p>\n<\/li>\n<li data-sourcepos=\"23:1-24:0\">\n<p data-sourcepos=\"23:3-23:174\"><strong>Spa\u021bii de lucru:<\/strong> PC-urile AIO devin, de asemenea, din ce \u00een ce mai populare \u00een spa\u021biile de lucru, iar capacul de sticl\u0103 pentru PC-uri AIO poate ad\u0103uga o not\u0103 de profesionalism \u0219i stil oric\u0103rui mediu de birou.<\/p>\n<\/li>\n<\/ul>","protected":false},"excerpt":{"rendered":"<p>AIO PC Cover Glass este un accesoriu valoros pentru orice AIO PC, oferind o combina\u021bie de \u00eembun\u0103t\u0103\u021bire estetic\u0103 \u0219i protec\u021bie func\u021bional\u0103. Cu designul s\u0103u elegant, detaliile marginilor 3D \u0219i propriet\u0103\u021bile rezistente la zg\u00e2rieturi, AIO PC Cover Glass transform\u0103 PC-ul AIO \u00eentr-o pies\u0103 elegant\u0103 \u0219i protejat\u0103.<\/p>","protected":false},"featured_media":1580,"template":"","meta":[],"product_cat":[15],"product_tag":[],"_links":{"self":[{"href":"https:\/\/touchscreenmfg.com\/ro\/wp-json\/wp\/v2\/product\/1619"}],"collection":[{"href":"https:\/\/touchscreenmfg.com\/ro\/wp-json\/wp\/v2\/product"}],"about":[{"href":"https:\/\/touchscreenmfg.com\/ro\/wp-json\/wp\/v2\/types\/product"}],"wp:featuredmedia":[{"embeddable":true,"href":"https:\/\/touchscreenmfg.com\/ro\/wp-json\/wp\/v2\/media\/1580"}],"wp:attachment":[{"href":"https:\/\/touchscreenmfg.com\/ro\/wp-json\/wp\/v2\/media?parent=1619"}],"wp:term":[{"taxonomy":"product_cat","embeddable":true,"href":"https:\/\/touchscreenmfg.com\/ro\/wp-json\/wp\/v2\/product_cat?post=1619"},{"taxonomy":"product_tag","embeddable":true,"href":"https:\/\/touchscreenmfg.com\/ro\/wp-json\/wp\/v2\/product_tag?post=1619"}],"curies":[{"name":"wp","href":"https:\/\/api.w.org\/{rel}","templated":true}]}}