{"id":1617,"date":"2024-06-29T01:06:11","date_gmt":"2024-06-29T01:06:11","guid":{"rendered":"https:\/\/touchscreenmfg.com\/manufacturer\/gaming-glass\/"},"modified":"2024-06-29T02:51:17","modified_gmt":"2024-06-29T02:51:17","slug":"gaming-glass","status":"publish","type":"product","link":"https:\/\/touchscreenmfg.com\/ro\/gaming-glass\/","title":{"rendered":"Sticl\u0103 pentru jocuri"},"content":{"rendered":"<h2 class=\"\" data-sourcepos=\"1:1-1:81\">Sticl\u0103 pentru jocuri: \u00cembun\u0103t\u0103\u021bi\u021bi-v\u0103 experien\u021ba de joc cu protec\u021bie pentru ochi \u0219i confort<\/h2>\n<p data-sourcepos=\"3:1-3:118\">Ochelarii pentru jocuri, cunoscu\u021bi \u0219i sub denumirea de ochelari pentru gameri, sunt ochelari special concepu\u021bi pentru a \u00eembun\u0103t\u0103\u021bi confortul \u0219i a reduce oboseala ochilor \u00een timpul sesiunilor prelungite de jocuri. Ace\u0219ti ochelari prezint\u0103 de obicei mai multe caracteristici cheie care r\u0103spund nevoilor specifice ale juc\u0103torilor.<\/p>\n<p data-sourcepos=\"5:1-5:35\"><strong>Caracteristici principale:<\/strong><\/p>\n<ul data-sourcepos=\"7:1-9:66\">\n<li data-sourcepos=\"7:1-8:0\">\n<p data-sourcepos=\"7:3-7:300\"><strong>Lentile care blocheaz\u0103 lumina albastr\u0103:<\/strong> Acestea \u00eencorporeaz\u0103 adesea lentile de blocare a luminii albastre care filtreaz\u0103 o parte din lumina albastr\u0103 emis\u0103 de ecranele digitale. Lumina albastr\u0103 poate perturba tiparele de somn \u0219i poate contribui la oboseala ochilor, astfel \u00eenc\u00e2t reducerea expunerii poate spori confortul \u0219i bun\u0103starea general\u0103.<\/p>\n<\/li>\n<li data-sourcepos=\"9:1-9:66\">\n<p data-sourcepos=\"9:3-9:66\"><strong>Acoperire anti-orbire:<\/strong> De obicei, acesta are un strat anti-orbire care minimizeaz\u0103 reflexiile de la sursele de lumin\u0103 ambiental\u0103, reduc\u00e2nd oboseala ochilor \u0219i \u00eembun\u0103t\u0103\u021bind vizibilitatea ecranului, \u00een special \u00een medii slab iluminate.<\/p>\n<\/li>\n<li data-sourcepos=\"11:1-12:0\">\n<p data-sourcepos=\"11:3-11:176\"><strong>Rame confortabile:<\/strong> Acestea sunt de obicei proiectate cu rame u\u0219oare \u0219i confortabile pentru a minimiza greutatea \u0219i presiunea pe fa\u021b\u0103 \u00een timpul sesiunilor lungi de joc.<\/p>\n<\/li>\n<li data-sourcepos=\"13:1-14:0\">\n<p data-sourcepos=\"13:3-13:159\"><strong>Varietate de stiluri:<\/strong> Acestea sunt disponibile \u00eentr-o gam\u0103 larg\u0103 de stiluri pentru a se potrivi diferitelor preferin\u021be, de la modele elegante \u0219i moderne la rame mai tradi\u021bionale.<\/p>\n<\/li>\n<\/ul>\n<p data-sourcepos=\"15:1-15:35\"><strong>Aplica\u021bii:<\/strong><\/p>\n<ul data-sourcepos=\"17:1-19:78\">\n<li data-sourcepos=\"17:1-18:0\">\n<p data-sourcepos=\"17:3-17:119\"><strong>Jocuri PC:<\/strong> Acestea sunt utilizate \u00een principal de juc\u0103torii pe PC care petrec perioade \u00eendelungate holb\u00e2ndu-se la ecranul calculatorului.<\/p>\n<\/li>\n<li data-sourcepos=\"19:1-19:78\">\n<p data-sourcepos=\"19:3-19:78\"><strong>Jocuri pe consol\u0103:<\/strong> Juc\u0103torii care se joac\u0103 pe console pot beneficia, de asemenea, de ochelari de gaming, mai ales dac\u0103 joac\u0103 \u00een camere \u00eentunecate sau timp de multe ore.<\/p>\n<\/li>\n<li data-sourcepos=\"21:1-22:0\">\n<p data-sourcepos=\"21:3-21:166\"><strong>Jocuri competitive:<\/strong> Juc\u0103torii profesioni\u0219ti \u0219i competitivi folosesc adesea ochelari de gaming pentru a men\u021bine concentrarea optim\u0103 \u0219i a reduce oboseala ochilor \u00een timpul sesiunilor intense de joc.<\/p>\n<\/li>\n<\/ul>","protected":false},"excerpt":{"rendered":"<p>Gaming Glass sunt protec\u021bii din sticl\u0103 c\u0103lit\u0103 concepute special pentru dispozitivele de jocuri.Ca \u0219i protec\u021biile obi\u0219nuite din sticl\u0103 c\u0103lit\u0103, acestea au scopul de a proteja ecranul delicat al unui dispozitiv de jocuri de zg\u00e2rieturi \u0219i impacturi.<\/p>","protected":false},"featured_media":1578,"template":"","meta":[],"product_cat":[15],"product_tag":[],"_links":{"self":[{"href":"https:\/\/touchscreenmfg.com\/ro\/wp-json\/wp\/v2\/product\/1617"}],"collection":[{"href":"https:\/\/touchscreenmfg.com\/ro\/wp-json\/wp\/v2\/product"}],"about":[{"href":"https:\/\/touchscreenmfg.com\/ro\/wp-json\/wp\/v2\/types\/product"}],"wp:featuredmedia":[{"embeddable":true,"href":"https:\/\/touchscreenmfg.com\/ro\/wp-json\/wp\/v2\/media\/1578"}],"wp:attachment":[{"href":"https:\/\/touchscreenmfg.com\/ro\/wp-json\/wp\/v2\/media?parent=1617"}],"wp:term":[{"taxonomy":"product_cat","embeddable":true,"href":"https:\/\/touchscreenmfg.com\/ro\/wp-json\/wp\/v2\/product_cat?post=1617"},{"taxonomy":"product_tag","embeddable":true,"href":"https:\/\/touchscreenmfg.com\/ro\/wp-json\/wp\/v2\/product_tag?post=1617"}],"curies":[{"name":"wp","href":"https:\/\/api.w.org\/{rel}","templated":true}]}}