{"id":1616,"date":"2024-06-29T01:06:11","date_gmt":"2024-06-29T01:06:11","guid":{"rendered":"https:\/\/touchscreenmfg.com\/manufacturer\/3d-cover-glass\/"},"modified":"2024-06-29T03:02:20","modified_gmt":"2024-06-29T03:02:20","slug":"3d-cover-glass","status":"publish","type":"product","link":"https:\/\/touchscreenmfg.com\/ro\/3d-cover-glass\/","title":{"rendered":"Sticl\u0103 de acoperire 3D"},"content":{"rendered":"<h2 class=\"\" data-sourcepos=\"1:1-1:67\">Sticl\u0103 de acoperire 3D: Modelarea viitorului ecranelor elegante \u0219i durabile<\/h2>\n<p data-sourcepos=\"3:1-3:68\">Sticla de acoperire 3D, cunoscut\u0103 \u0219i ca sticl\u0103 de acoperire curbat\u0103, este un tip revolu\u021bionar de sticl\u0103 care transform\u0103 designul \u0219i func\u021bionalitatea dispozitivelor electronice. Spre deosebire de sticla de acoperire plat\u0103 tradi\u021bional\u0103, aceasta are o form\u0103 curbat\u0103 care se potrive\u0219te perfect cu contururile ecranelor curbate moderne. Acest design inovator ofer\u0103 o serie de avantaje fa\u021b\u0103 de sticla de acoperire plat\u0103, f\u0103c\u00e2nd din aceasta o alegere preferat\u0103 at\u00e2t pentru produc\u0103tori, c\u00e2t \u0219i pentru consumatori.<\/p>\n<p data-sourcepos=\"5:1-5:2\"><strong>Caracteristici principale:<\/strong><\/p>\n<ul data-sourcepos=\"7:1-7:103\">\n<li data-sourcepos=\"7:1-7:103\">\n<p class=\"\" data-sourcepos=\"7:3-7:170\"><strong class=\"\">Design elegant \u0219i elegant:<\/strong> \u00cembun\u0103t\u0103\u021be\u0219te estetica dispozitivelor prin crearea unei suprafe\u021be netede, continue, care se \u00eembin\u0103 perfect cu ecranul curbat.<\/p>\n<\/li>\n<li data-sourcepos=\"9:1-10:0\">\n<p data-sourcepos=\"9:3-9:177\"><strong>Durabilitate sporit\u0103:<\/strong> Forma curbat\u0103 a sticlei de acoperire 3D ofer\u0103 un suport structural mai bun, f\u0103c\u00e2nd-o mai rezistent\u0103 la impacturi \u0219i zg\u00e2rieturi \u00een compara\u021bie cu sticla de acoperire plat\u0103.<\/p>\n<\/li>\n<li data-sourcepos=\"11:1-12:0\">\n<p data-sourcepos=\"11:3-11:160\"><strong>Afi\u0219aj Edge-to-Edge \u00eembun\u0103t\u0103\u021bit:<\/strong> Acesta permite afi\u0219area de la margine la margine, maximiz\u00e2nd zona de vizualizare \u0219i cre\u00e2nd o experien\u021b\u0103 de utilizare mai captivant\u0103.<\/p>\n<\/li>\n<li data-sourcepos=\"13:1-13:105\">\n<p data-sourcepos=\"13:3-13:105\"><strong>Compatibilitate touchscreen:<\/strong> Este pe deplin compatibil cu tehnologia touchscreen, asigur\u00e2nd o interac\u021biune tactil\u0103 f\u0103r\u0103 \u00eentreruperi.<\/p>\n<\/li>\n<\/ul>\n<p data-sourcepos=\"15:1-15:35\"><strong>Aplica\u021bii:<\/strong><\/p>\n<ul data-sourcepos=\"17:1-24:0\">\n<li data-sourcepos=\"17:1-18:0\">\n<p data-sourcepos=\"17:3-17:135\"><strong>Smartphone-uri:<\/strong> Este utilizat pe scar\u0103 larg\u0103 \u00een smartphone-urile high-end, contribuind la designul lor elegant \u0219i la construc\u021bia durabil\u0103.<\/p>\n<\/li>\n<li data-sourcepos=\"19:1-20:0\">\n<p data-sourcepos=\"19:3-19:118\"><strong>Tablete:<\/strong> Tabletele \u00eencorporeaz\u0103 din ce \u00een ce mai mult sticl\u0103 de acoperire 3D pentru ecranele lor mai mari \u0219i pentru experien\u021ba \u00eembun\u0103t\u0103\u021bit\u0103 a utilizatorului.<\/p>\n<\/li>\n<li data-sourcepos=\"21:1-22:0\">\n<p data-sourcepos=\"21:3-21:113\"><strong>Laptopuri:<\/strong> Unele laptopuri premium dispun de 3D Cover Glass pentru ecranele lor tactile \u0219i estetica elegant\u0103.<\/p>\n<\/li>\n<li data-sourcepos=\"23:1-24:0\">\n<p data-sourcepos=\"23:3-23:146\"><strong>Ceasuri inteligente:<\/strong>Acesta se reg\u0103se\u0219te \u00een ceasurile inteligente, oferind o acoperire mai durabil\u0103 \u0219i mai atr\u0103g\u0103toare din punct de vedere vizual pentru ecranele acestora.<\/p>\n<\/li>\n<\/ul>","protected":false},"excerpt":{"rendered":"<p>Sticla de acoperire 3D schimb\u0103 regulile jocului \u00een lumea dispozitivelor electronice, oferind o combina\u021bie de design elegant, durabilitate sporit\u0103 \u0219i capacit\u0103\u021bi de afi\u0219are \u00eembun\u0103t\u0103\u021bite. Pe m\u0103sur\u0103 ce tehnologia avanseaz\u0103, este pe cale s\u0103 devin\u0103 \u0219i mai r\u0103sp\u00e2ndit\u0103, model\u00e2nd viitorul smartphone-urilor, tabletelor, laptopurilor \u0219i al altor dispozitive.<\/p>","protected":false},"featured_media":1577,"template":"","meta":[],"product_cat":[15],"product_tag":[],"_links":{"self":[{"href":"https:\/\/touchscreenmfg.com\/ro\/wp-json\/wp\/v2\/product\/1616"}],"collection":[{"href":"https:\/\/touchscreenmfg.com\/ro\/wp-json\/wp\/v2\/product"}],"about":[{"href":"https:\/\/touchscreenmfg.com\/ro\/wp-json\/wp\/v2\/types\/product"}],"wp:featuredmedia":[{"embeddable":true,"href":"https:\/\/touchscreenmfg.com\/ro\/wp-json\/wp\/v2\/media\/1577"}],"wp:attachment":[{"href":"https:\/\/touchscreenmfg.com\/ro\/wp-json\/wp\/v2\/media?parent=1616"}],"wp:term":[{"taxonomy":"product_cat","embeddable":true,"href":"https:\/\/touchscreenmfg.com\/ro\/wp-json\/wp\/v2\/product_cat?post=1616"},{"taxonomy":"product_tag","embeddable":true,"href":"https:\/\/touchscreenmfg.com\/ro\/wp-json\/wp\/v2\/product_tag?post=1616"}],"curies":[{"name":"wp","href":"https:\/\/api.w.org\/{rel}","templated":true}]}}