{"id":1615,"date":"2024-06-29T01:06:11","date_gmt":"2024-06-29T01:06:11","guid":{"rendered":"https:\/\/touchscreenmfg.com\/manufacturer\/chemically-tempered-cover-glass\/"},"modified":"2024-06-29T03:26:40","modified_gmt":"2024-06-29T03:26:40","slug":"chemically-tempered-cover-glass","status":"publish","type":"product","link":"https:\/\/touchscreenmfg.com\/ro\/chemically-tempered-cover-glass\/","title":{"rendered":"Sticl\u0103 de acoperire temperat\u0103 chimic"},"content":{"rendered":"<h2 class=\"\" data-sourcepos=\"1:1-1:91\">Sticl\u0103 de acoperire c\u0103lit\u0103 chimic: Sporirea durabilit\u0103\u021bii \u0219i clarit\u0103\u021bii dispozitivelor electronice<\/h2>\n<p data-sourcepos=\"3:1-3:72\">Sticla de acoperire c\u0103lit\u0103 chimic, cunoscut\u0103 \u0219i sub denumirea de sticl\u0103 schimbat\u0103 cu ioni, este un tip de sticl\u0103 care a fost supus\u0103 unui tratament chimic pentru a-i spori rezisten\u021ba \u0219i durabilitatea. Acest proces, care implic\u0103 de obicei schimbul de ioni de sodiu din sticl\u0103 cu ioni de potasiu, creeaz\u0103 un strat de stres compresiv pe suprafa\u021b\u0103, f\u0103c\u00e2nd sticla mai rezistent\u0103 la zg\u00e2rieturi, impact \u0219i \u0219oc termic.<\/p>\n<p data-sourcepos=\"5:1-5:49\"><strong>Caracteristici principale:<\/strong><\/p>\n<ul data-sourcepos=\"7:1-9:1\">\n<li data-sourcepos=\"7:1-8:0\">\n<p data-sourcepos=\"7:3-7:166\"><strong>Putere sporit\u0103:<\/strong> De obicei, este de \u0219ase p\u00e2n\u0103 la opt ori mai rezistent dec\u00e2t sticla obi\u0219nuit\u0103, ceea ce \u00eel face mai pu\u021bin predispus la spargeri \u0219i zg\u00e2rieturi.<\/p>\n<\/li>\n<li data-sourcepos=\"9:1-9:1\">\n<p data-sourcepos=\"9:3-9:140\"><strong>Claritate optic\u0103:<\/strong> Procesul de schimb ionic nu modific\u0103 propriet\u0103\u021bile optice ale sticlei, p\u0103str\u00e2ndu-i transparen\u021ba \u0219i claritatea.<\/p>\n<\/li>\n<li data-sourcepos=\"11:1-12:0\">\n<p data-sourcepos=\"11:3-11:145\"><strong>Versatilitate:<\/strong> Acesta poate fi t\u0103iat \u0219i modelat \u00een diferite forme, fiind potrivit pentru o gam\u0103 larg\u0103 de aplica\u021bii.<\/p>\n<\/li>\n<li data-sourcepos=\"13:1-14:0\">\n<p data-sourcepos=\"13:3-13:163\"><strong>Sub\u021bire:<\/strong> Acesta poate fi produs \u00een sec\u021biuni mai sub\u021biri \u00een compara\u021bie cu sticla temperat\u0103 termic, permi\u021b\u00e2nd dispozitive mai u\u0219oare \u0219i mai elegante.<\/p>\n<\/li>\n<\/ul>\n<p data-sourcepos=\"15:1-15:52\"><strong>Aplica\u021bii:<\/strong><\/p>\n<ul data-sourcepos=\"17:1-19:1\">\n<li data-sourcepos=\"17:1-18:0\">\n<p data-sourcepos=\"17:3-17:184\"><strong>Smartphone-uri \u0219i tablete:<\/strong>Acesta este utilizat pe scar\u0103 larg\u0103 \u00een smartphone-uri \u0219i tablete pentru a proteja afi\u0219ajele delicate de zg\u00e2rieturi, impacturi \u0219i c\u0103deri accidentale.<\/p>\n<\/li>\n<li data-sourcepos=\"19:1-19:1\">\n<p data-sourcepos=\"19:3-19:159\"><strong>Laptopuri \u0219i dispozitive portabile:<\/strong> Laptopurile, tabletele \u0219i alte dispozitive portabile folosesc adesea sticl\u0103 de acoperire c\u0103lit\u0103 chimic pentru afi\u0219aje \u0219i ecrane tactile.<\/p>\n<\/li>\n<li data-sourcepos=\"21:1-22:0\">\n<p data-sourcepos=\"21:3-21:151\"><strong>Afi\u0219aje auto:<\/strong> Acesta este utilizat din ce \u00een ce mai mult \u00een afi\u0219ajele auto datorit\u0103 durabilit\u0103\u021bii \u0219i clarit\u0103\u021bii sale optice.<\/p>\n<\/li>\n<li data-sourcepos=\"23:1-24:0\">\n<p data-sourcepos=\"23:3-23:160\"><strong>Ceasuri inteligente \u0219i dispozitive portabile:<\/strong> Ceasurile inteligente \u0219i alte dispozitive portabile beneficiaz\u0103 de rezisten\u021ba la zg\u00e2rieturi \u0219i de for\u021ba sticlei de acoperire temperate chimic.<\/p>\n<\/li>\n<\/ul>\n<p data-sourcepos=\"25:1-25:27\"><strong>T\u0103ierea sticlei temperate:<\/strong><\/p>\n<p data-sourcepos=\"27:1-27:276\">T\u0103ierea geamului de acoperire temperat chimic necesit\u0103 tehnici \u0219i echipamente specializate din cauza rezisten\u021bei sale crescute \u0219i a poten\u021bialului de spargere \u00een cazul unei manipul\u0103ri gre\u0219ite. Serviciile profesionale de t\u0103iere a sticlei sunt recomandate pentru t\u0103ierea precis\u0103 \u0219i sigur\u0103 a geamului de acoperire temperat chimic.<\/p>","protected":false},"excerpt":{"rendered":"<p>Sticla de acoperire temperat\u0103 chimic a devenit o alegere preferat\u0103 pentru protejarea \u0219i \u00eembun\u0103t\u0103\u021birea afi\u0219ajelor diferitelor dispozitive electronice. Combina\u021bia sa de rezisten\u021b\u0103, claritate optic\u0103 \u0219i versatilitate o face o component\u0103 esen\u021bial\u0103 \u00een tehnologia modern\u0103.<\/p>","protected":false},"featured_media":1576,"template":"","meta":[],"product_cat":[15],"product_tag":[],"_links":{"self":[{"href":"https:\/\/touchscreenmfg.com\/ro\/wp-json\/wp\/v2\/product\/1615"}],"collection":[{"href":"https:\/\/touchscreenmfg.com\/ro\/wp-json\/wp\/v2\/product"}],"about":[{"href":"https:\/\/touchscreenmfg.com\/ro\/wp-json\/wp\/v2\/types\/product"}],"wp:featuredmedia":[{"embeddable":true,"href":"https:\/\/touchscreenmfg.com\/ro\/wp-json\/wp\/v2\/media\/1576"}],"wp:attachment":[{"href":"https:\/\/touchscreenmfg.com\/ro\/wp-json\/wp\/v2\/media?parent=1615"}],"wp:term":[{"taxonomy":"product_cat","embeddable":true,"href":"https:\/\/touchscreenmfg.com\/ro\/wp-json\/wp\/v2\/product_cat?post=1615"},{"taxonomy":"product_tag","embeddable":true,"href":"https:\/\/touchscreenmfg.com\/ro\/wp-json\/wp\/v2\/product_tag?post=1615"}],"curies":[{"name":"wp","href":"https:\/\/api.w.org\/{rel}","templated":true}]}}