{"id":1614,"date":"2024-06-29T01:06:11","date_gmt":"2024-06-29T01:06:11","guid":{"rendered":"https:\/\/touchscreenmfg.com\/manufacturer\/physically-tempered-cover-glass\/"},"modified":"2024-06-29T03:30:56","modified_gmt":"2024-06-29T03:30:56","slug":"physically-tempered-cover-glass","status":"publish","type":"product","link":"https:\/\/touchscreenmfg.com\/ro\/physically-tempered-cover-glass\/","title":{"rendered":"Geam de acoperire temperat fizic"},"content":{"rendered":"<h2 class=\"\" data-sourcepos=\"1:1-1:100\">Geam de acoperire temperat fizic: Protec\u021bie robust\u0103 \u0219i durabilitate sporit\u0103 pentru dispozitivele electronice<\/h2>\n<p data-sourcepos=\"3:1-3:96\">Sticla de acoperire temperat\u0103 fizic, cunoscut\u0103 \u0219i sub denumirea de sticl\u0103 temperat\u0103 termic, este un tip de sticl\u0103 care a fost supus\u0103 unui proces de tratare termic\u0103 pentru a-i spori rezisten\u021ba \u0219i durabilitatea. Acest proces, care implic\u0103 de obicei \u00eenc\u0103lzirea \u0219i r\u0103cirea rapid\u0103 a sticlei, creeaz\u0103 un strat de stres compresiv pe suprafa\u021b\u0103, f\u0103c\u00e2nd sticla mai rezistent\u0103 la zg\u00e2rieturi, impact \u0219i \u0219oc termic.<\/p>\n<p data-sourcepos=\"5:1-5:52\"><strong>Caracteristicile principale ale sticlei de acoperire temperat\u0103 fizic:<\/strong><\/p>\n<ul data-sourcepos=\"7:1-7:27\">\n<li data-sourcepos=\"7:1-7:27\">\n<p data-sourcepos=\"7:3-7:183\"><strong>Rezisten\u021b\u0103 excep\u021bional\u0103:<\/strong> Geamul de acoperire temperat fizic este de obicei de patru p\u00e2n\u0103 la cinci ori mai rezistent dec\u00e2t sticla obi\u0219nuit\u0103, oferind protec\u021bie superioar\u0103 \u00eempotriva spargerii \u0219i zg\u00e2rieturilor.<\/p>\n<\/li>\n<li data-sourcepos=\"9:1-9:54\">\n<p data-sourcepos=\"9:3-9:54\"><strong>Claritate optic\u0103:<\/strong> Procesul de tratare termic\u0103 nu modific\u0103 propriet\u0103\u021bile optice ale sticlei, men\u021bin\u00e2nd transparen\u021ba \u0219i claritatea acesteia.<\/p>\n<\/li>\n<li data-sourcepos=\"11:1-12:0\">\n<p data-sourcepos=\"11:3-11:145\"><strong>Versatilitate:<\/strong> Geamul de acoperire temperat fizic poate fi t\u0103iat \u0219i modelat \u00een diferite forme, ceea ce \u00eel face potrivit pentru o gam\u0103 larg\u0103 de aplica\u021bii.<\/p>\n<\/li>\n<li data-sourcepos=\"13:1-14:0\">\n<p data-sourcepos=\"13:3-13:171\"><strong>Op\u021biuni mai sub\u021biri:<\/strong> Sticla de acoperire temperat\u0103 fizic poate fi produs\u0103 \u00een sec\u021biuni mai sub\u021biri \u00een compara\u021bie cu sticla temperat\u0103 chimic, permi\u021b\u00e2nd dispozitive mai elegante \u0219i mai u\u0219oare.<\/p>\n<\/li>\n<\/ul>\n<p data-sourcepos=\"15:1-15:52\"><strong>Aplica\u021bii ale sticlei de acoperire temperat\u0103 fizic:<\/strong><\/p>\n<ul data-sourcepos=\"17:1-19:98\">\n<li data-sourcepos=\"17:1-18:0\">\n<p data-sourcepos=\"17:3-17:184\"><strong>Smartphone-uri \u0219i tablete:<\/strong> Geamul de acoperire temperat fizic este utilizat pe scar\u0103 larg\u0103 \u00een smartphone-uri \u0219i tablete pentru a proteja afi\u0219ajele delicate de zg\u00e2rieturi, impacturi \u0219i c\u0103deri accidentale.<\/p>\n<\/li>\n<li data-sourcepos=\"19:1-19:98\">\n<p data-sourcepos=\"19:3-19:98\"><strong>Aplica\u021bii arhitecturale:<\/strong> Sticla de acoperire c\u0103lit\u0103 fizic este utilizat\u0103 \u00een diverse aplica\u021bii arhitecturale, cum ar fi ferestre, u\u0219i \u0219i pere\u021bi desp\u0103r\u021bitori, datorit\u0103 rezisten\u021bei \u0219i siguran\u021bei sale.<\/p>\n<\/li>\n<li data-sourcepos=\"21:1-22:0\">\n<p data-sourcepos=\"21:3-21:151\"><strong>Afi\u0219aje auto:<\/strong> Sticla de acoperire temperat\u0103 fizic este din ce \u00een ce mai utilizat\u0103 \u00een afi\u0219ajele auto datorit\u0103 durabilit\u0103\u021bii \u0219i clarit\u0103\u021bii sale optice.<\/p>\n<\/li>\n<li data-sourcepos=\"23:1-24:0\">\n<p data-sourcepos=\"23:3-23:154\"><strong>Panouri pentru aparate:<\/strong> Aparatele electrocasnice, cum ar fi frigiderele \u0219i cuptoarele, utilizeaz\u0103 adesea sticl\u0103 de acoperire temperat\u0103 fizic pentru panourile de control \u0219i afi\u0219aje.<\/p>\n<\/li>\n<\/ul>\n<p data-sourcepos=\"25:1-25:28\"><strong>Procesul de c\u0103lire a sticlei:<\/strong><\/p>\n<p data-sourcepos=\"27:1-27:309\">Procesul de c\u0103lire a sticlei de acoperire temperat\u0103 fizic implic\u0103 \u00eenc\u0103lzirea sticlei la o temperatur\u0103 de aproximativ 600-700\u00b0C \u0219i apoi r\u0103cirea rapid\u0103 a acesteia cu jeturi de aer rece. Aceast\u0103 schimbare rapid\u0103 a temperaturii creeaz\u0103 un strat de stres compresiv la suprafa\u021b\u0103, f\u0103c\u00e2nd sticla mai rezistent\u0103 la stres \u0219i rupere<\/p>","protected":false},"excerpt":{"rendered":"<p>Sticla de acoperire temperat\u0103 fizic a devenit un element de baz\u0103 \u00een protec\u021bia dispozitivelor electronice \u0219i a aplica\u021biilor arhitecturale. Rezisten\u021ba sa excep\u021bional\u0103, claritatea optic\u0103 \u0219i versatilitatea o fac o component\u0103 esen\u021bial\u0103 \u00een tehnologia \u0219i construc\u021biile moderne.<\/p>","protected":false},"featured_media":1575,"template":"","meta":[],"product_cat":[15],"product_tag":[],"_links":{"self":[{"href":"https:\/\/touchscreenmfg.com\/ro\/wp-json\/wp\/v2\/product\/1614"}],"collection":[{"href":"https:\/\/touchscreenmfg.com\/ro\/wp-json\/wp\/v2\/product"}],"about":[{"href":"https:\/\/touchscreenmfg.com\/ro\/wp-json\/wp\/v2\/types\/product"}],"wp:featuredmedia":[{"embeddable":true,"href":"https:\/\/touchscreenmfg.com\/ro\/wp-json\/wp\/v2\/media\/1575"}],"wp:attachment":[{"href":"https:\/\/touchscreenmfg.com\/ro\/wp-json\/wp\/v2\/media?parent=1614"}],"wp:term":[{"taxonomy":"product_cat","embeddable":true,"href":"https:\/\/touchscreenmfg.com\/ro\/wp-json\/wp\/v2\/product_cat?post=1614"},{"taxonomy":"product_tag","embeddable":true,"href":"https:\/\/touchscreenmfg.com\/ro\/wp-json\/wp\/v2\/product_tag?post=1614"}],"curies":[{"name":"wp","href":"https:\/\/api.w.org\/{rel}","templated":true}]}}