{"id":1613,"date":"2024-06-29T01:06:11","date_gmt":"2024-06-29T01:06:11","guid":{"rendered":"https:\/\/touchscreenmfg.com\/manufacturer\/3d-bent-glass\/"},"modified":"2024-06-29T03:36:43","modified_gmt":"2024-06-29T03:36:43","slug":"3d-bent-glass","status":"publish","type":"product","link":"https:\/\/touchscreenmfg.com\/ro\/3d-bent-glass\/","title":{"rendered":"Sticl\u0103 \u00eendoit\u0103 3D"},"content":{"rendered":"<h2 class=\"\" data-sourcepos=\"1:1-1:66\">Sticl\u0103 \u00eendoit\u0103 3D: Modelarea viitorului afi\u0219ajelor elegante \u0219i durabile<\/h2>\n<p data-sourcepos=\"3:1-3:67\">Sticla curbat\u0103 3D, cunoscut\u0103 \u0219i ca sticl\u0103 curbat\u0103, este un tip revolu\u021bionar de sticl\u0103 care transform\u0103 designul \u0219i func\u021bionalitatea dispozitivelor electronice. Spre deosebire de sticla de acoperire plat\u0103 tradi\u021bional\u0103, sticla 3D curbat\u0103 are o form\u0103 curbat\u0103 care se potrive\u0219te perfect cu contururile ecranelor curbate moderne. Acest design inovator ofer\u0103 o serie de avantaje fa\u021b\u0103 de sticla de acoperire plat\u0103, f\u0103c\u00e2nd-o alegerea preferat\u0103 at\u00e2t de produc\u0103tori, c\u00e2t \u0219i de consumatori.<\/p>\n<p data-sourcepos=\"5:1-5:19\"><strong>Caracteristici principale:<\/strong><\/p>\n<ul data-sourcepos=\"7:1-7:153\">\n<li data-sourcepos=\"7:1-7:153\">\n<p class=\"\" data-sourcepos=\"7:3-7:169\"><strong class=\"\">Design elegant \u0219i elegant:<\/strong> Sticla 3D curbat\u0103 \u00eembun\u0103t\u0103\u021be\u0219te estetica dispozitivelor prin crearea unei suprafe\u021be netede, continue, care se \u00eembin\u0103 perfect cu ecranul curbat.<\/p>\n<\/li>\n<li data-sourcepos=\"9:1-10:0\">\n<p data-sourcepos=\"9:3-9:176\"><strong>Durabilitate sporit\u0103:<\/strong> Forma curbat\u0103 a sticlei 3D Bent Glass ofer\u0103 un suport structural mai bun, f\u0103c\u00e2nd-o mai rezistent\u0103 la impacturi \u0219i zg\u00e2rieturi \u00een compara\u021bie cu sticla de acoperire plat\u0103.<\/p>\n<\/li>\n<li data-sourcepos=\"11:1-12:0\">\n<p data-sourcepos=\"11:3-11:159\"><strong>Afi\u0219aj Edge-to-Edge \u00eembun\u0103t\u0103\u021bit:<\/strong> Sticla 3D Bent Glass permite afi\u0219area de la margine la margine, maximiz\u00e2nd zona de vizualizare \u0219i cre\u00e2nd o experien\u021b\u0103 de utilizare mai captivant\u0103.<\/p>\n<\/li>\n<li data-sourcepos=\"13:1-13:131\">\n<p data-sourcepos=\"13:3-13:131\"><strong>Compatibilitate touchscreen:<\/strong> Sticla 3D Bent Glass este pe deplin compatibil\u0103 cu tehnologia touchscreen, asigur\u00e2nd o interac\u021biune tactil\u0103 f\u0103r\u0103 \u00eentreruperi.<\/p>\n<\/li>\n<\/ul>\n<p data-sourcepos=\"15:1-15:27\"><strong>\u00cendoirea sticlei temperate:<\/strong><\/p>\n<p data-sourcepos=\"17:1-17:284\">Procesul de creare a sticlei \u00eendoite 3D implic\u0103 \u00eenc\u0103lzirea sticlei temperate la o temperatur\u0103 ridicat\u0103 \u0219i apoi modelarea acesteia \u00een forma dorit\u0103 folosind matri\u021be \u0219i echipamente specializate. Acest proces asigur\u0103 faptul c\u0103 sticla \u00ee\u0219i p\u0103streaz\u0103 rezisten\u021ba \u0219i durabilitatea \u00een timp ce ob\u021bine curbura dorit\u0103.<\/p>\n<p data-sourcepos=\"19:1-19:34\"><strong>Aplica\u021bii:<\/strong><\/p>\n<ul data-sourcepos=\"21:1-28:0\">\n<li data-sourcepos=\"21:1-22:0\">\n<p data-sourcepos=\"21:3-21:134\"><strong>Smartphone-uri:<\/strong> Este utilizat pe scar\u0103 larg\u0103 \u00een smartphone-urile high-end, contribuind la designul lor elegant \u0219i la construc\u021bia durabil\u0103.<\/p>\n<\/li>\n<li data-sourcepos=\"23:1-24:0\">\n<p data-sourcepos=\"23:3-23:117\"><strong>Tablete:<\/strong> Tabletele \u00eencorporeaz\u0103 din ce \u00een ce mai mult sticl\u0103 3D Bent Glass pentru afi\u0219ajele mai mari \u0219i experien\u021ba \u00eembun\u0103t\u0103\u021bit\u0103 a utilizatorului.<\/p>\n<\/li>\n<li data-sourcepos=\"25:1-26:0\">\n<p data-sourcepos=\"25:3-25:112\"><strong>Laptopuri:<\/strong> Unele laptopuri premium dispun de sticl\u0103 3D Bent Glass pentru afi\u0219ajele lor tactile \u0219i estetica elegant\u0103.<\/p>\n<\/li>\n<li data-sourcepos=\"27:1-28:0\">\n<p data-sourcepos=\"27:3-27:145\"><strong>Ceasuri inteligente:<\/strong> Acesta se reg\u0103se\u0219te \u00een ceasurile inteligente, oferind o acoperire mai durabil\u0103 \u0219i mai atr\u0103g\u0103toare din punct de vedere vizual pentru ecranele acestora.<\/p>\n<\/li>\n<\/ul>","protected":false},"excerpt":{"rendered":"<p>Sticla 3D curbat\u0103 este o schimbare \u00een lumea dispozitivelor electronice, oferind o combina\u021bie de design elegant, durabilitate sporit\u0103 \u0219i capacit\u0103\u021bi de afi\u0219are \u00eembun\u0103t\u0103\u021bite. Pe m\u0103sur\u0103 ce tehnologia avanseaz\u0103, sticla \u00eendoit\u0103 3D este pe cale s\u0103 devin\u0103 \u0219i mai r\u0103sp\u00e2ndit\u0103, model\u00e2nd viitorul smartphone-urilor, tabletelor, laptopurilor \u0219i altor dispozitive.<\/p>","protected":false},"featured_media":1574,"template":"","meta":[],"product_cat":[15],"product_tag":[],"_links":{"self":[{"href":"https:\/\/touchscreenmfg.com\/ro\/wp-json\/wp\/v2\/product\/1613"}],"collection":[{"href":"https:\/\/touchscreenmfg.com\/ro\/wp-json\/wp\/v2\/product"}],"about":[{"href":"https:\/\/touchscreenmfg.com\/ro\/wp-json\/wp\/v2\/types\/product"}],"wp:featuredmedia":[{"embeddable":true,"href":"https:\/\/touchscreenmfg.com\/ro\/wp-json\/wp\/v2\/media\/1574"}],"wp:attachment":[{"href":"https:\/\/touchscreenmfg.com\/ro\/wp-json\/wp\/v2\/media?parent=1613"}],"wp:term":[{"taxonomy":"product_cat","embeddable":true,"href":"https:\/\/touchscreenmfg.com\/ro\/wp-json\/wp\/v2\/product_cat?post=1613"},{"taxonomy":"product_tag","embeddable":true,"href":"https:\/\/touchscreenmfg.com\/ro\/wp-json\/wp\/v2\/product_tag?post=1613"}],"curies":[{"name":"wp","href":"https:\/\/api.w.org\/{rel}","templated":true}]}}