{"id":1608,"date":"2024-06-29T01:06:10","date_gmt":"2024-06-29T01:06:10","guid":{"rendered":"https:\/\/touchscreenmfg.com\/manufacturer\/touch-screen-lens\/"},"modified":"2024-06-29T03:53:36","modified_gmt":"2024-06-29T03:53:36","slug":"touch-screen-lens","status":"publish","type":"product","link":"https:\/\/touchscreenmfg.com\/ro\/touch-screen-lens\/","title":{"rendered":"Lentile cu ecran tactil"},"content":{"rendered":"<h2 class=\"\" data-sourcepos=\"3:1-3:76\">Lentile pentru ecran tactil: Protejarea \u0219i \u00eembun\u0103t\u0103\u021birea experien\u021bei ecranului tactil<\/h2>\n<p data-sourcepos=\"5:1-5:166\">Lentilele pentru ecrane tactile, cunoscute \u0219i sub denumirea de capace pentru ecrane tactile sau filme de protec\u021bie, sunt straturi transparente aplicate peste ecranele tactile pentru a le proteja de zg\u00e2rieturi, impacturi \u0219i alte deterior\u0103ri. Aceste scuturi de protec\u021bie joac\u0103 un rol crucial \u00een p\u0103strarea integrit\u0103\u021bii \u0219i func\u021bionalit\u0103\u021bii ecranelor tactile, asigur\u00e2nd o experien\u021b\u0103 de utilizare lin\u0103 \u0219i receptiv\u0103.<\/p>\n<p data-sourcepos=\"7:1-7:40\"><strong>Caracteristici principale:<\/strong><\/p>\n<ul data-sourcepos=\"9:1-9:121\">\n<li data-sourcepos=\"9:1-9:121\">\n<p class=\"\" data-sourcepos=\"9:3-9:191\"><strong class=\"\">Rezisten\u021b\u0103 la zg\u00e2rieturi:<\/strong> Lentilele ecranului tactil sunt concepute pentru a rezista zg\u00e2rieturilor cauzate de utilizarea zilnic\u0103, cum ar fi cheile, monedele \u0219i alte obiecte, prevenind deteriorarea suprafe\u021bei delicate a ecranului.<\/p>\n<\/li>\n<li data-sourcepos=\"11:1-12:0\">\n<p data-sourcepos=\"11:3-11:156\"><strong>Protec\u021bie la impact:<\/strong> Aceste folii de protec\u021bie pot absorbi \u0219i dispersa for\u021ba impactului, reduc\u00e2nd riscul de fisuri \u0219i fracturi ale ecranului tactil.<\/p>\n<\/li>\n<li data-sourcepos=\"13:1-14:0\">\n<p data-sourcepos=\"13:3-13:242\"><strong>Anti-orbire \u0219i reducere a petelor:<\/strong> Unele lentile pentru ecrane tactile au straturi antiorbire care minimizeaz\u0103 reflexiile \u0219i \u00eembun\u0103t\u0103\u021besc vizibilitatea \u00een medii luminoase. Acestea pot avea, de asemenea, propriet\u0103\u021bi anti-sudge pentru a reduce amprentele digitale \u0219i petele.<\/p>\n<\/li>\n<li data-sourcepos=\"15:1-15:56\">\n<p data-sourcepos=\"15:3-15:56\"><strong>Compatibilitate cu sensibilitatea tactil\u0103:<\/strong> Lentilele pentru ecran tactil sunt de obicei concepute pentru a men\u021bine sensibilitatea tactil\u0103 a afi\u0219ajului, asigur\u00e2nd o interac\u021biune \u0219i o receptivitate f\u0103r\u0103 \u00eentreruperi.<\/p>\n<\/li>\n<\/ul>\n<p data-sourcepos=\"17:1-17:40\"><strong>Aplica\u021bii:<\/strong><\/p>\n<ul data-sourcepos=\"19:1-26:0\">\n<li data-sourcepos=\"19:1-20:0\">\n<p data-sourcepos=\"19:3-19:154\"><strong>Smartphone-uri \u0219i tablete:<\/strong> Lentilele pentru ecran tactil sunt utilizate pe scar\u0103 larg\u0103 pe smartphone-uri \u0219i tablete pentru a proteja ecranele valoroase de uzura zilnic\u0103.<\/p>\n<\/li>\n<li data-sourcepos=\"21:1-22:0\">\n<p data-sourcepos=\"21:3-21:135\"><strong>Laptopuri \u0219i desktopuri:<\/strong> Laptopurile cu ecran tactil \u0219i desktopurile all-in-one (AIO) beneficiaz\u0103 adesea de protec\u021bia oferit\u0103 de lentilele pentru ecran tactil.<\/p>\n<\/li>\n<li data-sourcepos=\"23:1-24:0\">\n<p data-sourcepos=\"23:3-23:203\"><strong>Chio\u0219curi \u0219i afi\u0219aje interactive:<\/strong> Chio\u0219curile accesibile publicului \u0219i afi\u0219ajele interactive sunt deosebit de vulnerabile la zg\u00e2rieturi \u0219i impacturi, ceea ce face ca lentilele touch screen s\u0103 fie esen\u021biale pentru protec\u021bia acestora.<\/p>\n<\/li>\n<li data-sourcepos=\"25:1-26:0\">\n<p data-sourcepos=\"25:3-25:185\"><strong>Sisteme Point-of-Sale (POS):<\/strong> Sistemele POS cu ecran tactil se bazeaz\u0103 pe lentilele ecranului tactil pentru a-\u0219i proteja afi\u0219ajele de deterior\u0103ri, asigur\u00e2nd func\u021bionarea ne\u00eentrerupt\u0103 \u00een mediile de v\u00e2nzare cu am\u0103nuntul.<\/p>\n<\/li>\n<\/ul>","protected":false},"excerpt":{"rendered":"<p>Lentilele pentru ecrane tactile servesc ca o barier\u0103 de protec\u021bie vital\u0103 pentru ecranele tactile, prelungindu-le durata de via\u021b\u0103 \u0219i p\u0103str\u00e2ndu-le func\u021bionalitatea. Capacitatea lor de a preveni zg\u00e2rieturile, impacturile \u0219i petele asigur\u0103 o experien\u021b\u0103 de utilizare constant\u0103 \u0219i pl\u0103cut\u0103 \u00eentr-o gam\u0103 larg\u0103 de aplica\u021bii.<\/p>","protected":false},"featured_media":1568,"template":"","meta":[],"product_cat":[41],"product_tag":[],"_links":{"self":[{"href":"https:\/\/touchscreenmfg.com\/ro\/wp-json\/wp\/v2\/product\/1608"}],"collection":[{"href":"https:\/\/touchscreenmfg.com\/ro\/wp-json\/wp\/v2\/product"}],"about":[{"href":"https:\/\/touchscreenmfg.com\/ro\/wp-json\/wp\/v2\/types\/product"}],"wp:featuredmedia":[{"embeddable":true,"href":"https:\/\/touchscreenmfg.com\/ro\/wp-json\/wp\/v2\/media\/1568"}],"wp:attachment":[{"href":"https:\/\/touchscreenmfg.com\/ro\/wp-json\/wp\/v2\/media?parent=1608"}],"wp:term":[{"taxonomy":"product_cat","embeddable":true,"href":"https:\/\/touchscreenmfg.com\/ro\/wp-json\/wp\/v2\/product_cat?post=1608"},{"taxonomy":"product_tag","embeddable":true,"href":"https:\/\/touchscreenmfg.com\/ro\/wp-json\/wp\/v2\/product_tag?post=1608"}],"curies":[{"name":"wp","href":"https:\/\/api.w.org\/{rel}","templated":true}]}}